{"id":8390,"date":"2024-08-16T14:46:53","date_gmt":"2024-08-16T12:46:53","guid":{"rendered":"https:\/\/www.szen.fr\/massage\/?page_id=8390"},"modified":"2024-08-16T14:54:28","modified_gmt":"2024-08-16T12:54:28","slug":"historique-et-origine-du-massage-de-la-prostate","status":"publish","type":"page","link":"https:\/\/www.szen.fr\/massage\/le-massage-prostate\/historique-et-origine-du-massage-de-la-prostate\/","title":{"rendered":"Historique et origine du massage de la prostate"},"content":{"rendered":"\t\t<div data-elementor-type=\"wp-page\" data-elementor-id=\"8390\" class=\"elementor elementor-8390\" data-elementor-post-type=\"page\">\n\t\t\t\t\t\t\t<div class=\"elementor-element elementor-element-360632b e-flex e-con-boxed e-con e-parent\" data-id=\"360632b\" data-element_type=\"container\" data-settings=\"{&quot;content_width&quot;:&quot;boxed&quot;}\" data-core-v316-plus=\"true\">\n\t\t\t\t\t<div class=\"e-con-inner\">\n\t\t<div class=\"elementor-element elementor-element-ea0cf13 e-con-full e-flex e-con e-child\" data-id=\"ea0cf13\" data-element_type=\"container\" data-settings=\"{&quot;content_width&quot;:&quot;full&quot;}\">\n\t\t\t\t<div class=\"elementor-element elementor-element-a246298 elementor-widget elementor-widget-breadcrumbs\" data-id=\"a246298\" data-element_type=\"widget\" data-widget_type=\"breadcrumbs.default\">\n\t\t\t\t<div class=\"elementor-widget-container\">\n\t\t\t<link rel=\"stylesheet\" href=\"https:\/\/www.szen.fr\/massage\/wp-content\/plugins\/elementor-pro\/assets\/css\/widget-theme-elements.min.css\"><p id=\"breadcrumbs\"><span><span><a href=\"https:\/\/www.szen.fr\/massage\/\">Accueil<\/a><\/span><\/span><\/p>\t\t<\/div>\n\t\t\t\t<\/div>\n\t\t\t\t<div class=\"elementor-element elementor-element-a5cc0cf elementor-widget elementor-widget-image\" data-id=\"a5cc0cf\" data-element_type=\"widget\" alt=\"le massage tantrique\" data-widget_type=\"image.default\">\n\t\t\t\t<div class=\"elementor-widget-container\">\n\t\t\t<style>\/*! elementor - v3.18.0 - 08-12-2023 *\/\n.elementor-widget-image{text-align:center}.elementor-widget-image a{display:inline-block}.elementor-widget-image a img[src$=\".svg\"]{width:48px}.elementor-widget-image img{vertical-align:middle;display:inline-block}<\/style>\t\t\t\t\t\t\t\t\t\t\t\t<img fetchpriority=\"high\" decoding=\"async\" width=\"1024\" height=\"174\" src=\"https:\/\/www.szen.fr\/massage\/wp-content\/uploads\/2024\/07\/massage-prostate-1024x174.jpg\" class=\"attachment-large size-large wp-image-8363\" alt=\"\" srcset=\"https:\/\/www.szen.fr\/massage\/wp-content\/uploads\/2024\/07\/massage-prostate-1024x174.jpg 1024w, https:\/\/www.szen.fr\/massage\/wp-content\/uploads\/2024\/07\/massage-prostate-300x51.jpg 300w, https:\/\/www.szen.fr\/massage\/wp-content\/uploads\/2024\/07\/massage-prostate-768x130.jpg 768w, https:\/\/www.szen.fr\/massage\/wp-content\/uploads\/2024\/07\/massage-prostate.jpg 1120w\" sizes=\"(max-width: 1024px) 100vw, 1024px\" \/>\t\t\t\t\t\t\t\t\t\t\t\t\t\t\t<\/div>\n\t\t\t\t<\/div>\n\t\t\t\t<\/div>\n\t\t\t\t\t<\/div>\n\t\t\t\t<\/div>\n\t\t<div class=\"elementor-element elementor-element-38ac74f e-flex e-con-boxed e-con e-parent\" data-id=\"38ac74f\" data-element_type=\"container\" data-settings=\"{&quot;content_width&quot;:&quot;boxed&quot;}\" data-core-v316-plus=\"true\">\n\t\t\t\t\t<div class=\"e-con-inner\">\n\t\t<div class=\"elementor-element elementor-element-d5e1cba e-con-full e-flex e-con e-child\" data-id=\"d5e1cba\" data-element_type=\"container\" data-settings=\"{&quot;content_width&quot;:&quot;full&quot;}\">\n\t\t\t\t<div class=\"elementor-element elementor-element-5b85f3e elementor-widget elementor-widget-heading\" data-id=\"5b85f3e\" data-element_type=\"widget\" data-widget_type=\"heading.default\">\n\t\t\t\t<div class=\"elementor-widget-container\">\n\t\t\t<style>\/*! elementor - v3.18.0 - 08-12-2023 *\/\n.elementor-heading-title{padding:0;margin:0;line-height:1}.elementor-widget-heading .elementor-heading-title[class*=elementor-size-]>a{color:inherit;font-size:inherit;line-height:inherit}.elementor-widget-heading .elementor-heading-title.elementor-size-small{font-size:15px}.elementor-widget-heading .elementor-heading-title.elementor-size-medium{font-size:19px}.elementor-widget-heading .elementor-heading-title.elementor-size-large{font-size:29px}.elementor-widget-heading .elementor-heading-title.elementor-size-xl{font-size:39px}.elementor-widget-heading .elementor-heading-title.elementor-size-xxl{font-size:59px}<\/style><h2 class=\"elementor-heading-title elementor-size-default\">Le massage prostate<\/h2>\t\t<\/div>\n\t\t\t\t<\/div>\n\t\t\t\t<div class=\"elementor-element elementor-element-83107e9 elementor-icon-list--layout-traditional elementor-list-item-link-full_width elementor-widget elementor-widget-icon-list\" data-id=\"83107e9\" data-element_type=\"widget\" data-widget_type=\"icon-list.default\">\n\t\t\t\t<div class=\"elementor-widget-container\">\n\t\t\t<link rel=\"stylesheet\" href=\"https:\/\/www.szen.fr\/massage\/wp-content\/plugins\/elementor\/assets\/css\/widget-icon-list.min.css\">\t\t<ul class=\"elementor-icon-list-items\">\n\t\t\t\t\t\t\t<li class=\"elementor-icon-list-item\">\n\t\t\t\t\t\t\t\t\t\t\t<a href=\"https:\/\/www.szen.fr\/massage\/le-massage-tantrique\/qu-est-ce-que-le-tantrisme\/\">\n\n\t\t\t\t\t\t\t\t\t\t\t<span class=\"elementor-icon-list-text\">I. Introduction g\u00e9n\u00e9rale<\/span>\n\t\t\t\t\t\t\t\t\t\t\t<\/a>\n\t\t\t\t\t\t\t\t\t<\/li>\n\t\t\t\t\t\t\t\t<li class=\"elementor-icon-list-item\">\n\t\t\t\t\t\t\t\t\t\t\t<a href=\"https:\/\/www.szen.fr\/massage\/le-massage-tantrique\/qu-est-ce-que-le-tantrisme\/\">\n\n\t\t\t\t\t\t\t\t\t\t\t<span class=\"elementor-icon-list-text\">D\u00e9finition et explication du concept.<\/span>\n\t\t\t\t\t\t\t\t\t\t\t<\/a>\n\t\t\t\t\t\t\t\t\t<\/li>\n\t\t\t\t\t\t\t\t<li class=\"elementor-icon-list-item\">\n\t\t\t\t\t\t\t\t\t\t\t<a href=\"https:\/\/www.szen.fr\/massage\/le-massage-prostate\/historique-et-origine-du-massage-de-la-prostate\/\">\n\n\t\t\t\t\t\t\t\t\t\t\t<span class=\"elementor-icon-list-text\">Historique et origine de cette pratique.<\/span>\n\t\t\t\t\t\t\t\t\t\t\t<\/a>\n\t\t\t\t\t\t\t\t\t<\/li>\n\t\t\t\t\t\t\t\t<li class=\"elementor-icon-list-item\">\n\t\t\t\t\t\t\t\t\t\t<span class=\"elementor-icon-list-text\">II. Bienfaits du Massage Prostatique<\/span>\n\t\t\t\t\t\t\t\t\t<\/li>\n\t\t\t\t\t\t\t\t<li class=\"elementor-icon-list-item\">\n\t\t\t\t\t\t\t\t\t\t<span class=\"elementor-icon-list-text\">Bienfaits pour la sant\u00e9<\/span>\n\t\t\t\t\t\t\t\t\t<\/li>\n\t\t\t\t\t\t\t\t<li class=\"elementor-icon-list-item\">\n\t\t\t\t\t\t\t\t\t\t<span class=\"elementor-icon-list-text\">Bienfaits pour la vie sexuelle<\/span>\n\t\t\t\t\t\t\t\t\t<\/li>\n\t\t\t\t\t\t\t\t<li class=\"elementor-icon-list-item\">\n\t\t\t\t\t\t\t\t\t\t<span class=\"elementor-icon-list-text\">III. Risques et Pr\u00e9cautions<\/span>\n\t\t\t\t\t\t\t\t\t<\/li>\n\t\t\t\t\t\t\t\t<li class=\"elementor-icon-list-item\">\n\t\t\t\t\t\t\t\t\t\t<span class=\"elementor-icon-list-text\">Risques potentiels<\/span>\n\t\t\t\t\t\t\t\t\t<\/li>\n\t\t\t\t\t\t\t\t<li class=\"elementor-icon-list-item\">\n\t\t\t\t\t\t\t\t\t\t<span class=\"elementor-icon-list-text\">Pr\u00e9cautions \u00e0 prendre<\/span>\n\t\t\t\t\t\t\t\t\t<\/li>\n\t\t\t\t\t\t\t\t<li class=\"elementor-icon-list-item\">\n\t\t\t\t\t\t\t\t\t\t<span class=\"elementor-icon-list-text\">IV. Techniques et M\u00e9thodes<\/span>\n\t\t\t\t\t\t\t\t\t<\/li>\n\t\t\t\t\t\t\t\t<li class=\"elementor-icon-list-item\">\n\t\t\t\t\t\t\t\t\t\t<span class=\"elementor-icon-list-text\">Massage interne <\/span>\n\t\t\t\t\t\t\t\t\t<\/li>\n\t\t\t\t\t\t\t\t<li class=\"elementor-icon-list-item\">\n\t\t\t\t\t\t\t\t\t\t<span class=\"elementor-icon-list-text\">Massage externe<\/span>\n\t\t\t\t\t\t\t\t\t<\/li>\n\t\t\t\t\t\t\t\t<li class=\"elementor-icon-list-item\">\n\t\t\t\t\t\t\t\t\t\t<span class=\"elementor-icon-list-text\">Pr\u00e9paration, positions, lubrification<\/span>\n\t\t\t\t\t\t\t\t\t<\/li>\n\t\t\t\t\t\t<\/ul>\n\t\t\t\t<\/div>\n\t\t\t\t<\/div>\n\t\t\t\t<\/div>\n\t\t<div class=\"elementor-element elementor-element-f292363 e-con-full e-flex e-con e-child\" data-id=\"f292363\" data-element_type=\"container\" data-settings=\"{&quot;content_width&quot;:&quot;full&quot;}\">\n\t\t\t\t<div class=\"elementor-element elementor-element-962a94a elementor-widget elementor-widget-text-editor\" data-id=\"962a94a\" data-element_type=\"widget\" data-widget_type=\"text-editor.default\">\n\t\t\t\t<div class=\"elementor-widget-container\">\n\t\t\t<style>\/*! elementor - v3.18.0 - 08-12-2023 *\/\n.elementor-widget-text-editor.elementor-drop-cap-view-stacked .elementor-drop-cap{background-color:#69727d;color:#fff}.elementor-widget-text-editor.elementor-drop-cap-view-framed .elementor-drop-cap{color:#69727d;border:3px solid;background-color:transparent}.elementor-widget-text-editor:not(.elementor-drop-cap-view-default) .elementor-drop-cap{margin-top:8px}.elementor-widget-text-editor:not(.elementor-drop-cap-view-default) .elementor-drop-cap-letter{width:1em;height:1em}.elementor-widget-text-editor .elementor-drop-cap{float:left;text-align:center;line-height:1;font-size:50px}.elementor-widget-text-editor .elementor-drop-cap-letter{display:inline-block}<\/style>\t\t\t\t<h1>Historique du Massage Prostatique<\/h1>\nLe massage prostatique, bien que parfois m\u00e9connu ou entour\u00e9 de tabous, poss\u00e8de une longue histoire qui traverse\nles cultures et les \u00e9poques. Cette pratique, qui consiste \u00e0 stimuler la prostate, a \u00e9volu\u00e9 au fil des si\u00e8cles,\npassant de rituels de gu\u00e9rison anciens \u00e0 des techniques modernes utilis\u00e9es tant \u00e0 des fins m\u00e9dicales que\npersonnelles. Dans cet article, nous explorerons l&rsquo;origine, l&rsquo;\u00e9volution et les diff\u00e9rents aspects de cette\npratique.\n<h2>Origines anciennes du massage prostatique<\/h2>\n<h3>Les pratiques en m\u00e9decine traditionnelle chinoise<\/h3>\nLa m\u00e9decine traditionnelle chinoise (MTC) est l&rsquo;une des premi\u00e8res \u00e0 avoir document\u00e9 des techniques similaires au\nmassage prostatique. En MTC, le concept de Qi (\u00e9nergie vitale) est central, et les praticiens croyaient que la\nstagnation de l&rsquo;\u00e9nergie pouvait entra\u00eener divers troubles de sant\u00e9. Le massage de certains points, y compris\nceux autour de la r\u00e9gion pelvienne, \u00e9tait recommand\u00e9 pour r\u00e9tablir la circulation \u00e9nerg\u00e9tique et am\u00e9liorer la\nsant\u00e9 globale.\n<h3>Le massage prostatique dans la culture ayurv\u00e9dique<\/h3>\nEn Inde, l&rsquo;Ayurveda, une forme ancienne de m\u00e9decine traditionnelle, accordait \u00e9galement une importance \u00e0 la\nsant\u00e9 sexuelle et reproductive. Les praticiens de l&rsquo;Ayurveda utilisaient des techniques de massage pour\nstimuler les organes reproducteurs masculins, y compris la prostate. L&rsquo;objectif \u00e9tait d&rsquo;am\u00e9liorer la virilit\u00e9,\nde favoriser la circulation sanguine et de pr\u00e9venir les maladies li\u00e9es aux organes g\u00e9nitaux.\n<h2>L&rsquo;\u00e9volution du massage prostatique en Occident<\/h2>\n<h3>Le massage prostatique \u00e0 l&rsquo;\u00e9poque victorienne<\/h3>\nAu XIXe si\u00e8cle, en Europe, la m\u00e9decine occidentale commence \u00e0 s&rsquo;int\u00e9resser \u00e0 la prostate et \u00e0 son r\u00f4le dans la\nsant\u00e9 masculine. \u00c0 l&rsquo;\u00e9poque victorienne, les m\u00e9decins utilisaient des massages prostatiques comme traitement\npour diverses affections, y compris la prostatite et la congestion de la prostate. Ces traitements \u00e9taient\nsouvent administr\u00e9s par des m\u00e9decins dans un cadre clinique, avec l&rsquo;intention de soulager la douleur et de\nr\u00e9duire l&rsquo;inflammation.\n<h3>Les ann\u00e9es 1900 : de la m\u00e9decine au bien-\u00eatre<\/h3>\nAu d\u00e9but du XXe si\u00e8cle, le massage prostatique a commenc\u00e9 \u00e0 \u00eatre reconnu non seulement pour ses avantages\nm\u00e9dicaux, mais aussi pour ses effets b\u00e9n\u00e9fiques sur le bien-\u00eatre g\u00e9n\u00e9ral des hommes. Avec l&rsquo;av\u00e8nement de la\npsychanalyse et de la reconnaissance de la sexualit\u00e9 masculine, le massage prostatique a \u00e9t\u00e9 explor\u00e9 pour ses\npotentialit\u00e9s \u00e0 am\u00e9liorer la fonction sexuelle et le plaisir.\n<h2>Le massage prostatique \u00e0 l&rsquo;\u00e8re moderne<\/h2>\n<h3>Le r\u00f4le m\u00e9dical du massage prostatique<\/h3>\nDe nos jours, le massage prostatique est principalement utilis\u00e9 dans le cadre m\u00e9dical pour traiter certaines\nconditions telles que la prostatite chronique, la douleur pelvienne chronique et les troubles urinaires. Les\nurologues peuvent recommander cette pratique pour am\u00e9liorer la circulation sanguine dans la r\u00e9gion pelvienne et\nr\u00e9duire les sympt\u00f4mes associ\u00e9s \u00e0 ces affections.\n<h3>L&rsquo;essor du massage prostatique dans le bien-\u00eatre et la sexualit\u00e9<\/h3>\nAu-del\u00e0 du domaine m\u00e9dical, le massage prostatique a gagn\u00e9 en popularit\u00e9 dans le contexte du bien-\u00eatre et de la\nsexualit\u00e9 masculine. De nombreux hommes explorent cette pratique comme un moyen d&rsquo;am\u00e9liorer leur vie sexuelle,\nen raison de la stimulation intense et des orgasmes potentiellement plus puissants qu&rsquo;elle peut induire. Des\naccessoires sp\u00e9cifiques, comme les stimulateurs prostatiques, sont d\u00e9sormais disponibles sur le march\u00e9, ce qui\nrefl\u00e8te une demande croissante pour cette pratique.\n<h2>Les tabous et la perception sociale du massage prostatique<\/h2>\n<h3>Les tabous culturels<\/h3>\nMalgr\u00e9 ses avantages potentiels, le massage prostatique reste entour\u00e9 de nombreux tabous, en particulier dans\nles cultures occidentales. La prostate \u00e9tant situ\u00e9e dans une zone du corps souvent associ\u00e9e \u00e0 des pratiques\nsexuelles marginales ou controvers\u00e9es, beaucoup d&rsquo;hommes h\u00e9sitent \u00e0 explorer cette forme de stimulation. Ce\ntabou est renforc\u00e9 par une \u00e9ducation sexuelle limit\u00e9e et par des st\u00e9r\u00e9otypes sur la masculinit\u00e9.\n<h3>L&rsquo;\u00e9volution des perceptions<\/h3>\nCependant, les perceptions du massage prostatique commencent lentement \u00e0 \u00e9voluer. Avec une meilleure\ncompr\u00e9hension de la sant\u00e9 sexuelle et une reconnaissance accrue de la diversit\u00e9 des plaisirs sexuels, de plus en\nplus d&rsquo;hommes se sentent \u00e0 l&rsquo;aise pour explorer cette pratique. Les discussions ouvertes sur la sant\u00e9 masculine,\nainsi que la disponibilit\u00e9 accrue d&rsquo;informations fiables, contribuent \u00e0 lever les tabous et \u00e0 encourager une\napproche plus saine et plus positive du massage prostatique.\n<h2>Conclusion : le massage prostatique aujourd&rsquo;hui<\/h2>\nLe massage prostatique, bien qu&rsquo;il ait une longue histoire, reste un sujet d\u00e9licat dans de nombreuses cultures.\nSon \u00e9volution, de la m\u00e9decine traditionnelle \u00e0 une pratique moderne de bien-\u00eatre, refl\u00e8te les changements dans\nla compr\u00e9hension de la sant\u00e9 masculine et de la sexualit\u00e9. Alors que les tabous commencent \u00e0 s&rsquo;estomper, il est\nprobable que cette pratique continuera \u00e0 gagner en reconnaissance et en popularit\u00e9, tant pour ses bienfaits\nm\u00e9dicaux que pour son potentiel \u00e0 enrichir la vie sexuelle des hommes.\t\t\t\t\t\t<\/div>\n\t\t\t\t<\/div>\n\t\t\t\t<\/div>\n\t\t\t\t\t<\/div>\n\t\t\t\t<\/div>\n\t\t\t\t\t\t\t<\/div>\n\t\t","protected":false},"excerpt":{"rendered":"<p>Le massage prostate I. Introduction g\u00e9n\u00e9rale D\u00e9finition et explication du concept. Historique et origine de cette pratique. II. Bienfaits du Massage Prostatique Bienfaits pour la sant\u00e9 Bienfaits pour la vie sexuelle III. Risques et Pr\u00e9cautions Risques potentiels Pr\u00e9cautions \u00e0 prendre IV. Techniques et M\u00e9thodes Massage interne Massage externe Pr\u00e9paration, positions, lubrification Historique du Massage Prostatique [&hellip;]<\/p>\n","protected":false},"author":1,"featured_media":0,"parent":8312,"menu_order":1,"comment_status":"closed","ping_status":"closed","template":"page-full-width.php","meta":{"footnotes":""},"class_list":["post-8390","page","type-page","status-publish","hentry"],"yoast_head":"<!-- This site is optimized with the Yoast SEO Premium plugin v21.7 (Yoast SEO v21.7) - https:\/\/yoast.com\/wordpress\/plugins\/seo\/ -->\n<title>Le massage de la prostate. Bienfaits du massage de la prostate.<\/title>\n<meta name=\"description\" content=\"Le massage de la prostate est une technique qui implique la stimulation manuelle de la prostate\" \/>\n<meta name=\"robots\" content=\"index, follow, max-snippet:-1, max-image-preview:large, max-video-preview:-1\" \/>\n<link rel=\"canonical\" href=\"https:\/\/www.szen.fr\/massage\/le-massage-prostate\/historique-et-origine-du-massage-de-la-prostate\/\" \/>\n<meta property=\"og:locale\" content=\"fr_FR\" \/>\n<meta property=\"og:type\" content=\"article\" \/>\n<meta property=\"og:title\" content=\"Historique et origine du massage de la prostate\" \/>\n<meta property=\"og:description\" content=\"Le massage de la prostate est une technique qui implique la stimulation manuelle de la prostate\" \/>\n<meta property=\"og:url\" content=\"https:\/\/www.szen.fr\/massage\/le-massage-prostate\/historique-et-origine-du-massage-de-la-prostate\/\" \/>\n<meta property=\"og:site_name\" content=\"Wiki Massage by Szen\" \/>\n<meta property=\"article:modified_time\" content=\"2024-08-16T12:54:28+00:00\" \/>\n<meta property=\"og:image\" content=\"https:\/\/www.szen.fr\/massage\/wp-content\/uploads\/2024\/07\/massage-prostate-1024x174.jpg\" \/>\n<meta name=\"twitter:card\" content=\"summary_large_image\" \/>\n<meta name=\"twitter:label1\" content=\"Dur\u00e9e de lecture estim\u00e9e\" \/>\n\t<meta name=\"twitter:data1\" content=\"5 minutes\" \/>\n<script type=\"application\/ld+json\" class=\"yoast-schema-graph\">{\"@context\":\"https:\/\/schema.org\",\"@graph\":[{\"@type\":\"WebPage\",\"@id\":\"https:\/\/www.szen.fr\/massage\/le-massage-prostate\/historique-et-origine-du-massage-de-la-prostate\/\",\"url\":\"https:\/\/www.szen.fr\/massage\/le-massage-prostate\/historique-et-origine-du-massage-de-la-prostate\/\",\"name\":\"Le massage de la prostate. Bienfaits du massage de la prostate.\",\"isPartOf\":{\"@id\":\"https:\/\/www.szen.fr\/massage\/#website\"},\"datePublished\":\"2024-08-16T12:46:53+00:00\",\"dateModified\":\"2024-08-16T12:54:28+00:00\",\"description\":\"Le massage de la prostate est une technique qui implique la stimulation manuelle de la prostate\",\"breadcrumb\":{\"@id\":\"https:\/\/www.szen.fr\/massage\/le-massage-prostate\/historique-et-origine-du-massage-de-la-prostate\/#breadcrumb\"},\"inLanguage\":\"fr-FR\",\"potentialAction\":[{\"@type\":\"ReadAction\",\"target\":[\"https:\/\/www.szen.fr\/massage\/le-massage-prostate\/historique-et-origine-du-massage-de-la-prostate\/\"]}]},{\"@type\":\"BreadcrumbList\",\"@id\":\"https:\/\/www.szen.fr\/massage\/le-massage-prostate\/historique-et-origine-du-massage-de-la-prostate\/#breadcrumb\",\"itemListElement\":[{\"@type\":\"ListItem\",\"position\":1,\"name\":\"Accueil\",\"item\":\"https:\/\/www.szen.fr\/massage\/\"},{\"@type\":\"ListItem\",\"position\":2,\"name\":\"Le massage prostate\",\"item\":\"https:\/\/www.szen.fr\/massage\/le-massage-prostate\/\"},{\"@type\":\"ListItem\",\"position\":3,\"name\":\"Historique et origine du massage de la prostate\"}]},{\"@type\":\"WebSite\",\"@id\":\"https:\/\/www.szen.fr\/massage\/#website\",\"url\":\"https:\/\/www.szen.fr\/massage\/\",\"name\":\"Wiki Massage by Szen\",\"description\":\"\",\"publisher\":{\"@id\":\"https:\/\/www.szen.fr\/massage\/#organization\"},\"potentialAction\":[{\"@type\":\"SearchAction\",\"target\":{\"@type\":\"EntryPoint\",\"urlTemplate\":\"https:\/\/www.szen.fr\/massage\/?s={search_term_string}\"},\"query-input\":\"required name=search_term_string\"}],\"inLanguage\":\"fr-FR\"},{\"@type\":\"Organization\",\"@id\":\"https:\/\/www.szen.fr\/massage\/#organization\",\"name\":\"Wiki Massage by Szen\",\"url\":\"https:\/\/www.szen.fr\/massage\/\",\"logo\":{\"@type\":\"ImageObject\",\"inLanguage\":\"fr-FR\",\"@id\":\"https:\/\/www.szen.fr\/massage\/#\/schema\/logo\/image\/\",\"url\":\"https:\/\/www.szen.fr\/massage\/wp-content\/uploads\/2023\/12\/cropped-logo-wiki-massage.png\",\"contentUrl\":\"https:\/\/www.szen.fr\/massage\/wp-content\/uploads\/2023\/12\/cropped-logo-wiki-massage.png\",\"width\":200,\"height\":89,\"caption\":\"Wiki Massage by Szen\"},\"image\":{\"@id\":\"https:\/\/www.szen.fr\/massage\/#\/schema\/logo\/image\/\"}}]}<\/script>\n<!-- \/ Yoast SEO Premium plugin. -->","yoast_head_json":{"title":"Le massage de la prostate. Bienfaits du massage de la prostate.","description":"Le massage de la prostate est une technique qui implique la stimulation manuelle de la prostate","robots":{"index":"index","follow":"follow","max-snippet":"max-snippet:-1","max-image-preview":"max-image-preview:large","max-video-preview":"max-video-preview:-1"},"canonical":"https:\/\/www.szen.fr\/massage\/le-massage-prostate\/historique-et-origine-du-massage-de-la-prostate\/","og_locale":"fr_FR","og_type":"article","og_title":"Historique et origine du massage de la prostate","og_description":"Le massage de la prostate est une technique qui implique la stimulation manuelle de la prostate","og_url":"https:\/\/www.szen.fr\/massage\/le-massage-prostate\/historique-et-origine-du-massage-de-la-prostate\/","og_site_name":"Wiki Massage by Szen","article_modified_time":"2024-08-16T12:54:28+00:00","og_image":[{"url":"https:\/\/www.szen.fr\/massage\/wp-content\/uploads\/2024\/07\/massage-prostate-1024x174.jpg"}],"twitter_card":"summary_large_image","twitter_misc":{"Dur\u00e9e de lecture estim\u00e9e":"5 minutes"},"schema":{"@context":"https:\/\/schema.org","@graph":[{"@type":"WebPage","@id":"https:\/\/www.szen.fr\/massage\/le-massage-prostate\/historique-et-origine-du-massage-de-la-prostate\/","url":"https:\/\/www.szen.fr\/massage\/le-massage-prostate\/historique-et-origine-du-massage-de-la-prostate\/","name":"Le massage de la prostate. Bienfaits du massage de la prostate.","isPartOf":{"@id":"https:\/\/www.szen.fr\/massage\/#website"},"datePublished":"2024-08-16T12:46:53+00:00","dateModified":"2024-08-16T12:54:28+00:00","description":"Le massage de la prostate est une technique qui implique la stimulation manuelle de la prostate","breadcrumb":{"@id":"https:\/\/www.szen.fr\/massage\/le-massage-prostate\/historique-et-origine-du-massage-de-la-prostate\/#breadcrumb"},"inLanguage":"fr-FR","potentialAction":[{"@type":"ReadAction","target":["https:\/\/www.szen.fr\/massage\/le-massage-prostate\/historique-et-origine-du-massage-de-la-prostate\/"]}]},{"@type":"BreadcrumbList","@id":"https:\/\/www.szen.fr\/massage\/le-massage-prostate\/historique-et-origine-du-massage-de-la-prostate\/#breadcrumb","itemListElement":[{"@type":"ListItem","position":1,"name":"Accueil","item":"https:\/\/www.szen.fr\/massage\/"},{"@type":"ListItem","position":2,"name":"Le massage prostate","item":"https:\/\/www.szen.fr\/massage\/le-massage-prostate\/"},{"@type":"ListItem","position":3,"name":"Historique et origine du massage de la prostate"}]},{"@type":"WebSite","@id":"https:\/\/www.szen.fr\/massage\/#website","url":"https:\/\/www.szen.fr\/massage\/","name":"Wiki Massage by Szen","description":"","publisher":{"@id":"https:\/\/www.szen.fr\/massage\/#organization"},"potentialAction":[{"@type":"SearchAction","target":{"@type":"EntryPoint","urlTemplate":"https:\/\/www.szen.fr\/massage\/?s={search_term_string}"},"query-input":"required name=search_term_string"}],"inLanguage":"fr-FR"},{"@type":"Organization","@id":"https:\/\/www.szen.fr\/massage\/#organization","name":"Wiki Massage by Szen","url":"https:\/\/www.szen.fr\/massage\/","logo":{"@type":"ImageObject","inLanguage":"fr-FR","@id":"https:\/\/www.szen.fr\/massage\/#\/schema\/logo\/image\/","url":"https:\/\/www.szen.fr\/massage\/wp-content\/uploads\/2023\/12\/cropped-logo-wiki-massage.png","contentUrl":"https:\/\/www.szen.fr\/massage\/wp-content\/uploads\/2023\/12\/cropped-logo-wiki-massage.png","width":200,"height":89,"caption":"Wiki Massage by Szen"},"image":{"@id":"https:\/\/www.szen.fr\/massage\/#\/schema\/logo\/image\/"}}]}},"_links":{"self":[{"href":"https:\/\/www.szen.fr\/massage\/wp-json\/wp\/v2\/pages\/8390","targetHints":{"allow":["GET"]}}],"collection":[{"href":"https:\/\/www.szen.fr\/massage\/wp-json\/wp\/v2\/pages"}],"about":[{"href":"https:\/\/www.szen.fr\/massage\/wp-json\/wp\/v2\/types\/page"}],"author":[{"embeddable":true,"href":"https:\/\/www.szen.fr\/massage\/wp-json\/wp\/v2\/users\/1"}],"replies":[{"embeddable":true,"href":"https:\/\/www.szen.fr\/massage\/wp-json\/wp\/v2\/comments?post=8390"}],"version-history":[{"count":7,"href":"https:\/\/www.szen.fr\/massage\/wp-json\/wp\/v2\/pages\/8390\/revisions"}],"predecessor-version":[{"id":8400,"href":"https:\/\/www.szen.fr\/massage\/wp-json\/wp\/v2\/pages\/8390\/revisions\/8400"}],"up":[{"embeddable":true,"href":"https:\/\/www.szen.fr\/massage\/wp-json\/wp\/v2\/pages\/8312"}],"wp:attachment":[{"href":"https:\/\/www.szen.fr\/massage\/wp-json\/wp\/v2\/media?parent=8390"}],"curies":[{"name":"wp","href":"https:\/\/api.w.org\/{rel}","templated":true}]}}