{"id":8259,"date":"2024-07-08T13:08:55","date_gmt":"2024-07-08T11:08:55","guid":{"rendered":"https:\/\/www.szen.fr\/massage\/?page_id=8259"},"modified":"2024-07-08T15:07:04","modified_gmt":"2024-07-08T13:07:04","slug":"le-massage-californien","status":"publish","type":"page","link":"https:\/\/www.szen.fr\/massage\/le-massage-californien\/","title":{"rendered":"Le massage californien"},"content":{"rendered":"\t\t<div data-elementor-type=\"wp-page\" data-elementor-id=\"8259\" class=\"elementor elementor-8259\" data-elementor-post-type=\"page\">\n\t\t\t\t\t\t\t<div class=\"elementor-element elementor-element-360632b e-flex e-con-boxed e-con e-parent\" data-id=\"360632b\" data-element_type=\"container\" data-settings=\"{&quot;content_width&quot;:&quot;boxed&quot;}\" data-core-v316-plus=\"true\">\n\t\t\t\t\t<div class=\"e-con-inner\">\n\t\t<div class=\"elementor-element elementor-element-ea0cf13 e-con-full e-flex e-con e-child\" data-id=\"ea0cf13\" data-element_type=\"container\" data-settings=\"{&quot;content_width&quot;:&quot;full&quot;}\">\n\t\t\t\t<div class=\"elementor-element elementor-element-a246298 elementor-widget elementor-widget-breadcrumbs\" data-id=\"a246298\" data-element_type=\"widget\" data-widget_type=\"breadcrumbs.default\">\n\t\t\t\t<div class=\"elementor-widget-container\">\n\t\t\t<link rel=\"stylesheet\" href=\"https:\/\/www.szen.fr\/massage\/wp-content\/plugins\/elementor-pro\/assets\/css\/widget-theme-elements.min.css\"><p id=\"breadcrumbs\"><span><span><a href=\"https:\/\/www.szen.fr\/massage\/\">Accueil<\/a><\/span><\/span><\/p>\t\t<\/div>\n\t\t\t\t<\/div>\n\t\t\t\t<div class=\"elementor-element elementor-element-a5cc0cf elementor-widget elementor-widget-image\" data-id=\"a5cc0cf\" data-element_type=\"widget\" alt=\"le massage tantrique\" data-widget_type=\"image.default\">\n\t\t\t\t<div class=\"elementor-widget-container\">\n\t\t\t<style>\/*! elementor - v3.18.0 - 08-12-2023 *\/\n.elementor-widget-image{text-align:center}.elementor-widget-image a{display:inline-block}.elementor-widget-image a img[src$=\".svg\"]{width:48px}.elementor-widget-image img{vertical-align:middle;display:inline-block}<\/style>\t\t\t\t\t\t\t\t\t\t\t\t<img fetchpriority=\"high\" decoding=\"async\" width=\"1024\" height=\"174\" src=\"https:\/\/www.szen.fr\/massage\/wp-content\/uploads\/2024\/07\/massage-californien-1024x174.jpg\" class=\"attachment-large size-large wp-image-8359\" alt=\"\" srcset=\"https:\/\/www.szen.fr\/massage\/wp-content\/uploads\/2024\/07\/massage-californien-1024x174.jpg 1024w, https:\/\/www.szen.fr\/massage\/wp-content\/uploads\/2024\/07\/massage-californien-300x51.jpg 300w, https:\/\/www.szen.fr\/massage\/wp-content\/uploads\/2024\/07\/massage-californien-768x130.jpg 768w, https:\/\/www.szen.fr\/massage\/wp-content\/uploads\/2024\/07\/massage-californien.jpg 1120w\" sizes=\"(max-width: 1024px) 100vw, 1024px\" \/>\t\t\t\t\t\t\t\t\t\t\t\t\t\t\t<\/div>\n\t\t\t\t<\/div>\n\t\t\t\t<\/div>\n\t\t\t\t\t<\/div>\n\t\t\t\t<\/div>\n\t\t<div class=\"elementor-element elementor-element-38ac74f e-flex e-con-boxed e-con e-parent\" data-id=\"38ac74f\" data-element_type=\"container\" data-settings=\"{&quot;content_width&quot;:&quot;boxed&quot;}\" data-core-v316-plus=\"true\">\n\t\t\t\t\t<div class=\"e-con-inner\">\n\t\t<div class=\"elementor-element elementor-element-d5e1cba e-con-full e-flex e-con e-child\" data-id=\"d5e1cba\" data-element_type=\"container\" data-settings=\"{&quot;content_width&quot;:&quot;full&quot;}\">\n\t\t\t\t<div class=\"elementor-element elementor-element-5b85f3e elementor-widget elementor-widget-heading\" data-id=\"5b85f3e\" data-element_type=\"widget\" data-widget_type=\"heading.default\">\n\t\t\t\t<div class=\"elementor-widget-container\">\n\t\t\t<style>\/*! elementor - v3.18.0 - 08-12-2023 *\/\n.elementor-heading-title{padding:0;margin:0;line-height:1}.elementor-widget-heading .elementor-heading-title[class*=elementor-size-]>a{color:inherit;font-size:inherit;line-height:inherit}.elementor-widget-heading .elementor-heading-title.elementor-size-small{font-size:15px}.elementor-widget-heading .elementor-heading-title.elementor-size-medium{font-size:19px}.elementor-widget-heading .elementor-heading-title.elementor-size-large{font-size:29px}.elementor-widget-heading .elementor-heading-title.elementor-size-xl{font-size:39px}.elementor-widget-heading .elementor-heading-title.elementor-size-xxl{font-size:59px}<\/style><h1 class=\"elementor-heading-title elementor-size-default\">Le massage californien<\/h1>\t\t<\/div>\n\t\t\t\t<\/div>\n\t\t\t\t<\/div>\n\t\t<div class=\"elementor-element elementor-element-f292363 e-con-full e-flex e-con e-child\" data-id=\"f292363\" data-element_type=\"container\" data-settings=\"{&quot;content_width&quot;:&quot;full&quot;}\">\n\t\t\t\t<div class=\"elementor-element elementor-element-962a94a elementor-widget elementor-widget-text-editor\" data-id=\"962a94a\" data-element_type=\"widget\" data-widget_type=\"text-editor.default\">\n\t\t\t\t<div class=\"elementor-widget-container\">\n\t\t\t<style>\/*! elementor - v3.18.0 - 08-12-2023 *\/\n.elementor-widget-text-editor.elementor-drop-cap-view-stacked .elementor-drop-cap{background-color:#69727d;color:#fff}.elementor-widget-text-editor.elementor-drop-cap-view-framed .elementor-drop-cap{color:#69727d;border:3px solid;background-color:transparent}.elementor-widget-text-editor:not(.elementor-drop-cap-view-default) .elementor-drop-cap{margin-top:8px}.elementor-widget-text-editor:not(.elementor-drop-cap-view-default) .elementor-drop-cap-letter{width:1em;height:1em}.elementor-widget-text-editor .elementor-drop-cap{float:left;text-align:center;line-height:1;font-size:50px}.elementor-widget-text-editor .elementor-drop-cap-letter{display:inline-block}<\/style>\t\t\t\tLe massage californien, \u00e9galement connu sous le nom de massage Esalen, est une technique de massage th\u00e9rapeutique d\u00e9velopp\u00e9e dans les ann\u00e9es 1960 \u00e0 l&rsquo;Institut Esalen en Californie. Voici les \u00e9l\u00e9ments cl\u00e9s d&rsquo;un massage californien :\n\n<h2>Longs Mouvements Fluides :<\/h2> Le massage californien se caract\u00e9rise par l&rsquo;utilisation de longs mouvements fluides et enveloppants qui couvrent tout le corps. Ces mouvements aident \u00e0 int\u00e9grer et \u00e0 \u00e9quilibrer le corps, favorisant la relaxation.\n\n<h2>Toucher Doux et Apaisant :<\/h2> Le toucher est g\u00e9n\u00e9ralement doux, apaisant et nourrissant, ce qui aide \u00e0 d\u00e9tendre les muscles et \u00e0 calmer le syst\u00e8me nerveux. Cela en fait une technique particuli\u00e8rement efficace pour soulager le stress et favoriser la gu\u00e9rison \u00e9motionnelle.\n\n<h2>Accent sur la Conscience Sensorielle :<\/h2> Le massage vise \u00e0 augmenter la conscience sensorielle et corporelle du receveur. Les praticiens utilisent souvent une combinaison d&rsquo;\u00e9tirements doux, de mouvements de balancement et de mobilisations des articulations.\n\n<h2>Utilisation d&rsquo;Huiles :<\/h2> Des huiles de massage sont g\u00e9n\u00e9ralement utilis\u00e9es pour faciliter des mouvements fluides et continus, am\u00e9liorant l&rsquo;exp\u00e9rience sensorielle globale et permettant une relaxation plus profonde.\n\n<h2>Approche Holistique :<\/h2> Le massage californien adopte une approche holistique, abordant non seulement le corps physique mais aussi l&rsquo;esprit et les \u00e9motions, cherchant \u00e0 harmoniser l&rsquo;ensemble du corps et de l&rsquo;esprit.\n<br><br>\nEn r\u00e9sum\u00e9, le massage californien est une technique douce et relaxante qui utilise des mouvements longs et enveloppants pour favoriser la relaxation et l&rsquo;\u00e9quilibre corporel. Il est particuli\u00e8rement recommand\u00e9 pour les personnes cherchant \u00e0 soulager le stress et \u00e0 am\u00e9liorer leur bien-\u00eatre g\u00e9n\u00e9ral.\t\t\t\t\t\t<\/div>\n\t\t\t\t<\/div>\n\t\t\t\t<\/div>\n\t\t\t\t\t<\/div>\n\t\t\t\t<\/div>\n\t\t\t\t\t\t\t<\/div>\n\t\t","protected":false},"excerpt":{"rendered":"<p>Le massage californien Le massage californien, \u00e9galement connu sous le nom de massage Esalen, est une technique de massage th\u00e9rapeutique d\u00e9velopp\u00e9e dans les ann\u00e9es 1960 \u00e0 l&rsquo;Institut Esalen en Californie. Voici les \u00e9l\u00e9ments cl\u00e9s d&rsquo;un massage californien : Longs Mouvements Fluides : Le massage californien se caract\u00e9rise par l&rsquo;utilisation de longs mouvements fluides et enveloppants [&hellip;]<\/p>\n","protected":false},"author":1,"featured_media":0,"parent":0,"menu_order":1,"comment_status":"closed","ping_status":"closed","template":"page-full-width.php","meta":{"footnotes":""},"class_list":["post-8259","page","type-page","status-publish","hentry"],"yoast_head":"<!-- This site is optimized with the Yoast SEO Premium plugin v21.7 (Yoast SEO v21.7) - https:\/\/yoast.com\/wordpress\/plugins\/seo\/ -->\n<title>Le massage californien ou massage Esalen<\/title>\n<meta name=\"description\" content=\"Le massage californien, \u00e9galement connu sous le nom de massage Esalen, est une technique de massage d\u00e9velopp\u00e9e dans les ann\u00e9es 1960.\" \/>\n<meta name=\"robots\" content=\"index, follow, max-snippet:-1, max-image-preview:large, max-video-preview:-1\" \/>\n<link rel=\"canonical\" href=\"https:\/\/www.szen.fr\/massage\/le-massage-californien\/\" \/>\n<meta property=\"og:locale\" content=\"fr_FR\" \/>\n<meta property=\"og:type\" content=\"article\" \/>\n<meta property=\"og:title\" content=\"Le massage californien\" \/>\n<meta property=\"og:description\" content=\"Le massage californien, \u00e9galement connu sous le nom de massage Esalen, est une technique de massage d\u00e9velopp\u00e9e dans les ann\u00e9es 1960.\" \/>\n<meta property=\"og:url\" content=\"https:\/\/www.szen.fr\/massage\/le-massage-californien\/\" \/>\n<meta property=\"og:site_name\" content=\"Wiki Massage by Szen\" \/>\n<meta property=\"article:modified_time\" content=\"2024-07-08T13:07:04+00:00\" \/>\n<meta property=\"og:image\" content=\"https:\/\/www.szen.fr\/massage\/wp-content\/uploads\/2024\/07\/massage-californien-1024x174.jpg\" \/>\n<meta name=\"twitter:card\" content=\"summary_large_image\" \/>\n<meta name=\"twitter:label1\" content=\"Dur\u00e9e de lecture estim\u00e9e\" \/>\n\t<meta name=\"twitter:data1\" content=\"2 minutes\" \/>\n<script type=\"application\/ld+json\" class=\"yoast-schema-graph\">{\"@context\":\"https:\/\/schema.org\",\"@graph\":[{\"@type\":\"WebPage\",\"@id\":\"https:\/\/www.szen.fr\/massage\/le-massage-californien\/\",\"url\":\"https:\/\/www.szen.fr\/massage\/le-massage-californien\/\",\"name\":\"Le massage californien ou massage Esalen\",\"isPartOf\":{\"@id\":\"https:\/\/www.szen.fr\/massage\/#website\"},\"datePublished\":\"2024-07-08T11:08:55+00:00\",\"dateModified\":\"2024-07-08T13:07:04+00:00\",\"description\":\"Le massage californien, \u00e9galement connu sous le nom de massage Esalen, est une technique de massage d\u00e9velopp\u00e9e dans les ann\u00e9es 1960.\",\"breadcrumb\":{\"@id\":\"https:\/\/www.szen.fr\/massage\/le-massage-californien\/#breadcrumb\"},\"inLanguage\":\"fr-FR\",\"potentialAction\":[{\"@type\":\"ReadAction\",\"target\":[\"https:\/\/www.szen.fr\/massage\/le-massage-californien\/\"]}]},{\"@type\":\"BreadcrumbList\",\"@id\":\"https:\/\/www.szen.fr\/massage\/le-massage-californien\/#breadcrumb\",\"itemListElement\":[{\"@type\":\"ListItem\",\"position\":1,\"name\":\"Accueil\",\"item\":\"https:\/\/www.szen.fr\/massage\/\"},{\"@type\":\"ListItem\",\"position\":2,\"name\":\"Le massage californien\"}]},{\"@type\":\"WebSite\",\"@id\":\"https:\/\/www.szen.fr\/massage\/#website\",\"url\":\"https:\/\/www.szen.fr\/massage\/\",\"name\":\"Wiki Massage by Szen\",\"description\":\"\",\"publisher\":{\"@id\":\"https:\/\/www.szen.fr\/massage\/#organization\"},\"potentialAction\":[{\"@type\":\"SearchAction\",\"target\":{\"@type\":\"EntryPoint\",\"urlTemplate\":\"https:\/\/www.szen.fr\/massage\/?s={search_term_string}\"},\"query-input\":\"required name=search_term_string\"}],\"inLanguage\":\"fr-FR\"},{\"@type\":\"Organization\",\"@id\":\"https:\/\/www.szen.fr\/massage\/#organization\",\"name\":\"Wiki Massage by Szen\",\"url\":\"https:\/\/www.szen.fr\/massage\/\",\"logo\":{\"@type\":\"ImageObject\",\"inLanguage\":\"fr-FR\",\"@id\":\"https:\/\/www.szen.fr\/massage\/#\/schema\/logo\/image\/\",\"url\":\"https:\/\/www.szen.fr\/massage\/wp-content\/uploads\/2023\/12\/cropped-logo-wiki-massage.png\",\"contentUrl\":\"https:\/\/www.szen.fr\/massage\/wp-content\/uploads\/2023\/12\/cropped-logo-wiki-massage.png\",\"width\":200,\"height\":89,\"caption\":\"Wiki Massage by Szen\"},\"image\":{\"@id\":\"https:\/\/www.szen.fr\/massage\/#\/schema\/logo\/image\/\"}}]}<\/script>\n<!-- \/ Yoast SEO Premium plugin. -->","yoast_head_json":{"title":"Le massage californien ou massage Esalen","description":"Le massage californien, \u00e9galement connu sous le nom de massage Esalen, est une technique de massage d\u00e9velopp\u00e9e dans les ann\u00e9es 1960.","robots":{"index":"index","follow":"follow","max-snippet":"max-snippet:-1","max-image-preview":"max-image-preview:large","max-video-preview":"max-video-preview:-1"},"canonical":"https:\/\/www.szen.fr\/massage\/le-massage-californien\/","og_locale":"fr_FR","og_type":"article","og_title":"Le massage californien","og_description":"Le massage californien, \u00e9galement connu sous le nom de massage Esalen, est une technique de massage d\u00e9velopp\u00e9e dans les ann\u00e9es 1960.","og_url":"https:\/\/www.szen.fr\/massage\/le-massage-californien\/","og_site_name":"Wiki Massage by Szen","article_modified_time":"2024-07-08T13:07:04+00:00","og_image":[{"url":"https:\/\/www.szen.fr\/massage\/wp-content\/uploads\/2024\/07\/massage-californien-1024x174.jpg"}],"twitter_card":"summary_large_image","twitter_misc":{"Dur\u00e9e de lecture estim\u00e9e":"2 minutes"},"schema":{"@context":"https:\/\/schema.org","@graph":[{"@type":"WebPage","@id":"https:\/\/www.szen.fr\/massage\/le-massage-californien\/","url":"https:\/\/www.szen.fr\/massage\/le-massage-californien\/","name":"Le massage californien ou massage Esalen","isPartOf":{"@id":"https:\/\/www.szen.fr\/massage\/#website"},"datePublished":"2024-07-08T11:08:55+00:00","dateModified":"2024-07-08T13:07:04+00:00","description":"Le massage californien, \u00e9galement connu sous le nom de massage Esalen, est une technique de massage d\u00e9velopp\u00e9e dans les ann\u00e9es 1960.","breadcrumb":{"@id":"https:\/\/www.szen.fr\/massage\/le-massage-californien\/#breadcrumb"},"inLanguage":"fr-FR","potentialAction":[{"@type":"ReadAction","target":["https:\/\/www.szen.fr\/massage\/le-massage-californien\/"]}]},{"@type":"BreadcrumbList","@id":"https:\/\/www.szen.fr\/massage\/le-massage-californien\/#breadcrumb","itemListElement":[{"@type":"ListItem","position":1,"name":"Accueil","item":"https:\/\/www.szen.fr\/massage\/"},{"@type":"ListItem","position":2,"name":"Le massage californien"}]},{"@type":"WebSite","@id":"https:\/\/www.szen.fr\/massage\/#website","url":"https:\/\/www.szen.fr\/massage\/","name":"Wiki Massage by Szen","description":"","publisher":{"@id":"https:\/\/www.szen.fr\/massage\/#organization"},"potentialAction":[{"@type":"SearchAction","target":{"@type":"EntryPoint","urlTemplate":"https:\/\/www.szen.fr\/massage\/?s={search_term_string}"},"query-input":"required name=search_term_string"}],"inLanguage":"fr-FR"},{"@type":"Organization","@id":"https:\/\/www.szen.fr\/massage\/#organization","name":"Wiki Massage by Szen","url":"https:\/\/www.szen.fr\/massage\/","logo":{"@type":"ImageObject","inLanguage":"fr-FR","@id":"https:\/\/www.szen.fr\/massage\/#\/schema\/logo\/image\/","url":"https:\/\/www.szen.fr\/massage\/wp-content\/uploads\/2023\/12\/cropped-logo-wiki-massage.png","contentUrl":"https:\/\/www.szen.fr\/massage\/wp-content\/uploads\/2023\/12\/cropped-logo-wiki-massage.png","width":200,"height":89,"caption":"Wiki Massage by Szen"},"image":{"@id":"https:\/\/www.szen.fr\/massage\/#\/schema\/logo\/image\/"}}]}},"_links":{"self":[{"href":"https:\/\/www.szen.fr\/massage\/wp-json\/wp\/v2\/pages\/8259","targetHints":{"allow":["GET"]}}],"collection":[{"href":"https:\/\/www.szen.fr\/massage\/wp-json\/wp\/v2\/pages"}],"about":[{"href":"https:\/\/www.szen.fr\/massage\/wp-json\/wp\/v2\/types\/page"}],"author":[{"embeddable":true,"href":"https:\/\/www.szen.fr\/massage\/wp-json\/wp\/v2\/users\/1"}],"replies":[{"embeddable":true,"href":"https:\/\/www.szen.fr\/massage\/wp-json\/wp\/v2\/comments?post=8259"}],"version-history":[{"count":7,"href":"https:\/\/www.szen.fr\/massage\/wp-json\/wp\/v2\/pages\/8259\/revisions"}],"predecessor-version":[{"id":8362,"href":"https:\/\/www.szen.fr\/massage\/wp-json\/wp\/v2\/pages\/8259\/revisions\/8362"}],"wp:attachment":[{"href":"https:\/\/www.szen.fr\/massage\/wp-json\/wp\/v2\/media?parent=8259"}],"curies":[{"name":"wp","href":"https:\/\/api.w.org\/{rel}","templated":true}]}}