{"id":8176,"date":"2024-03-18T11:22:42","date_gmt":"2024-03-18T10:22:42","guid":{"rendered":"https:\/\/www.szen.fr\/massage\/?page_id=8176"},"modified":"2024-03-18T11:34:00","modified_gmt":"2024-03-18T10:34:00","slug":"les-salons-de-massages-tantriques-a-paris","status":"publish","type":"page","link":"https:\/\/www.szen.fr\/massage\/le-massage-tantrique\/les-salons-de-massages-tantriques-a-paris\/","title":{"rendered":"Les salons de massages tantriques \u00e0 Paris"},"content":{"rendered":"\t\t<div data-elementor-type=\"wp-page\" data-elementor-id=\"8176\" class=\"elementor elementor-8176\" data-elementor-post-type=\"page\">\n\t\t\t\t\t\t\t<div class=\"elementor-element elementor-element-360632b e-flex e-con-boxed e-con e-parent\" data-id=\"360632b\" data-element_type=\"container\" data-settings=\"{&quot;content_width&quot;:&quot;boxed&quot;}\" data-core-v316-plus=\"true\">\n\t\t\t\t\t<div class=\"e-con-inner\">\n\t\t<div class=\"elementor-element elementor-element-ea0cf13 e-con-full e-flex e-con e-child\" data-id=\"ea0cf13\" data-element_type=\"container\" data-settings=\"{&quot;content_width&quot;:&quot;full&quot;}\">\n\t\t\t\t<div class=\"elementor-element elementor-element-04c8f9f elementor-widget elementor-widget-breadcrumbs\" data-id=\"04c8f9f\" data-element_type=\"widget\" data-widget_type=\"breadcrumbs.default\">\n\t\t\t\t<div class=\"elementor-widget-container\">\n\t\t\t<link rel=\"stylesheet\" href=\"https:\/\/www.szen.fr\/massage\/wp-content\/plugins\/elementor-pro\/assets\/css\/widget-theme-elements.min.css\"><p id=\"breadcrumbs\"><span><span><a href=\"https:\/\/www.szen.fr\/massage\/\">Accueil<\/a><\/span><\/span><\/p>\t\t<\/div>\n\t\t\t\t<\/div>\n\t\t\t\t<div class=\"elementor-element elementor-element-a5cc0cf elementor-widget elementor-widget-image\" data-id=\"a5cc0cf\" data-element_type=\"widget\" data-widget_type=\"image.default\">\n\t\t\t\t<div class=\"elementor-widget-container\">\n\t\t\t<style>\/*! elementor - v3.18.0 - 08-12-2023 *\/\n.elementor-widget-image{text-align:center}.elementor-widget-image a{display:inline-block}.elementor-widget-image a img[src$=\".svg\"]{width:48px}.elementor-widget-image img{vertical-align:middle;display:inline-block}<\/style>\t\t\t\t\t\t\t\t\t\t\t\t<img fetchpriority=\"high\" decoding=\"async\" width=\"1024\" height=\"512\" src=\"https:\/\/www.szen.fr\/massage\/wp-content\/uploads\/2021\/08\/h3-rev-img6-1024x512.jpg\" class=\"attachment-large size-large wp-image-6040\" alt=\"j\" srcset=\"https:\/\/www.szen.fr\/massage\/wp-content\/uploads\/2021\/08\/h3-rev-img6-1024x512.jpg 1024w, https:\/\/www.szen.fr\/massage\/wp-content\/uploads\/2021\/08\/h3-rev-img6-300x150.jpg 300w, https:\/\/www.szen.fr\/massage\/wp-content\/uploads\/2021\/08\/h3-rev-img6-768x384.jpg 768w, https:\/\/www.szen.fr\/massage\/wp-content\/uploads\/2021\/08\/h3-rev-img6-1536x768.jpg 1536w, https:\/\/www.szen.fr\/massage\/wp-content\/uploads\/2021\/08\/h3-rev-img6-1300x650.jpg 1300w, https:\/\/www.szen.fr\/massage\/wp-content\/uploads\/2021\/08\/h3-rev-img6.jpg 1680w\" sizes=\"(max-width: 1024px) 100vw, 1024px\" \/>\t\t\t\t\t\t\t\t\t\t\t\t\t\t\t<\/div>\n\t\t\t\t<\/div>\n\t\t\t\t<\/div>\n\t\t\t\t\t<\/div>\n\t\t\t\t<\/div>\n\t\t<div class=\"elementor-element elementor-element-38ac74f e-flex e-con-boxed e-con e-parent\" data-id=\"38ac74f\" data-element_type=\"container\" data-settings=\"{&quot;content_width&quot;:&quot;boxed&quot;}\" data-core-v316-plus=\"true\">\n\t\t\t\t\t<div class=\"e-con-inner\">\n\t\t<div class=\"elementor-element elementor-element-d5e1cba e-con-full e-flex e-con e-child\" data-id=\"d5e1cba\" data-element_type=\"container\" data-settings=\"{&quot;content_width&quot;:&quot;full&quot;}\">\n\t\t\t\t<div class=\"elementor-element elementor-element-5b85f3e elementor-widget elementor-widget-heading\" data-id=\"5b85f3e\" data-element_type=\"widget\" data-widget_type=\"heading.default\">\n\t\t\t\t<div class=\"elementor-widget-container\">\n\t\t\t<style>\/*! elementor - v3.18.0 - 08-12-2023 *\/\n.elementor-heading-title{padding:0;margin:0;line-height:1}.elementor-widget-heading .elementor-heading-title[class*=elementor-size-]>a{color:inherit;font-size:inherit;line-height:inherit}.elementor-widget-heading .elementor-heading-title.elementor-size-small{font-size:15px}.elementor-widget-heading .elementor-heading-title.elementor-size-medium{font-size:19px}.elementor-widget-heading .elementor-heading-title.elementor-size-large{font-size:29px}.elementor-widget-heading .elementor-heading-title.elementor-size-xl{font-size:39px}.elementor-widget-heading .elementor-heading-title.elementor-size-xxl{font-size:59px}<\/style><h1 class=\"elementor-heading-title elementor-size-default\">Les salons de massages tantriques \u00e0 Paris<\/h1>\t\t<\/div>\n\t\t\t\t<\/div>\n\t\t\t\t<div class=\"elementor-element elementor-element-9584ae3 elementor-icon-list--layout-traditional elementor-list-item-link-full_width elementor-widget elementor-widget-icon-list\" data-id=\"9584ae3\" data-element_type=\"widget\" data-widget_type=\"icon-list.default\">\n\t\t\t\t<div class=\"elementor-widget-container\">\n\t\t\t<link rel=\"stylesheet\" href=\"https:\/\/www.szen.fr\/massage\/wp-content\/plugins\/elementor\/assets\/css\/widget-icon-list.min.css\">\t\t<ul class=\"elementor-icon-list-items\">\n\t\t\t\t\t\t\t<li class=\"elementor-icon-list-item\">\n\t\t\t\t\t\t\t\t\t\t\t<a href=\"https:\/\/www.szen.fr\/massage\/le-massage-tantrique\/qu-est-ce-que-le-tantrisme\/\">\n\n\t\t\t\t\t\t\t\t\t\t\t<span class=\"elementor-icon-list-text\">Qu'est ce que le tantrisme ?<\/span>\n\t\t\t\t\t\t\t\t\t\t\t<\/a>\n\t\t\t\t\t\t\t\t\t<\/li>\n\t\t\t\t\t\t\t\t<li class=\"elementor-icon-list-item\">\n\t\t\t\t\t\t\t\t\t\t\t<a href=\"https:\/\/www.szen.fr\/massage\/le-massage-tantrique\/histoire-du-tantrisme\/\">\n\n\t\t\t\t\t\t\t\t\t\t\t<span class=\"elementor-icon-list-text\">Histoire du tantrisme<\/span>\n\t\t\t\t\t\t\t\t\t\t\t<\/a>\n\t\t\t\t\t\t\t\t\t<\/li>\n\t\t\t\t\t\t\t\t<li class=\"elementor-icon-list-item\">\n\t\t\t\t\t\t\t\t\t\t\t<a href=\"https:\/\/www.szen.fr\/massage\/le-massage-tantrique\/le-bouddhisme-tantrique\/\">\n\n\t\t\t\t\t\t\t\t\t\t\t<span class=\"elementor-icon-list-text\">Le Bouddhisme tantrique<\/span>\n\t\t\t\t\t\t\t\t\t\t\t<\/a>\n\t\t\t\t\t\t\t\t\t<\/li>\n\t\t\t\t\t\t\t\t<li class=\"elementor-icon-list-item\">\n\t\t\t\t\t\t\t\t\t\t\t<a href=\"https:\/\/www.szen.fr\/massage\/le-massage-tantrique\/les-sectes-tantriques\/\">\n\n\t\t\t\t\t\t\t\t\t\t\t<span class=\"elementor-icon-list-text\">Les Sectes Tantriques<\/span>\n\t\t\t\t\t\t\t\t\t\t\t<\/a>\n\t\t\t\t\t\t\t\t\t<\/li>\n\t\t\t\t\t\t\t\t<li class=\"elementor-icon-list-item\">\n\t\t\t\t\t\t\t\t\t\t\t<a href=\"https:\/\/www.szen.fr\/massage\/quels-sont-les-differents-type-de-massages-tantiques-a-paris\">\n\n\t\t\t\t\t\t\t\t\t\t\t<span class=\"elementor-icon-list-text\">Massages tantriques \u00e0 Paris<\/span>\n\t\t\t\t\t\t\t\t\t\t\t<\/a>\n\t\t\t\t\t\t\t\t\t<\/li>\n\t\t\t\t\t\t\t\t<li class=\"elementor-icon-list-item\">\n\t\t\t\t\t\t\t\t\t\t\t<a href=\"https:\/\/www.szen.fr\/massage\/le-massage-tantrique\/les-salons-de-massages-tantriques-a-paris\/\">\n\n\t\t\t\t\t\t\t\t\t\t\t<span class=\"elementor-icon-list-text\">Les salons de massages tantriques \u00e0 Paris<\/span>\n\t\t\t\t\t\t\t\t\t\t\t<\/a>\n\t\t\t\t\t\t\t\t\t<\/li>\n\t\t\t\t\t\t\t\t<li class=\"elementor-icon-list-item\">\n\t\t\t\t\t\t\t\t\t\t\t<a href=\"https:\/\/www.szen.fr\/massage\/le-massage-tantrique\/2-autres-massages-tantriques\/\">\n\n\t\t\t\t\t\t\t\t\t\t\t<span class=\"elementor-icon-list-text\">2 autres massages tantriques<\/span>\n\t\t\t\t\t\t\t\t\t\t\t<\/a>\n\t\t\t\t\t\t\t\t\t<\/li>\n\t\t\t\t\t\t<\/ul>\n\t\t\t\t<\/div>\n\t\t\t\t<\/div>\n\t\t\t\t<\/div>\n\t\t<div class=\"elementor-element elementor-element-f292363 e-con-full e-flex e-con e-child\" data-id=\"f292363\" data-element_type=\"container\" data-settings=\"{&quot;content_width&quot;:&quot;full&quot;}\">\n\t\t\t\t<div class=\"elementor-element elementor-element-962a94a elementor-widget elementor-widget-text-editor\" data-id=\"962a94a\" data-element_type=\"widget\" data-widget_type=\"text-editor.default\">\n\t\t\t\t<div class=\"elementor-widget-container\">\n\t\t\t<style>\/*! elementor - v3.18.0 - 08-12-2023 *\/\n.elementor-widget-text-editor.elementor-drop-cap-view-stacked .elementor-drop-cap{background-color:#69727d;color:#fff}.elementor-widget-text-editor.elementor-drop-cap-view-framed .elementor-drop-cap{color:#69727d;border:3px solid;background-color:transparent}.elementor-widget-text-editor:not(.elementor-drop-cap-view-default) .elementor-drop-cap{margin-top:8px}.elementor-widget-text-editor:not(.elementor-drop-cap-view-default) .elementor-drop-cap-letter{width:1em;height:1em}.elementor-widget-text-editor .elementor-drop-cap{float:left;text-align:center;line-height:1;font-size:50px}.elementor-widget-text-editor .elementor-drop-cap-letter{display:inline-block}<\/style>\t\t\t\tVous \u00eates \u00e0 la recherche d\u2019un salon sp\u00e9cialis\u00e9 en massages tantriques \u00e0 Paris ? Vous\naimeriez trouver une masseuse experte en tantra ? Chez SZEN, institut sp\u00e9cialis\u00e9 en\nmassage \u00e9rotique \u00e0 Paris, nous partageons avec vous toutes les cl\u00e9s pour entrer dans le\nmonde du tantra ainsi que de nombreuses adresses \u00e0 Paris o\u00f9 vous pourrez profiter d\u2019une\nexp\u00e9rience de relaxation intense avec l\u2019aide d\u2019un masseuse sp\u00e9cialis\u00e9e.\n<h2>Le massage tantra : une exp\u00e9rience \u00e0 vivre \u00e0 Paris en France<\/h2>\n\u00c0 Paris, de nombreux praticiens vous proposent des massages tantras. Mais, qu\u2019est-ce que\nle massage tantrique ?\nLe massage tantrique, g\u00e9n\u00e9ralement r\u00e9alis\u00e9 par un praticien professionnel (homme ou\nfemme), est un massage qui permet, pour le mass\u00e9, de prendre conscience de chaque\npartie de son corps et d\u2019\u00e9veiller tous ses sens. L\u2019objectif principal est de stimuler le corps et\nde r\u00e9veiller des sensations inoubliables, gr\u00e2ce \u00e0 un toucher doux et des gestes lents.\nLors de ce soin pratiqu\u00e9 enti\u00e8rement nu, tout le corps peut \u00eatre mass\u00e9 \u00e0 l\u2019aide d\u2019huiles de\nmassage : les pieds, les jambes, le ventre, le dos, les seins, etc. Toutes les zones \u00e9rog\u00e8nes\nsont \u00e9galement caress\u00e9es pour un maximum de plaisir. Attention : il ne s\u2019agit en aucun cas\nd\u2019un acte sexuel. Un respect mutuel entre le mass\u00e9 et la masseuse est obligatoire.\nBon \u00e0 savoir : vous pouvez \u00e9galement r\u00e9aliser ce type de massage en couple pour renforcer\nvotre complicit\u00e9 et raviver la passion ! N&rsquo;h\u00e9sitez pas \u00e0 consulter les annonces en ligne des\npraticiennes pour r\u00e9server une s\u00e9ance en couple.\n<h3>Les bienfaits du massage tantrique sur le corps et l&rsquo;esprit<\/h3>\nLe massage tantrique offre de nombreux bienfaits. Il permet notamment d\u2019\u00e9veiller les sens,\nd\u2019offrir une meilleure circulation des \u00e9nergies et d\u2019\u00e9lever son esprit.\nPar ailleurs, cette pratique permet de stimuler le corps dans son ensemble, de ressentir\nchaque zone de son corps et de reprendre confiance en soi.\nEnfin, ce massage offre un v\u00e9ritable \u00e9tat de relaxation et de l\u00e2cher-prise.\n<h2>D\u00e9couvrez l&rsquo;univers du tantra et r\u00e9alisez une s\u00e9ance de massage tantrique \u00e0 Paris\n<\/h2>\nOuvrons ensemble les portes de l\u2019univers du tantrisme \u00e0 Paris et d\u00e9couvrez de nombreuses\nadresses incontournables avec SZEN.\n<h3>Salon Carine : un espace de relaxation et de bien-\u00eatre<\/h3>\nBesoin de temps pour vous ? Envie de d\u00e9connecter et de l\u00e2cher-prise tout en stimulant votre\n\u00e9nergie ? Le Salon Carine vous accueille \u00e0 Paris dans un espace sp\u00e9cialement d\u00e9di\u00e9 \u00e0 la\nd\u00e9tente et au bien-\u00eatre. D\u00e9cor\u00e9 avec soin et minutie, Carine vous attend dans son salon\nprofessionnel pour vous faire vivre un moment hors du temps, \u00e9veiller tous vos sens et\nrecentrer votre \u00e9nergie sexuelle gr\u00e2ce \u00e0 un massage tantrique.\n<h3>C\u00e9line Massage : Une exp\u00e9rience tantrique exceptionnelle<\/h3>\nBienvenue dans le monde de C\u00e9line ! Sp\u00e9cialis\u00e9e en massage \u00e9rotique, en massage body\nbody et en massage cachemirien depuis de nombreuses ann\u00e9es, cette professionnelle vous\npropose des soins sp\u00e9cialement con\u00e7us pour votre bien-\u00eatre et votre confort. Reconnue\npour son exp\u00e9rience exceptionnelle dans le domaine du tantra, C\u00e9line vous offrira une\nprestation de qualit\u00e9 pour stimuler vos sens et retrouver votre \u00e9nergie sexuelle.\n<h3>L&rsquo;espace Carine Morard : Un lieu professionnel d\u00e9di\u00e9 \u00e0 la relaxation et \u00e0 la conscience\ndu corps<\/h3>\nPlace \u00e0 la douceur et \u00e0 la prise de conscience de son \u00eatre avec Carine ! Praticienne\nsp\u00e9cialis\u00e9e en massages tantriques, massage californien et massage cachemirien \u00e0 Paris,\nelle vous accueille dans un lieu chaleureux et confortable, o\u00f9 seuls votre bien-\u00eatre et l\u2019\u00e9veil\nde votre sexualit\u00e9 sont importants. Oubliez le stress du quotidien, faites de la place dans\nvotre esprit et offrez-vous un voyage int\u00e9rieur avec l\u2019aide de cette professionnelle naturiste\nau toucher sensuel.\nVous souhaitez trouver davantage d\u2019adresses de masseuses professionnelles ? Nous vous\nconseillons de consulter les annonces en ligne des masseuses et de trouver celle qui\ncorrespond le plus \u00e0 vos attentes et vos besoins. Il ne vous restera plus qu&rsquo;\u00e0 r\u00e9server une\ns\u00e9ance avec votre coup de coeur ! N\u2019h\u00e9sitez pas \u00e9galement \u00e0 nous contacter pour obtenir\ndes conseils et des recommandations. Sur notre site internet, cliquez \u00e9galement sur toutes\nnos prestations pour en savoir plus.\t\t\t\t\t\t<\/div>\n\t\t\t\t<\/div>\n\t\t\t\t<\/div>\n\t\t\t\t\t<\/div>\n\t\t\t\t<\/div>\n\t\t\t\t\t\t\t<\/div>\n\t\t","protected":false},"excerpt":{"rendered":"<p>Les salons de massages tantriques \u00e0 Paris Qu&rsquo;est ce que le tantrisme ? Histoire du tantrisme Le Bouddhisme tantrique Les Sectes Tantriques Massages tantriques \u00e0 Paris Les salons de massages tantriques \u00e0 Paris 2 autres massages tantriques Vous \u00eates \u00e0 la recherche d\u2019un salon sp\u00e9cialis\u00e9 en massages tantriques \u00e0 Paris ? Vous aimeriez trouver une [&hellip;]<\/p>\n","protected":false},"author":1,"featured_media":0,"parent":7505,"menu_order":2,"comment_status":"closed","ping_status":"closed","template":"page-full-width.php","meta":{"footnotes":""},"class_list":["post-8176","page","type-page","status-publish","hentry"],"yoast_head":"<!-- This site is optimized with the Yoast SEO Premium plugin v21.7 (Yoast SEO v21.7) - https:\/\/yoast.com\/wordpress\/plugins\/seo\/ -->\n<title>Les Sectes Tantriques<\/title>\n<meta name=\"description\" content=\"Comme toute doctrine, le tantrisme a souvent \u00e9t\u00e9 utilis\u00e9 \u00e0 des fins malveillantes par des personnes mal attentionn\u00e9es.\" \/>\n<meta name=\"robots\" content=\"index, follow, max-snippet:-1, max-image-preview:large, max-video-preview:-1\" \/>\n<link rel=\"canonical\" href=\"https:\/\/www.szen.fr\/massage\/le-massage-tantrique\/les-salons-de-massages-tantriques-a-paris\/\" \/>\n<meta property=\"og:locale\" content=\"fr_FR\" \/>\n<meta property=\"og:type\" content=\"article\" \/>\n<meta property=\"og:title\" content=\"Les salons de massages tantriques \u00e0 Paris\" \/>\n<meta property=\"og:description\" content=\"Comme toute doctrine, le tantrisme a souvent \u00e9t\u00e9 utilis\u00e9 \u00e0 des fins malveillantes par des personnes mal attentionn\u00e9es.\" \/>\n<meta property=\"og:url\" content=\"https:\/\/www.szen.fr\/massage\/le-massage-tantrique\/les-salons-de-massages-tantriques-a-paris\/\" \/>\n<meta property=\"og:site_name\" content=\"Wiki Massage by Szen\" \/>\n<meta property=\"article:modified_time\" content=\"2024-03-18T10:34:00+00:00\" \/>\n<meta property=\"og:image\" content=\"https:\/\/www.szen.fr\/massage\/wp-content\/uploads\/2021\/08\/h3-rev-img6-1024x512.jpg\" \/>\n<meta name=\"twitter:card\" content=\"summary_large_image\" \/>\n<meta name=\"twitter:label1\" content=\"Dur\u00e9e de lecture estim\u00e9e\" \/>\n\t<meta name=\"twitter:data1\" content=\"4 minutes\" \/>\n<script type=\"application\/ld+json\" class=\"yoast-schema-graph\">{\"@context\":\"https:\/\/schema.org\",\"@graph\":[{\"@type\":\"WebPage\",\"@id\":\"https:\/\/www.szen.fr\/massage\/le-massage-tantrique\/les-salons-de-massages-tantriques-a-paris\/\",\"url\":\"https:\/\/www.szen.fr\/massage\/le-massage-tantrique\/les-salons-de-massages-tantriques-a-paris\/\",\"name\":\"Les Sectes Tantriques\",\"isPartOf\":{\"@id\":\"https:\/\/www.szen.fr\/massage\/#website\"},\"datePublished\":\"2024-03-18T10:22:42+00:00\",\"dateModified\":\"2024-03-18T10:34:00+00:00\",\"description\":\"Comme toute doctrine, le tantrisme a souvent \u00e9t\u00e9 utilis\u00e9 \u00e0 des fins malveillantes par des personnes mal attentionn\u00e9es.\",\"breadcrumb\":{\"@id\":\"https:\/\/www.szen.fr\/massage\/le-massage-tantrique\/les-salons-de-massages-tantriques-a-paris\/#breadcrumb\"},\"inLanguage\":\"fr-FR\",\"potentialAction\":[{\"@type\":\"ReadAction\",\"target\":[\"https:\/\/www.szen.fr\/massage\/le-massage-tantrique\/les-salons-de-massages-tantriques-a-paris\/\"]}]},{\"@type\":\"BreadcrumbList\",\"@id\":\"https:\/\/www.szen.fr\/massage\/le-massage-tantrique\/les-salons-de-massages-tantriques-a-paris\/#breadcrumb\",\"itemListElement\":[{\"@type\":\"ListItem\",\"position\":1,\"name\":\"Accueil\",\"item\":\"https:\/\/www.szen.fr\/massage\/\"},{\"@type\":\"ListItem\",\"position\":2,\"name\":\"Le massage Tantrique\",\"item\":\"https:\/\/www.szen.fr\/massage\/le-massage-tantrique\/\"},{\"@type\":\"ListItem\",\"position\":3,\"name\":\"Les salons de massages tantriques \u00e0 Paris\"}]},{\"@type\":\"WebSite\",\"@id\":\"https:\/\/www.szen.fr\/massage\/#website\",\"url\":\"https:\/\/www.szen.fr\/massage\/\",\"name\":\"Wiki Massage by Szen\",\"description\":\"\",\"publisher\":{\"@id\":\"https:\/\/www.szen.fr\/massage\/#organization\"},\"potentialAction\":[{\"@type\":\"SearchAction\",\"target\":{\"@type\":\"EntryPoint\",\"urlTemplate\":\"https:\/\/www.szen.fr\/massage\/?s={search_term_string}\"},\"query-input\":\"required name=search_term_string\"}],\"inLanguage\":\"fr-FR\"},{\"@type\":\"Organization\",\"@id\":\"https:\/\/www.szen.fr\/massage\/#organization\",\"name\":\"Wiki Massage by Szen\",\"url\":\"https:\/\/www.szen.fr\/massage\/\",\"logo\":{\"@type\":\"ImageObject\",\"inLanguage\":\"fr-FR\",\"@id\":\"https:\/\/www.szen.fr\/massage\/#\/schema\/logo\/image\/\",\"url\":\"https:\/\/www.szen.fr\/massage\/wp-content\/uploads\/2023\/12\/cropped-logo-wiki-massage.png\",\"contentUrl\":\"https:\/\/www.szen.fr\/massage\/wp-content\/uploads\/2023\/12\/cropped-logo-wiki-massage.png\",\"width\":200,\"height\":89,\"caption\":\"Wiki Massage by Szen\"},\"image\":{\"@id\":\"https:\/\/www.szen.fr\/massage\/#\/schema\/logo\/image\/\"}}]}<\/script>\n<!-- \/ Yoast SEO Premium plugin. -->","yoast_head_json":{"title":"Les Sectes Tantriques","description":"Comme toute doctrine, le tantrisme a souvent \u00e9t\u00e9 utilis\u00e9 \u00e0 des fins malveillantes par des personnes mal attentionn\u00e9es.","robots":{"index":"index","follow":"follow","max-snippet":"max-snippet:-1","max-image-preview":"max-image-preview:large","max-video-preview":"max-video-preview:-1"},"canonical":"https:\/\/www.szen.fr\/massage\/le-massage-tantrique\/les-salons-de-massages-tantriques-a-paris\/","og_locale":"fr_FR","og_type":"article","og_title":"Les salons de massages tantriques \u00e0 Paris","og_description":"Comme toute doctrine, le tantrisme a souvent \u00e9t\u00e9 utilis\u00e9 \u00e0 des fins malveillantes par des personnes mal attentionn\u00e9es.","og_url":"https:\/\/www.szen.fr\/massage\/le-massage-tantrique\/les-salons-de-massages-tantriques-a-paris\/","og_site_name":"Wiki Massage by Szen","article_modified_time":"2024-03-18T10:34:00+00:00","og_image":[{"url":"https:\/\/www.szen.fr\/massage\/wp-content\/uploads\/2021\/08\/h3-rev-img6-1024x512.jpg"}],"twitter_card":"summary_large_image","twitter_misc":{"Dur\u00e9e de lecture estim\u00e9e":"4 minutes"},"schema":{"@context":"https:\/\/schema.org","@graph":[{"@type":"WebPage","@id":"https:\/\/www.szen.fr\/massage\/le-massage-tantrique\/les-salons-de-massages-tantriques-a-paris\/","url":"https:\/\/www.szen.fr\/massage\/le-massage-tantrique\/les-salons-de-massages-tantriques-a-paris\/","name":"Les Sectes Tantriques","isPartOf":{"@id":"https:\/\/www.szen.fr\/massage\/#website"},"datePublished":"2024-03-18T10:22:42+00:00","dateModified":"2024-03-18T10:34:00+00:00","description":"Comme toute doctrine, le tantrisme a souvent \u00e9t\u00e9 utilis\u00e9 \u00e0 des fins malveillantes par des personnes mal attentionn\u00e9es.","breadcrumb":{"@id":"https:\/\/www.szen.fr\/massage\/le-massage-tantrique\/les-salons-de-massages-tantriques-a-paris\/#breadcrumb"},"inLanguage":"fr-FR","potentialAction":[{"@type":"ReadAction","target":["https:\/\/www.szen.fr\/massage\/le-massage-tantrique\/les-salons-de-massages-tantriques-a-paris\/"]}]},{"@type":"BreadcrumbList","@id":"https:\/\/www.szen.fr\/massage\/le-massage-tantrique\/les-salons-de-massages-tantriques-a-paris\/#breadcrumb","itemListElement":[{"@type":"ListItem","position":1,"name":"Accueil","item":"https:\/\/www.szen.fr\/massage\/"},{"@type":"ListItem","position":2,"name":"Le massage Tantrique","item":"https:\/\/www.szen.fr\/massage\/le-massage-tantrique\/"},{"@type":"ListItem","position":3,"name":"Les salons de massages tantriques \u00e0 Paris"}]},{"@type":"WebSite","@id":"https:\/\/www.szen.fr\/massage\/#website","url":"https:\/\/www.szen.fr\/massage\/","name":"Wiki Massage by Szen","description":"","publisher":{"@id":"https:\/\/www.szen.fr\/massage\/#organization"},"potentialAction":[{"@type":"SearchAction","target":{"@type":"EntryPoint","urlTemplate":"https:\/\/www.szen.fr\/massage\/?s={search_term_string}"},"query-input":"required name=search_term_string"}],"inLanguage":"fr-FR"},{"@type":"Organization","@id":"https:\/\/www.szen.fr\/massage\/#organization","name":"Wiki Massage by Szen","url":"https:\/\/www.szen.fr\/massage\/","logo":{"@type":"ImageObject","inLanguage":"fr-FR","@id":"https:\/\/www.szen.fr\/massage\/#\/schema\/logo\/image\/","url":"https:\/\/www.szen.fr\/massage\/wp-content\/uploads\/2023\/12\/cropped-logo-wiki-massage.png","contentUrl":"https:\/\/www.szen.fr\/massage\/wp-content\/uploads\/2023\/12\/cropped-logo-wiki-massage.png","width":200,"height":89,"caption":"Wiki Massage by Szen"},"image":{"@id":"https:\/\/www.szen.fr\/massage\/#\/schema\/logo\/image\/"}}]}},"_links":{"self":[{"href":"https:\/\/www.szen.fr\/massage\/wp-json\/wp\/v2\/pages\/8176","targetHints":{"allow":["GET"]}}],"collection":[{"href":"https:\/\/www.szen.fr\/massage\/wp-json\/wp\/v2\/pages"}],"about":[{"href":"https:\/\/www.szen.fr\/massage\/wp-json\/wp\/v2\/types\/page"}],"author":[{"embeddable":true,"href":"https:\/\/www.szen.fr\/massage\/wp-json\/wp\/v2\/users\/1"}],"replies":[{"embeddable":true,"href":"https:\/\/www.szen.fr\/massage\/wp-json\/wp\/v2\/comments?post=8176"}],"version-history":[{"count":10,"href":"https:\/\/www.szen.fr\/massage\/wp-json\/wp\/v2\/pages\/8176\/revisions"}],"predecessor-version":[{"id":8194,"href":"https:\/\/www.szen.fr\/massage\/wp-json\/wp\/v2\/pages\/8176\/revisions\/8194"}],"up":[{"embeddable":true,"href":"https:\/\/www.szen.fr\/massage\/wp-json\/wp\/v2\/pages\/7505"}],"wp:attachment":[{"href":"https:\/\/www.szen.fr\/massage\/wp-json\/wp\/v2\/media?parent=8176"}],"curies":[{"name":"wp","href":"https:\/\/api.w.org\/{rel}","templated":true}]}}