{"id":8081,"date":"2024-03-01T07:36:23","date_gmt":"2024-03-01T06:36:23","guid":{"rendered":"https:\/\/www.szen.fr\/massage\/?page_id=8081"},"modified":"2024-07-08T14:43:25","modified_gmt":"2024-07-08T12:43:25","slug":"comment-reserver-une-masseuse-a-domicile-a-paris","status":"publish","type":"page","link":"https:\/\/www.szen.fr\/massage\/le-massage-a-domicile-a-paris\/comment-reserver-une-masseuse-a-domicile-a-paris\/","title":{"rendered":"Comment r\u00e9server un massage \u00e0 domicile \u00e0 Paris ?"},"content":{"rendered":"\t\t<div data-elementor-type=\"wp-page\" data-elementor-id=\"8081\" class=\"elementor elementor-8081\" data-elementor-post-type=\"page\">\n\t\t\t\t\t\t\t<div class=\"elementor-element elementor-element-360632b e-flex e-con-boxed e-con e-parent\" data-id=\"360632b\" data-element_type=\"container\" data-settings=\"{&quot;content_width&quot;:&quot;boxed&quot;}\" data-core-v316-plus=\"true\">\n\t\t\t\t\t<div class=\"e-con-inner\">\n\t\t<div class=\"elementor-element elementor-element-ea0cf13 e-con-full e-flex e-con e-child\" data-id=\"ea0cf13\" data-element_type=\"container\" data-settings=\"{&quot;content_width&quot;:&quot;full&quot;}\">\n\t\t\t\t<div class=\"elementor-element elementor-element-a246298 elementor-widget elementor-widget-breadcrumbs\" data-id=\"a246298\" data-element_type=\"widget\" data-widget_type=\"breadcrumbs.default\">\n\t\t\t\t<div class=\"elementor-widget-container\">\n\t\t\t<link rel=\"stylesheet\" href=\"https:\/\/www.szen.fr\/massage\/wp-content\/plugins\/elementor-pro\/assets\/css\/widget-theme-elements.min.css\"><p id=\"breadcrumbs\"><span><span><a href=\"https:\/\/www.szen.fr\/massage\/\">Accueil<\/a><\/span><\/span><\/p>\t\t<\/div>\n\t\t\t\t<\/div>\n\t\t\t\t<div class=\"elementor-element elementor-element-a5cc0cf elementor-widget elementor-widget-image\" data-id=\"a5cc0cf\" data-element_type=\"widget\" alt=\"le massage tantrique\" data-widget_type=\"image.default\">\n\t\t\t\t<div class=\"elementor-widget-container\">\n\t\t\t<style>\/*! elementor - v3.18.0 - 08-12-2023 *\/\n.elementor-widget-image{text-align:center}.elementor-widget-image a{display:inline-block}.elementor-widget-image a img[src$=\".svg\"]{width:48px}.elementor-widget-image img{vertical-align:middle;display:inline-block}<\/style>\t\t\t\t\t\t\t\t\t\t\t\t<img fetchpriority=\"high\" decoding=\"async\" width=\"1024\" height=\"174\" src=\"https:\/\/www.szen.fr\/massage\/wp-content\/uploads\/2024\/07\/massage-a-domicile-paris-1024x174.jpg\" class=\"attachment-large size-large wp-image-8321\" alt=\"Massage \u00e0 domicile Paris\" srcset=\"https:\/\/www.szen.fr\/massage\/wp-content\/uploads\/2024\/07\/massage-a-domicile-paris-1024x174.jpg 1024w, https:\/\/www.szen.fr\/massage\/wp-content\/uploads\/2024\/07\/massage-a-domicile-paris-300x51.jpg 300w, https:\/\/www.szen.fr\/massage\/wp-content\/uploads\/2024\/07\/massage-a-domicile-paris-768x130.jpg 768w, https:\/\/www.szen.fr\/massage\/wp-content\/uploads\/2024\/07\/massage-a-domicile-paris.jpg 1120w\" sizes=\"(max-width: 1024px) 100vw, 1024px\" \/>\t\t\t\t\t\t\t\t\t\t\t\t\t\t\t<\/div>\n\t\t\t\t<\/div>\n\t\t\t\t<\/div>\n\t\t\t\t\t<\/div>\n\t\t\t\t<\/div>\n\t\t<div class=\"elementor-element elementor-element-38ac74f e-flex e-con-boxed e-con e-parent\" data-id=\"38ac74f\" data-element_type=\"container\" data-settings=\"{&quot;content_width&quot;:&quot;boxed&quot;}\" data-core-v316-plus=\"true\">\n\t\t\t\t\t<div class=\"e-con-inner\">\n\t\t<div class=\"elementor-element elementor-element-d5e1cba e-con-full e-flex e-con e-child\" data-id=\"d5e1cba\" data-element_type=\"container\" data-settings=\"{&quot;content_width&quot;:&quot;full&quot;}\">\n\t\t\t\t<div class=\"elementor-element elementor-element-5b85f3e elementor-widget elementor-widget-heading\" data-id=\"5b85f3e\" data-element_type=\"widget\" data-widget_type=\"heading.default\">\n\t\t\t\t<div class=\"elementor-widget-container\">\n\t\t\t<style>\/*! elementor - v3.18.0 - 08-12-2023 *\/\n.elementor-heading-title{padding:0;margin:0;line-height:1}.elementor-widget-heading .elementor-heading-title[class*=elementor-size-]>a{color:inherit;font-size:inherit;line-height:inherit}.elementor-widget-heading .elementor-heading-title.elementor-size-small{font-size:15px}.elementor-widget-heading .elementor-heading-title.elementor-size-medium{font-size:19px}.elementor-widget-heading .elementor-heading-title.elementor-size-large{font-size:29px}.elementor-widget-heading .elementor-heading-title.elementor-size-xl{font-size:39px}.elementor-widget-heading .elementor-heading-title.elementor-size-xxl{font-size:59px}<\/style><h1 class=\"elementor-heading-title elementor-size-default\">Comment r\u00e9server une masseuse \u00e0 domicile \u00e0  Paris ?<\/h1>\t\t<\/div>\n\t\t\t\t<\/div>\n\t\t\t\t<div class=\"elementor-element elementor-element-cb1c2b3 elementor-icon-list--layout-traditional elementor-list-item-link-full_width elementor-widget elementor-widget-icon-list\" data-id=\"cb1c2b3\" data-element_type=\"widget\" data-widget_type=\"icon-list.default\">\n\t\t\t\t<div class=\"elementor-widget-container\">\n\t\t\t<link rel=\"stylesheet\" href=\"https:\/\/www.szen.fr\/massage\/wp-content\/plugins\/elementor\/assets\/css\/widget-icon-list.min.css\">\t\t<ul class=\"elementor-icon-list-items\">\n\t\t\t\t\t\t\t<li class=\"elementor-icon-list-item\">\n\t\t\t\t\t\t\t\t\t\t\t<a href=\"https:\/\/www.szen.fr\/massage\/le-massage-a-domicile-a-paris\/\">\n\n\t\t\t\t\t\t\t\t\t\t\t<span class=\"elementor-icon-list-text\">Le massage \u00e0 domicile \u00e0 Paris<\/span>\n\t\t\t\t\t\t\t\t\t\t\t<\/a>\n\t\t\t\t\t\t\t\t\t<\/li>\n\t\t\t\t\t\t\t\t<li class=\"elementor-icon-list-item\">\n\t\t\t\t\t\t\t\t\t\t\t<a href=\"https:\/\/www.szen.fr\/massage\/le-massage-a-domicile\/masseuse-a-domicile-paris\/\">\n\n\t\t\t\t\t\t\t\t\t\t\t<span class=\"elementor-icon-list-text\">Pourquoi faire appel \u00e0 une masseuse \u00e0 domicile \u00e0 Paris<\/span>\n\t\t\t\t\t\t\t\t\t\t\t<\/a>\n\t\t\t\t\t\t\t\t\t<\/li>\n\t\t\t\t\t\t\t\t<li class=\"elementor-icon-list-item\">\n\t\t\t\t\t\t\t\t\t\t\t<a href=\"https:\/\/www.szen.fr\/massage\/le-massage-a-domicile\/comment-reserver-une-masseuse-a-domicile-a-paris\/\">\n\n\t\t\t\t\t\t\t\t\t\t\t<span class=\"elementor-icon-list-text\">Comment r\u00e9server une masseuse \u00e0 domicile \u00e0  Paris ?<\/span>\n\t\t\t\t\t\t\t\t\t\t\t<\/a>\n\t\t\t\t\t\t\t\t\t<\/li>\n\t\t\t\t\t\t\t\t<li class=\"elementor-icon-list-item\">\n\t\t\t\t\t\t\t\t\t\t\t<a href=\"https:\/\/www.szen.fr\/massage\/le-massage-a-domicile\/ou-trouver-une-masseuse-a-domicile-a-paris\/\">\n\n\t\t\t\t\t\t\t\t\t\t\t<span class=\"elementor-icon-list-text\">O\u00f9 trouver une masseuse \u00e0 domicile \u00e0 Paris ?<\/span>\n\t\t\t\t\t\t\t\t\t\t\t<\/a>\n\t\t\t\t\t\t\t\t\t<\/li>\n\t\t\t\t\t\t<\/ul>\n\t\t\t\t<\/div>\n\t\t\t\t<\/div>\n\t\t\t\t<\/div>\n\t\t<div class=\"elementor-element elementor-element-f292363 e-con-full e-flex e-con e-child\" data-id=\"f292363\" data-element_type=\"container\" data-settings=\"{&quot;content_width&quot;:&quot;full&quot;}\">\n\t\t\t\t<div class=\"elementor-element elementor-element-962a94a elementor-widget elementor-widget-text-editor\" data-id=\"962a94a\" data-element_type=\"widget\" data-widget_type=\"text-editor.default\">\n\t\t\t\t<div class=\"elementor-widget-container\">\n\t\t\t<style>\/*! elementor - v3.18.0 - 08-12-2023 *\/\n.elementor-widget-text-editor.elementor-drop-cap-view-stacked .elementor-drop-cap{background-color:#69727d;color:#fff}.elementor-widget-text-editor.elementor-drop-cap-view-framed .elementor-drop-cap{color:#69727d;border:3px solid;background-color:transparent}.elementor-widget-text-editor:not(.elementor-drop-cap-view-default) .elementor-drop-cap{margin-top:8px}.elementor-widget-text-editor:not(.elementor-drop-cap-view-default) .elementor-drop-cap-letter{width:1em;height:1em}.elementor-widget-text-editor .elementor-drop-cap{float:left;text-align:center;line-height:1;font-size:50px}.elementor-widget-text-editor .elementor-drop-cap-letter{display:inline-block}<\/style>\t\t\t\tVous \u00eates \u00e0 la recherche d\u2019une masseuse \u00e0 domicile pour vivre une exp\u00e9rience inoubliable\nchez vous ? Vous ne savez pas comment r\u00e9server un massage \u00e0 domicile \u00e0 Paris ?\nChez SZEN, institut sp\u00e9cialis\u00e9 dans les massages tantriques et \u00e9rotiques, nous allons tout\nvous expliquer ! Gr\u00e2ce \u00e0 nos conseils, vous allez pouvoir trouver un ind\u00e9pendant de\nconfiance, homme ou femme, pouvant r\u00e9aliser directement \u00e0 votre domicile \u00e0 Paris un\nservice sur-mesure pour un moment 100% relaxant.\nGr\u00e2ce \u00e0 leur table de massage et leur huile hydratante, les masseurs ind\u00e9pendants pourront\nvous proposer une large gamme de soins adapt\u00e9s \u00e0 vos besoins et vos envies. Parmi cette\ngamme, vous pourrez profiter notamment de massage lomi lomi, de deep tissue, de\nmassage cr\u00e2nien, shiatsu et bien d\u2019autres encore.\nL\u2019objectif est de vous d\u00e9tendre et de rel\u00e2cher les tensions et le stress qui s\u2019accumulent\ndepuis des jours dans votre corps.\n<h2>Quelles sont les meilleures plateformes en ligne pour r\u00e9server un massage \u00e0 domicile\n\u00e0 Paris ?<\/h2>\nSi vous souhaitez r\u00e9server en ligne un massage \u00e0 domicile, il existe de nombreuses\nplateformes en ligne de confiance, comme Wecasa.\nEn effet, la plateforme Wecasa est reconnue pour son large choix de services d\u2019aide et de\nbien-\u00eatre \u00e0 domicile. Parmi ses services de massage, vous profiterez d\u2019une s\u00e9lection de\nmassages : massage d\u00e9couverte, massage relaxant, californien, deep tissue, massage\nayurv\u00e9dique, massage lomi lomi, tha\u00ef, r\u00e9flexologie plantaire, massage cr\u00e2nien, drainage\nlymphatique, m\u00e9thode Renata, etc. Le plus dur sera de choisir !\nVous ne savez pas comment fonctionne Wecasa ? Sachez qu\u2019il est tr\u00e8s simple de r\u00e9server\nsur la plateforme en ligne Wecasa. Il vous suffit simplement de s\u00e9lectionner le type de\nmassage que vous souhaitez, avec un homme ou une femme, et de donner vos\ndisponibilit\u00e9s. Ensuite, la plateforme Wecasa s\u2019occupe de trouver le meilleur masseur ou la\nmeilleure masseuse pr\u00e8s de chez vous, dans votre arrondissement \u00e0 Paris. Le jour du\nrendez-vous, le professionnel arrive avec sa table de massage et son huile directement chez\nvous. Il ne vous restera plus qu\u2019\u00e0 profiter et vous d\u00e9tendre enfin ! Fini le stress, place \u00e0 la\nrelaxation.\nHommes ou femmes, prenez vite rendez-vous pour vous octroyer de v\u00e9ritables moments de\nrelaxation avec un massage ou un soin sur-mesure ! Que vous soyez dans le d\u00e9p. de Paris,\ndans les Hauts-de-Seine, en Seine-Saint-Denis ou encore dans le Val-de-Marne, vous\ntrouverez sans aucun doute des pros proches de chez vous, et certainement dans le m\u00eame\narrondissement que vous.\n<h2>Les esth\u00e9ticiennes ind\u00e9pendantes disponibles prochainement dans votre\narrondissement \u00e0 Paris<\/h2>\nVous aimeriez trouver une esth\u00e9ticienne de confiance qui peut se d\u00e9placer chez vous pour\ndes soins \u00e0 domicile ? Ces professionnelles ind\u00e9pendantes se font souvent conna\u00eetre via\ndes annonces en ligne. Sur ces derni\u00e8res, vous pourrez d\u2019ailleurs retrouver tous les soins\npropos\u00e9s, les dipl\u00f4mes du professionnel, mais aussi les avis de leurs clients. Ces avis sont\ntr\u00e8s importants : ils vous permettent d\u2019avoir un aper\u00e7u quant au service propos\u00e9 et au\nsavoir-faire de l\u2019esth\u00e9ticienne.\nN\u2019h\u00e9sitez pas toutefois \u00e0 prendre contact avec le professionnel ind\u00e9pendant qui vous\nint\u00e9resse. Vous pourrez ainsi lui poser toutes vos questions, en savoir plus sur le prix de la\nprestation, et trouver le soin ou massage le plus adapt\u00e9 \u00e0 vos besoins.\n<h2>Les annonces des masseuses \u00e0 domicile \u00e0 Paris<\/h2>\nAu m\u00eame titre que les esth\u00e9ticiennes, vous pouvez \u00e9galement trouver en ligne des\nannonces de masseuses expertes en soins \u00e0 domicile.\nSur leur annonce, vous pourrez retrouver leurs diff\u00e9rentes sp\u00e9cialit\u00e9s : massages relaxants,\nmassage californien, massage tha\u00ef, Kobido, lomi lomi, massage palper-rouler, massage\nsu\u00e9dois, deep tissue, drainage lymphatique, r\u00e9flexologie plantaire, Renata, ayurv\u00e9dique, etc.\nVous pourrez aussi vous assurer de leur savoir-faire et de leurs comp\u00e9tences en d\u00e9couvrant\nleurs certifications mais aussi les diff\u00e9rents avis laiss\u00e9s par de pr\u00e9c\u00e9dents clients. Sur leur\nannonce, vous pourrez certainement apercevoir aussi des photos de soins pouvant \u00eatre\nr\u00e9alis\u00e9s \u00e0 domicile \u00e0 Paris.\nEnfin, vous aurez la possibilit\u00e9 de voir leur localisation (d\u00e9p. Paris, Hauts-de-Seine,\nSeine-Saint-Denis, Val-de-Marne, etc.) et dans quel arrondissement ces masseurs ou\nmasseuses fran\u00e7ais exercent principalement. Cela vous permettra de choisir le masseur ou\nla masseuse le plus proche de chez vous.\n<h2>Faire un massage \u00e0 domicile avec un ind\u00e9pendant \u00e0 Paris en France<\/h2>\nVous avez fini par tomber sur une annonce all\u00e9chante avec des photos inspirantes et des\navis rassurants ? Vous aimeriez r\u00e9aliser un soin ou un massage avec un ind\u00e9pendant\nfran\u00e7ais, homme ou femme, exer\u00e7ant proche de votre arrondissement \u00e0 Paris ? Il ne vous\nreste plus qu\u2019\u00e0 prendre rendez-vous et \u00e0 attendre patiemment votre s\u00e9ance. Le masseur ou\nla masseuse se d\u00e9placera chez vous pour vous offrir un v\u00e9ritable moment de d\u00e9tente et de\nrelaxation. Profitez-en pour rel\u00e2cher toutes les tensions de votre corps et \u00e9loigner le stress.\nC&rsquo;est votre moment !\t\t\t\t\t\t<\/div>\n\t\t\t\t<\/div>\n\t\t\t\t<div class=\"elementor-element elementor-element-4f3f41b elementor-icon-list--layout-traditional elementor-list-item-link-full_width elementor-widget elementor-widget-icon-list\" data-id=\"4f3f41b\" data-element_type=\"widget\" data-widget_type=\"icon-list.default\">\n\t\t\t\t<div class=\"elementor-widget-container\">\n\t\t\t\t\t<ul class=\"elementor-icon-list-items\">\n\t\t\t\t\t\t\t<li class=\"elementor-icon-list-item\">\n\t\t\t\t\t\t\t\t\t\t\t<a href=\"https:\/\/www.wecasa.fr\/massage-domicile\/paris\" rel=\"nofollow\">\n\n\t\t\t\t\t\t\t\t\t\t\t\t<span class=\"elementor-icon-list-icon\">\n\t\t\t\t\t\t\t<svg aria-hidden=\"true\" class=\"e-font-icon-svg e-fas-link\" viewBox=\"0 0 512 512\" xmlns=\"http:\/\/www.w3.org\/2000\/svg\"><path d=\"M326.612 185.391c59.747 59.809 58.927 155.698.36 214.59-.11.12-.24.25-.36.37l-67.2 67.2c-59.27 59.27-155.699 59.262-214.96 0-59.27-59.26-59.27-155.7 0-214.96l37.106-37.106c9.84-9.84 26.786-3.3 27.294 10.606.648 17.722 3.826 35.527 9.69 52.721 1.986 5.822.567 12.262-3.783 16.612l-13.087 13.087c-28.026 28.026-28.905 73.66-1.155 101.96 28.024 28.579 74.086 28.749 102.325.51l67.2-67.19c28.191-28.191 28.073-73.757 0-101.83-3.701-3.694-7.429-6.564-10.341-8.569a16.037 16.037 0 0 1-6.947-12.606c-.396-10.567 3.348-21.456 11.698-29.806l21.054-21.055c5.521-5.521 14.182-6.199 20.584-1.731a152.482 152.482 0 0 1 20.522 17.197zM467.547 44.449c-59.261-59.262-155.69-59.27-214.96 0l-67.2 67.2c-.12.12-.25.25-.36.37-58.566 58.892-59.387 154.781.36 214.59a152.454 152.454 0 0 0 20.521 17.196c6.402 4.468 15.064 3.789 20.584-1.731l21.054-21.055c8.35-8.35 12.094-19.239 11.698-29.806a16.037 16.037 0 0 0-6.947-12.606c-2.912-2.005-6.64-4.875-10.341-8.569-28.073-28.073-28.191-73.639 0-101.83l67.2-67.19c28.239-28.239 74.3-28.069 102.325.51 27.75 28.3 26.872 73.934-1.155 101.96l-13.087 13.087c-4.35 4.35-5.769 10.79-3.783 16.612 5.864 17.194 9.042 34.999 9.69 52.721.509 13.906 17.454 20.446 27.294 10.606l37.106-37.106c59.271-59.259 59.271-155.699.001-214.959z\"><\/path><\/svg>\t\t\t\t\t\t<\/span>\n\t\t\t\t\t\t\t\t\t\t<span class=\"elementor-icon-list-text\">Massage \u00e0 domicile \u00e0 Paris<\/span>\n\t\t\t\t\t\t\t\t\t\t\t<\/a>\n\t\t\t\t\t\t\t\t\t<\/li>\n\t\t\t\t\t\t<\/ul>\n\t\t\t\t<\/div>\n\t\t\t\t<\/div>\n\t\t\t\t<\/div>\n\t\t\t\t\t<\/div>\n\t\t\t\t<\/div>\n\t\t\t\t\t\t\t<\/div>\n\t\t","protected":false},"excerpt":{"rendered":"<p>Comment r\u00e9server une masseuse \u00e0 domicile \u00e0 Paris ? Le massage \u00e0 domicile \u00e0 Paris Pourquoi faire appel \u00e0 une masseuse \u00e0 domicile \u00e0 Paris Comment r\u00e9server une masseuse \u00e0 domicile \u00e0 Paris ? O\u00f9 trouver une masseuse \u00e0 domicile \u00e0 Paris ? Vous \u00eates \u00e0 la recherche d\u2019une masseuse \u00e0 domicile pour vivre une [&hellip;]<\/p>\n","protected":false},"author":1,"featured_media":0,"parent":7970,"menu_order":2,"comment_status":"closed","ping_status":"closed","template":"page-full-width.php","meta":{"footnotes":""},"class_list":["post-8081","page","type-page","status-publish","hentry"],"yoast_head":"<!-- This site is optimized with the Yoast SEO Premium plugin v21.7 (Yoast SEO v21.7) - https:\/\/yoast.com\/wordpress\/plugins\/seo\/ -->\n<title>Comment r\u00e9server un massage \u00e0 domicile \u00e0 Paris ?<\/title>\n<meta name=\"description\" content=\"Vous \u00eates \u00e0 la recherche d\u2019une masseuse \u00e0 domicile pour vivre une exp\u00e9rience inoubliable ?\" \/>\n<meta name=\"robots\" content=\"index, follow, max-snippet:-1, max-image-preview:large, max-video-preview:-1\" \/>\n<link rel=\"canonical\" href=\"https:\/\/www.szen.fr\/massage\/le-massage-a-domicile-a-paris\/comment-reserver-une-masseuse-a-domicile-a-paris\/\" \/>\n<meta property=\"og:locale\" content=\"fr_FR\" \/>\n<meta property=\"og:type\" content=\"article\" \/>\n<meta property=\"og:title\" content=\"Comment r\u00e9server un massage \u00e0 domicile \u00e0 Paris ?\" \/>\n<meta property=\"og:description\" content=\"Vous \u00eates \u00e0 la recherche d\u2019une masseuse \u00e0 domicile pour vivre une exp\u00e9rience inoubliable ?\" \/>\n<meta property=\"og:url\" content=\"https:\/\/www.szen.fr\/massage\/le-massage-a-domicile-a-paris\/comment-reserver-une-masseuse-a-domicile-a-paris\/\" \/>\n<meta property=\"og:site_name\" content=\"Wiki Massage by Szen\" \/>\n<meta property=\"article:modified_time\" content=\"2024-07-08T12:43:25+00:00\" \/>\n<meta property=\"og:image\" content=\"https:\/\/www.szen.fr\/massage\/wp-content\/uploads\/2024\/07\/massage-a-domicile-paris-1024x174.jpg\" \/>\n<meta name=\"twitter:card\" content=\"summary_large_image\" \/>\n<meta name=\"twitter:label1\" content=\"Dur\u00e9e de lecture estim\u00e9e\" \/>\n\t<meta name=\"twitter:data1\" content=\"5 minutes\" \/>\n<script type=\"application\/ld+json\" class=\"yoast-schema-graph\">{\"@context\":\"https:\/\/schema.org\",\"@graph\":[{\"@type\":\"WebPage\",\"@id\":\"https:\/\/www.szen.fr\/massage\/le-massage-a-domicile-a-paris\/comment-reserver-une-masseuse-a-domicile-a-paris\/\",\"url\":\"https:\/\/www.szen.fr\/massage\/le-massage-a-domicile-a-paris\/comment-reserver-une-masseuse-a-domicile-a-paris\/\",\"name\":\"Comment r\u00e9server un massage \u00e0 domicile \u00e0 Paris ?\",\"isPartOf\":{\"@id\":\"https:\/\/www.szen.fr\/massage\/#website\"},\"datePublished\":\"2024-03-01T06:36:23+00:00\",\"dateModified\":\"2024-07-08T12:43:25+00:00\",\"description\":\"Vous \u00eates \u00e0 la recherche d\u2019une masseuse \u00e0 domicile pour vivre une exp\u00e9rience inoubliable ?\",\"breadcrumb\":{\"@id\":\"https:\/\/www.szen.fr\/massage\/le-massage-a-domicile-a-paris\/comment-reserver-une-masseuse-a-domicile-a-paris\/#breadcrumb\"},\"inLanguage\":\"fr-FR\",\"potentialAction\":[{\"@type\":\"ReadAction\",\"target\":[\"https:\/\/www.szen.fr\/massage\/le-massage-a-domicile-a-paris\/comment-reserver-une-masseuse-a-domicile-a-paris\/\"]}]},{\"@type\":\"BreadcrumbList\",\"@id\":\"https:\/\/www.szen.fr\/massage\/le-massage-a-domicile-a-paris\/comment-reserver-une-masseuse-a-domicile-a-paris\/#breadcrumb\",\"itemListElement\":[{\"@type\":\"ListItem\",\"position\":1,\"name\":\"Accueil\",\"item\":\"https:\/\/www.szen.fr\/massage\/\"},{\"@type\":\"ListItem\",\"position\":2,\"name\":\"Le massage \u00e0 domicile\",\"item\":\"https:\/\/www.szen.fr\/massage\/le-massage-a-domicile-a-paris\/\"},{\"@type\":\"ListItem\",\"position\":3,\"name\":\"Comment r\u00e9server un massage \u00e0 domicile \u00e0 Paris ?\"}]},{\"@type\":\"WebSite\",\"@id\":\"https:\/\/www.szen.fr\/massage\/#website\",\"url\":\"https:\/\/www.szen.fr\/massage\/\",\"name\":\"Wiki Massage by Szen\",\"description\":\"\",\"publisher\":{\"@id\":\"https:\/\/www.szen.fr\/massage\/#organization\"},\"potentialAction\":[{\"@type\":\"SearchAction\",\"target\":{\"@type\":\"EntryPoint\",\"urlTemplate\":\"https:\/\/www.szen.fr\/massage\/?s={search_term_string}\"},\"query-input\":\"required name=search_term_string\"}],\"inLanguage\":\"fr-FR\"},{\"@type\":\"Organization\",\"@id\":\"https:\/\/www.szen.fr\/massage\/#organization\",\"name\":\"Wiki Massage by Szen\",\"url\":\"https:\/\/www.szen.fr\/massage\/\",\"logo\":{\"@type\":\"ImageObject\",\"inLanguage\":\"fr-FR\",\"@id\":\"https:\/\/www.szen.fr\/massage\/#\/schema\/logo\/image\/\",\"url\":\"https:\/\/www.szen.fr\/massage\/wp-content\/uploads\/2023\/12\/cropped-logo-wiki-massage.png\",\"contentUrl\":\"https:\/\/www.szen.fr\/massage\/wp-content\/uploads\/2023\/12\/cropped-logo-wiki-massage.png\",\"width\":200,\"height\":89,\"caption\":\"Wiki Massage by Szen\"},\"image\":{\"@id\":\"https:\/\/www.szen.fr\/massage\/#\/schema\/logo\/image\/\"}}]}<\/script>\n<!-- \/ Yoast SEO Premium plugin. -->","yoast_head_json":{"title":"Comment r\u00e9server un massage \u00e0 domicile \u00e0 Paris ?","description":"Vous \u00eates \u00e0 la recherche d\u2019une masseuse \u00e0 domicile pour vivre une exp\u00e9rience inoubliable ?","robots":{"index":"index","follow":"follow","max-snippet":"max-snippet:-1","max-image-preview":"max-image-preview:large","max-video-preview":"max-video-preview:-1"},"canonical":"https:\/\/www.szen.fr\/massage\/le-massage-a-domicile-a-paris\/comment-reserver-une-masseuse-a-domicile-a-paris\/","og_locale":"fr_FR","og_type":"article","og_title":"Comment r\u00e9server un massage \u00e0 domicile \u00e0 Paris ?","og_description":"Vous \u00eates \u00e0 la recherche d\u2019une masseuse \u00e0 domicile pour vivre une exp\u00e9rience inoubliable ?","og_url":"https:\/\/www.szen.fr\/massage\/le-massage-a-domicile-a-paris\/comment-reserver-une-masseuse-a-domicile-a-paris\/","og_site_name":"Wiki Massage by Szen","article_modified_time":"2024-07-08T12:43:25+00:00","og_image":[{"url":"https:\/\/www.szen.fr\/massage\/wp-content\/uploads\/2024\/07\/massage-a-domicile-paris-1024x174.jpg"}],"twitter_card":"summary_large_image","twitter_misc":{"Dur\u00e9e de lecture estim\u00e9e":"5 minutes"},"schema":{"@context":"https:\/\/schema.org","@graph":[{"@type":"WebPage","@id":"https:\/\/www.szen.fr\/massage\/le-massage-a-domicile-a-paris\/comment-reserver-une-masseuse-a-domicile-a-paris\/","url":"https:\/\/www.szen.fr\/massage\/le-massage-a-domicile-a-paris\/comment-reserver-une-masseuse-a-domicile-a-paris\/","name":"Comment r\u00e9server un massage \u00e0 domicile \u00e0 Paris ?","isPartOf":{"@id":"https:\/\/www.szen.fr\/massage\/#website"},"datePublished":"2024-03-01T06:36:23+00:00","dateModified":"2024-07-08T12:43:25+00:00","description":"Vous \u00eates \u00e0 la recherche d\u2019une masseuse \u00e0 domicile pour vivre une exp\u00e9rience inoubliable ?","breadcrumb":{"@id":"https:\/\/www.szen.fr\/massage\/le-massage-a-domicile-a-paris\/comment-reserver-une-masseuse-a-domicile-a-paris\/#breadcrumb"},"inLanguage":"fr-FR","potentialAction":[{"@type":"ReadAction","target":["https:\/\/www.szen.fr\/massage\/le-massage-a-domicile-a-paris\/comment-reserver-une-masseuse-a-domicile-a-paris\/"]}]},{"@type":"BreadcrumbList","@id":"https:\/\/www.szen.fr\/massage\/le-massage-a-domicile-a-paris\/comment-reserver-une-masseuse-a-domicile-a-paris\/#breadcrumb","itemListElement":[{"@type":"ListItem","position":1,"name":"Accueil","item":"https:\/\/www.szen.fr\/massage\/"},{"@type":"ListItem","position":2,"name":"Le massage \u00e0 domicile","item":"https:\/\/www.szen.fr\/massage\/le-massage-a-domicile-a-paris\/"},{"@type":"ListItem","position":3,"name":"Comment r\u00e9server un massage \u00e0 domicile \u00e0 Paris ?"}]},{"@type":"WebSite","@id":"https:\/\/www.szen.fr\/massage\/#website","url":"https:\/\/www.szen.fr\/massage\/","name":"Wiki Massage by Szen","description":"","publisher":{"@id":"https:\/\/www.szen.fr\/massage\/#organization"},"potentialAction":[{"@type":"SearchAction","target":{"@type":"EntryPoint","urlTemplate":"https:\/\/www.szen.fr\/massage\/?s={search_term_string}"},"query-input":"required name=search_term_string"}],"inLanguage":"fr-FR"},{"@type":"Organization","@id":"https:\/\/www.szen.fr\/massage\/#organization","name":"Wiki Massage by Szen","url":"https:\/\/www.szen.fr\/massage\/","logo":{"@type":"ImageObject","inLanguage":"fr-FR","@id":"https:\/\/www.szen.fr\/massage\/#\/schema\/logo\/image\/","url":"https:\/\/www.szen.fr\/massage\/wp-content\/uploads\/2023\/12\/cropped-logo-wiki-massage.png","contentUrl":"https:\/\/www.szen.fr\/massage\/wp-content\/uploads\/2023\/12\/cropped-logo-wiki-massage.png","width":200,"height":89,"caption":"Wiki Massage by Szen"},"image":{"@id":"https:\/\/www.szen.fr\/massage\/#\/schema\/logo\/image\/"}}]}},"_links":{"self":[{"href":"https:\/\/www.szen.fr\/massage\/wp-json\/wp\/v2\/pages\/8081","targetHints":{"allow":["GET"]}}],"collection":[{"href":"https:\/\/www.szen.fr\/massage\/wp-json\/wp\/v2\/pages"}],"about":[{"href":"https:\/\/www.szen.fr\/massage\/wp-json\/wp\/v2\/types\/page"}],"author":[{"embeddable":true,"href":"https:\/\/www.szen.fr\/massage\/wp-json\/wp\/v2\/users\/1"}],"replies":[{"embeddable":true,"href":"https:\/\/www.szen.fr\/massage\/wp-json\/wp\/v2\/comments?post=8081"}],"version-history":[{"count":22,"href":"https:\/\/www.szen.fr\/massage\/wp-json\/wp\/v2\/pages\/8081\/revisions"}],"predecessor-version":[{"id":8337,"href":"https:\/\/www.szen.fr\/massage\/wp-json\/wp\/v2\/pages\/8081\/revisions\/8337"}],"up":[{"embeddable":true,"href":"https:\/\/www.szen.fr\/massage\/wp-json\/wp\/v2\/pages\/7970"}],"wp:attachment":[{"href":"https:\/\/www.szen.fr\/massage\/wp-json\/wp\/v2\/media?parent=8081"}],"curies":[{"name":"wp","href":"https:\/\/api.w.org\/{rel}","templated":true}]}}