{"id":8072,"date":"2024-03-01T07:30:59","date_gmt":"2024-03-01T06:30:59","guid":{"rendered":"https:\/\/www.szen.fr\/massage\/?page_id=8072"},"modified":"2024-03-01T07:31:34","modified_gmt":"2024-03-01T06:31:34","slug":"quels-sont-les-differents-types-de-massages-nuru","status":"publish","type":"page","link":"https:\/\/www.szen.fr\/massage\/quels-sont-les-differents-types-de-massages-nuru\/","title":{"rendered":"Quels sont les diff\u00e9rents types de massages nuru ?"},"content":{"rendered":"\t\t<div data-elementor-type=\"wp-page\" data-elementor-id=\"8072\" class=\"elementor elementor-8072\" data-elementor-post-type=\"page\">\n\t\t\t\t\t\t\t<div class=\"elementor-element elementor-element-360632b e-flex e-con-boxed e-con e-parent\" data-id=\"360632b\" data-element_type=\"container\" data-settings=\"{&quot;content_width&quot;:&quot;boxed&quot;}\" data-core-v316-plus=\"true\">\n\t\t\t\t\t<div class=\"e-con-inner\">\n\t\t<div class=\"elementor-element elementor-element-ea0cf13 e-con-full e-flex e-con e-child\" data-id=\"ea0cf13\" data-element_type=\"container\" data-settings=\"{&quot;content_width&quot;:&quot;full&quot;}\">\n\t\t\t\t<div class=\"elementor-element elementor-element-a246298 elementor-widget elementor-widget-breadcrumbs\" data-id=\"a246298\" data-element_type=\"widget\" data-widget_type=\"breadcrumbs.default\">\n\t\t\t\t<div class=\"elementor-widget-container\">\n\t\t\t<link rel=\"stylesheet\" href=\"https:\/\/www.szen.fr\/massage\/wp-content\/plugins\/elementor-pro\/assets\/css\/widget-theme-elements.min.css\"><p id=\"breadcrumbs\"><span><span><a href=\"https:\/\/www.szen.fr\/massage\/\">Accueil<\/a><\/span><\/span><\/p>\t\t<\/div>\n\t\t\t\t<\/div>\n\t\t\t\t<div class=\"elementor-element elementor-element-a5cc0cf elementor-widget elementor-widget-image\" data-id=\"a5cc0cf\" data-element_type=\"widget\" alt=\"le massage tantrique\" data-widget_type=\"image.default\">\n\t\t\t\t<div class=\"elementor-widget-container\">\n\t\t\t<style>\/*! elementor - v3.18.0 - 08-12-2023 *\/\n.elementor-widget-image{text-align:center}.elementor-widget-image a{display:inline-block}.elementor-widget-image a img[src$=\".svg\"]{width:48px}.elementor-widget-image img{vertical-align:middle;display:inline-block}<\/style>\t\t\t\t\t\t\t\t\t\t\t\t<img fetchpriority=\"high\" decoding=\"async\" width=\"800\" height=\"800\" src=\"https:\/\/www.szen.fr\/massage\/wp-content\/uploads\/2021\/09\/insta-img-gallery-4.jpg\" class=\"attachment-large size-large wp-image-7288\" alt=\"massage naturiste\" srcset=\"https:\/\/www.szen.fr\/massage\/wp-content\/uploads\/2021\/09\/insta-img-gallery-4.jpg 800w, https:\/\/www.szen.fr\/massage\/wp-content\/uploads\/2021\/09\/insta-img-gallery-4-300x300.jpg 300w, https:\/\/www.szen.fr\/massage\/wp-content\/uploads\/2021\/09\/insta-img-gallery-4-150x150.jpg 150w, https:\/\/www.szen.fr\/massage\/wp-content\/uploads\/2021\/09\/insta-img-gallery-4-768x768.jpg 768w, https:\/\/www.szen.fr\/massage\/wp-content\/uploads\/2021\/09\/insta-img-gallery-4-650x650.jpg 650w\" sizes=\"(max-width: 800px) 100vw, 800px\" \/>\t\t\t\t\t\t\t\t\t\t\t\t\t\t\t<\/div>\n\t\t\t\t<\/div>\n\t\t\t\t<\/div>\n\t\t\t\t\t<\/div>\n\t\t\t\t<\/div>\n\t\t<div class=\"elementor-element elementor-element-38ac74f e-flex e-con-boxed e-con e-parent\" data-id=\"38ac74f\" data-element_type=\"container\" data-settings=\"{&quot;content_width&quot;:&quot;boxed&quot;}\" data-core-v316-plus=\"true\">\n\t\t\t\t\t<div class=\"e-con-inner\">\n\t\t<div class=\"elementor-element elementor-element-d5e1cba e-con-full e-flex e-con e-child\" data-id=\"d5e1cba\" data-element_type=\"container\" data-settings=\"{&quot;content_width&quot;:&quot;full&quot;}\">\n\t\t\t\t<div class=\"elementor-element elementor-element-5b85f3e elementor-widget elementor-widget-heading\" data-id=\"5b85f3e\" data-element_type=\"widget\" data-widget_type=\"heading.default\">\n\t\t\t\t<div class=\"elementor-widget-container\">\n\t\t\t<style>\/*! elementor - v3.18.0 - 08-12-2023 *\/\n.elementor-heading-title{padding:0;margin:0;line-height:1}.elementor-widget-heading .elementor-heading-title[class*=elementor-size-]>a{color:inherit;font-size:inherit;line-height:inherit}.elementor-widget-heading .elementor-heading-title.elementor-size-small{font-size:15px}.elementor-widget-heading .elementor-heading-title.elementor-size-medium{font-size:19px}.elementor-widget-heading .elementor-heading-title.elementor-size-large{font-size:29px}.elementor-widget-heading .elementor-heading-title.elementor-size-xl{font-size:39px}.elementor-widget-heading .elementor-heading-title.elementor-size-xxl{font-size:59px}<\/style><h1 class=\"elementor-heading-title elementor-size-default\">Quels sont les diff\u00e9rents types de massages nurus ?<\/h1>\t\t<\/div>\n\t\t\t\t<\/div>\n\t\t\t\t<div class=\"elementor-element elementor-element-96b7732 elementor-icon-list--layout-traditional elementor-list-item-link-full_width elementor-widget elementor-widget-icon-list\" data-id=\"96b7732\" data-element_type=\"widget\" data-widget_type=\"icon-list.default\">\n\t\t\t\t<div class=\"elementor-widget-container\">\n\t\t\t<link rel=\"stylesheet\" href=\"https:\/\/www.szen.fr\/massage\/wp-content\/plugins\/elementor\/assets\/css\/widget-icon-list.min.css\">\t\t<ul class=\"elementor-icon-list-items\">\n\t\t\t\t\t\t\t<li class=\"elementor-icon-list-item\">\n\t\t\t\t\t\t\t\t\t\t\t<a href=\"https:\/\/www.szen.fr\/massage\/le-massage-nuru\/\">\n\n\t\t\t\t\t\t\t\t\t\t\t<span class=\"elementor-icon-list-text\">Le massage Nuru<\/span>\n\t\t\t\t\t\t\t\t\t\t\t<\/a>\n\t\t\t\t\t\t\t\t\t<\/li>\n\t\t\t\t\t\t\t\t<li class=\"elementor-icon-list-item\">\n\t\t\t\t\t\t\t\t\t\t\t<a href=\"https:\/\/www.szen.fr\/massage\/quels-sont-les-differents-types-de-massages-nuru\/\">\n\n\t\t\t\t\t\t\t\t\t\t\t<span class=\"elementor-icon-list-text\">Quels sont les diff\u00e9rents types de massages nurus ?<\/span>\n\t\t\t\t\t\t\t\t\t\t\t<\/a>\n\t\t\t\t\t\t\t\t\t<\/li>\n\t\t\t\t\t\t<\/ul>\n\t\t\t\t<\/div>\n\t\t\t\t<\/div>\n\t\t\t\t<\/div>\n\t\t<div class=\"elementor-element elementor-element-f292363 e-con-full e-flex e-con e-child\" data-id=\"f292363\" data-element_type=\"container\" data-settings=\"{&quot;content_width&quot;:&quot;full&quot;}\">\n\t\t\t\t<div class=\"elementor-element elementor-element-962a94a elementor-widget elementor-widget-text-editor\" data-id=\"962a94a\" data-element_type=\"widget\" data-widget_type=\"text-editor.default\">\n\t\t\t\t<div class=\"elementor-widget-container\">\n\t\t\t<style>\/*! elementor - v3.18.0 - 08-12-2023 *\/\n.elementor-widget-text-editor.elementor-drop-cap-view-stacked .elementor-drop-cap{background-color:#69727d;color:#fff}.elementor-widget-text-editor.elementor-drop-cap-view-framed .elementor-drop-cap{color:#69727d;border:3px solid;background-color:transparent}.elementor-widget-text-editor:not(.elementor-drop-cap-view-default) .elementor-drop-cap{margin-top:8px}.elementor-widget-text-editor:not(.elementor-drop-cap-view-default) .elementor-drop-cap-letter{width:1em;height:1em}.elementor-widget-text-editor .elementor-drop-cap{float:left;text-align:center;line-height:1;font-size:50px}.elementor-widget-text-editor .elementor-drop-cap-letter{display:inline-block}<\/style>\t\t\t\tVous aimeriez vous offrir un massage nuru professionnel dans un salon proche du\nquartier de Levallois-Perret \u00e0 Paris ? Vous souhaitez en savoir plus sur les diff\u00e9rents\ntypes de massage nuru ?\nSZEN, institut professionnel de confiance sp\u00e9cialis\u00e9 dans les massages naturistes et\nbody body \u00e0 Paris, vous propose d\u2019en savoir plus sur ce soin exceptionnel.\n<h2>Le massage nuru : qu\u2019est-ce que c\u2019est ?<\/h2>\nTechnique originaire du Japon, le massage nuru consiste en un mouvement de\nglisse entre le mass\u00e9 et la masseuse. Il faut savoir \u00e9galement que tout le corps de la\nmasseuse est mis \u00e0 contribution dans ce massage \u00e9rotique (seins, mains, ventre,\netc) pendant la s\u00e9ance.\nPar ailleurs, alors que le mass\u00e9 est confortablement install\u00e9, la professionnelle\nl\u2019enduit d\u2019un gel sp\u00e9cifique, appel\u00e9 gel nuru. Ce gel, \u00e0 base d\u2019algues nori, permet\nd\u2019hydrater, de d\u00e9tendre mais surtout de d\u00e9cupler les sensations et le plaisir.\nAttention : ce gel ne sera pas utilis\u00e9 sur votre bite ou chatte, et peut \u00eatre remplac\u00e9\npar une huile.\n<h2>Faire un massage nuru seul ou en couple \u00e0 Paris<\/h2>\nLe massage sensuel nuru est un massage naturiste et intime qui peut se pratiquer\nseul, ou en couple, dans un institut sp\u00e9cialis\u00e9 ou dans un spa.\nSeul, vous profiterez du toucher doux et tendre de la masseuse, et vous serez\nplong\u00e9 dans une bulle de bien-\u00eatre intense o\u00f9 seul votre plaisir et votre relaxation\nseront votre priorit\u00e9. Par ailleurs, que vous soyez amateur ou habitu\u00e9, homme ou\nfemme, la professionnelle cherchera toujours \u00e0 vous mettre \u00e0 l\u2019aise et \u00e0 \u00e9couter vos\nbesoins et vos envies quelques minutes avant le soin.\nEn couple, ce soin naturiste est id\u00e9al si vous souhaitez vous retrouver ou vous\nrapprocher de votre partenaire pendant de longues minutes. Avec ce soin, vous\nprendrez alors du temps pour votre couple et vous serez \u00e0 l\u2019\u00e9coute du plaisir de\nvotre ch\u00e9ri(e). Vous passerez sans aucun doute un moment magique, accompagn\u00e9\nde votre douce masseuse professionnelle.\n<h2>Quelles les diff\u00e9rences entre un massage nuru, un massage tantrique et un\nmassage bodybody ?<\/h2>\nAmateur en la mati\u00e8re ? Pas de panique ! Chez SZEN, institut proche du quartier de\nLevallois-Perret, on vous donne toutes les cl\u00e9s pour bien comprendre les principales\ndiff\u00e9rences entre un massage nuru, tantrique et bodybody, qui peuvent \u00eatre\npratiqu\u00e9s en institut ou spa.\n<h3>Tout savoir sur le massage tantrique<\/h3>\nInspir\u00e9 du tao\u00efsme, du bouddhisme et aussi de l\u2019hindouisme, il associe \u00e0 la fois\nspiritualit\u00e9 et sensualit\u00e9. L\u2019objectif de ce massage naturiste est avant tout d\u2019\u00e9veiller\nles sens et de prendre conscience pleinement de chaque partie de son corps (dos,\nventre, seins, bite, mains, etc). Il offre \u00e9galement une v\u00e9ritable relaxation et une\nprofonde connexion avec soi-m\u00eame.\nSi vous aimez le c\u00f4t\u00e9 spirituel de ce soin, ce massage est fait pour vous. Vous allez\nvivre une exp\u00e9rience hors du commun\n<h3>D\u00e9couvrir le massage body body<\/h3>\nLe massage corps \u00e0 corps est un soin naturiste et sensuel r\u00e9alis\u00e9 avec des huiles,\nid\u00e9al pour les personnes qui souhaitent \u00e9chapper aux al\u00e9as et \u00e0 l\u2019agitation du\nquotidien. En effet, ce massage apporte une v\u00e9ritable sensation de bien-\u00eatre et\npermet de vous lib\u00e9rer de toutes les \u00e9motions n\u00e9gatives.\nLors d&rsquo;une s\u00e9ance en couple, vous pourrez toucher toutes les parties de votre corps\n(bite, chatte, ventre, seins, pieds, etc). Retrouvez votre s\u00e9r\u00e9nit\u00e9, seul ou en couple,\navec ce massage !\nN&rsquo;h\u00e9sitez pas \u00e0 consulter des vid\u00e9os avec un grand nombre de vues pour voir\ncomment se d\u00e9roule une s\u00e9ance typique.\n<h3>En savoir plus sur le massage nuru<\/h3>\nLe massage nuru est une technique japonaise qui peut \u00eatre pratiqu\u00e9e seul ou en\ncouple. Au cours de ce massage naturiste, le mass\u00e9 et la masseuse sont\nenti\u00e8rement nus. Cette derni\u00e8re enduit alors le client de gel nuru et le caresse\nd\u00e9licatement et lentement. L\u2019objectif de ce massage est de d\u00e9tendre les tensions\nmusculaires, r\u00e9duire le stress du quotidien et favoriser la relaxation.\nEnvie de l\u00e2cher-prise pendant de longues minutes dans un spa ou un institut ? Osez\nle massage nuru \u00e0 Paris sans h\u00e9siter !\nSi vous avez des doutes et que vous souhaitez avoir un aper\u00e7u, nous vous\nrecommandons de consulter des vid\u00e9os ou des photos hot avec le plus grand\nnombre de vues afin de vous faire votre propre avis.\n<h2>O\u00f9 r\u00e9aliser un massage nuru \u00e0 Paris ?<\/h2>\nVous \u00eates situ\u00e9 \u00e0 proximit\u00e9 de Levallois-Perret ? Vous \u00eates \u00e0 la recherche d\u2019un\ninstitut sp\u00e9cialis\u00e9 dans les massages nuru ou d&rsquo;un spa proposant ce type de\nprestations sensuelles proche du quartier de Levallois-Perret ? Chez SZEN, nous\navons tout ce qu\u2019il vous faut. Nous vous donnons rendez-vous dans notre institut\nsp\u00e9cialis\u00e9 dans les massages naturistes pour vous faire vivre une exp\u00e9rience\ninoubliable. Que vous soyez amateur ou expert en la mati\u00e8re, nous serons \u00e0 l&rsquo;\u00e9coute\nde votre plaisir et de vos besoins. Votre relaxation est notre priorit\u00e9 !\t\t\t\t\t\t<\/div>\n\t\t\t\t<\/div>\n\t\t\t\t<\/div>\n\t\t\t\t\t<\/div>\n\t\t\t\t<\/div>\n\t\t\t\t\t\t\t<\/div>\n\t\t","protected":false},"excerpt":{"rendered":"<p>Quels sont les diff\u00e9rents types de massages nurus ? Le massage Nuru Quels sont les diff\u00e9rents types de massages nurus ? Vous aimeriez vous offrir un massage nuru professionnel dans un salon proche du quartier de Levallois-Perret \u00e0 Paris ? Vous souhaitez en savoir plus sur les diff\u00e9rents types de massage nuru ? SZEN, institut [&hellip;]<\/p>\n","protected":false},"author":1,"featured_media":0,"parent":0,"menu_order":2,"comment_status":"closed","ping_status":"closed","template":"page-full-width.php","meta":{"footnotes":""},"class_list":["post-8072","page","type-page","status-publish","hentry"],"yoast_head":"<!-- This site is optimized with the Yoast SEO Premium plugin v21.7 (Yoast SEO v21.7) - https:\/\/yoast.com\/wordpress\/plugins\/seo\/ -->\n<title>Massage Nuru : Pratique ancestrale japonaise pour une relaxation profonde<\/title>\n<meta name=\"description\" content=\"D\u00e9couvrez le massage Nuru, une technique japonaise ancestrale offrant un voyage sensuel et relaxant. Amplifiez votre bien-\u00eatre et votre harmonie corporelle. \u00c0 d\u00e9couvrir sans plus attendre!\" \/>\n<meta name=\"robots\" content=\"index, follow, max-snippet:-1, max-image-preview:large, max-video-preview:-1\" \/>\n<link rel=\"canonical\" href=\"https:\/\/www.szen.fr\/massage\/quels-sont-les-differents-types-de-massages-nuru\/\" \/>\n<meta property=\"og:locale\" content=\"fr_FR\" \/>\n<meta property=\"og:type\" content=\"article\" \/>\n<meta property=\"og:title\" content=\"Quels sont les diff\u00e9rents types de massages nuru ?\" \/>\n<meta property=\"og:description\" content=\"D\u00e9couvrez le massage Nuru, une technique japonaise ancestrale offrant un voyage sensuel et relaxant. Amplifiez votre bien-\u00eatre et votre harmonie corporelle. \u00c0 d\u00e9couvrir sans plus attendre!\" \/>\n<meta property=\"og:url\" content=\"https:\/\/www.szen.fr\/massage\/quels-sont-les-differents-types-de-massages-nuru\/\" \/>\n<meta property=\"og:site_name\" content=\"Wiki Massage by Szen\" \/>\n<meta property=\"article:modified_time\" content=\"2024-03-01T06:31:34+00:00\" \/>\n<meta property=\"og:image\" content=\"https:\/\/www.szen.fr\/massage\/wp-content\/uploads\/2021\/09\/insta-img-gallery-4.jpg\" \/>\n<meta name=\"twitter:card\" content=\"summary_large_image\" \/>\n<meta name=\"twitter:label1\" content=\"Dur\u00e9e de lecture estim\u00e9e\" \/>\n\t<meta name=\"twitter:data1\" content=\"5 minutes\" \/>\n<script type=\"application\/ld+json\" class=\"yoast-schema-graph\">{\"@context\":\"https:\/\/schema.org\",\"@graph\":[{\"@type\":\"WebPage\",\"@id\":\"https:\/\/www.szen.fr\/massage\/quels-sont-les-differents-types-de-massages-nuru\/\",\"url\":\"https:\/\/www.szen.fr\/massage\/quels-sont-les-differents-types-de-massages-nuru\/\",\"name\":\"Massage Nuru : Pratique ancestrale japonaise pour une relaxation profonde\",\"isPartOf\":{\"@id\":\"https:\/\/www.szen.fr\/massage\/#website\"},\"datePublished\":\"2024-03-01T06:30:59+00:00\",\"dateModified\":\"2024-03-01T06:31:34+00:00\",\"description\":\"D\u00e9couvrez le massage Nuru, une technique japonaise ancestrale offrant un voyage sensuel et relaxant. Amplifiez votre bien-\u00eatre et votre harmonie corporelle. \u00c0 d\u00e9couvrir sans plus attendre!\",\"breadcrumb\":{\"@id\":\"https:\/\/www.szen.fr\/massage\/quels-sont-les-differents-types-de-massages-nuru\/#breadcrumb\"},\"inLanguage\":\"fr-FR\",\"potentialAction\":[{\"@type\":\"ReadAction\",\"target\":[\"https:\/\/www.szen.fr\/massage\/quels-sont-les-differents-types-de-massages-nuru\/\"]}]},{\"@type\":\"BreadcrumbList\",\"@id\":\"https:\/\/www.szen.fr\/massage\/quels-sont-les-differents-types-de-massages-nuru\/#breadcrumb\",\"itemListElement\":[{\"@type\":\"ListItem\",\"position\":1,\"name\":\"Accueil\",\"item\":\"https:\/\/www.szen.fr\/massage\/\"},{\"@type\":\"ListItem\",\"position\":2,\"name\":\"Quels sont les diff\u00e9rents types de massages nuru ?\"}]},{\"@type\":\"WebSite\",\"@id\":\"https:\/\/www.szen.fr\/massage\/#website\",\"url\":\"https:\/\/www.szen.fr\/massage\/\",\"name\":\"Wiki Massage by Szen\",\"description\":\"\",\"publisher\":{\"@id\":\"https:\/\/www.szen.fr\/massage\/#organization\"},\"potentialAction\":[{\"@type\":\"SearchAction\",\"target\":{\"@type\":\"EntryPoint\",\"urlTemplate\":\"https:\/\/www.szen.fr\/massage\/?s={search_term_string}\"},\"query-input\":\"required name=search_term_string\"}],\"inLanguage\":\"fr-FR\"},{\"@type\":\"Organization\",\"@id\":\"https:\/\/www.szen.fr\/massage\/#organization\",\"name\":\"Wiki Massage by Szen\",\"url\":\"https:\/\/www.szen.fr\/massage\/\",\"logo\":{\"@type\":\"ImageObject\",\"inLanguage\":\"fr-FR\",\"@id\":\"https:\/\/www.szen.fr\/massage\/#\/schema\/logo\/image\/\",\"url\":\"https:\/\/www.szen.fr\/massage\/wp-content\/uploads\/2023\/12\/cropped-logo-wiki-massage.png\",\"contentUrl\":\"https:\/\/www.szen.fr\/massage\/wp-content\/uploads\/2023\/12\/cropped-logo-wiki-massage.png\",\"width\":200,\"height\":89,\"caption\":\"Wiki Massage by Szen\"},\"image\":{\"@id\":\"https:\/\/www.szen.fr\/massage\/#\/schema\/logo\/image\/\"}}]}<\/script>\n<!-- \/ Yoast SEO Premium plugin. -->","yoast_head_json":{"title":"Massage Nuru : Pratique ancestrale japonaise pour une relaxation profonde","description":"D\u00e9couvrez le massage Nuru, une technique japonaise ancestrale offrant un voyage sensuel et relaxant. Amplifiez votre bien-\u00eatre et votre harmonie corporelle. \u00c0 d\u00e9couvrir sans plus attendre!","robots":{"index":"index","follow":"follow","max-snippet":"max-snippet:-1","max-image-preview":"max-image-preview:large","max-video-preview":"max-video-preview:-1"},"canonical":"https:\/\/www.szen.fr\/massage\/quels-sont-les-differents-types-de-massages-nuru\/","og_locale":"fr_FR","og_type":"article","og_title":"Quels sont les diff\u00e9rents types de massages nuru ?","og_description":"D\u00e9couvrez le massage Nuru, une technique japonaise ancestrale offrant un voyage sensuel et relaxant. Amplifiez votre bien-\u00eatre et votre harmonie corporelle. \u00c0 d\u00e9couvrir sans plus attendre!","og_url":"https:\/\/www.szen.fr\/massage\/quels-sont-les-differents-types-de-massages-nuru\/","og_site_name":"Wiki Massage by Szen","article_modified_time":"2024-03-01T06:31:34+00:00","og_image":[{"url":"https:\/\/www.szen.fr\/massage\/wp-content\/uploads\/2021\/09\/insta-img-gallery-4.jpg"}],"twitter_card":"summary_large_image","twitter_misc":{"Dur\u00e9e de lecture estim\u00e9e":"5 minutes"},"schema":{"@context":"https:\/\/schema.org","@graph":[{"@type":"WebPage","@id":"https:\/\/www.szen.fr\/massage\/quels-sont-les-differents-types-de-massages-nuru\/","url":"https:\/\/www.szen.fr\/massage\/quels-sont-les-differents-types-de-massages-nuru\/","name":"Massage Nuru : Pratique ancestrale japonaise pour une relaxation profonde","isPartOf":{"@id":"https:\/\/www.szen.fr\/massage\/#website"},"datePublished":"2024-03-01T06:30:59+00:00","dateModified":"2024-03-01T06:31:34+00:00","description":"D\u00e9couvrez le massage Nuru, une technique japonaise ancestrale offrant un voyage sensuel et relaxant. Amplifiez votre bien-\u00eatre et votre harmonie corporelle. \u00c0 d\u00e9couvrir sans plus attendre!","breadcrumb":{"@id":"https:\/\/www.szen.fr\/massage\/quels-sont-les-differents-types-de-massages-nuru\/#breadcrumb"},"inLanguage":"fr-FR","potentialAction":[{"@type":"ReadAction","target":["https:\/\/www.szen.fr\/massage\/quels-sont-les-differents-types-de-massages-nuru\/"]}]},{"@type":"BreadcrumbList","@id":"https:\/\/www.szen.fr\/massage\/quels-sont-les-differents-types-de-massages-nuru\/#breadcrumb","itemListElement":[{"@type":"ListItem","position":1,"name":"Accueil","item":"https:\/\/www.szen.fr\/massage\/"},{"@type":"ListItem","position":2,"name":"Quels sont les diff\u00e9rents types de massages nuru ?"}]},{"@type":"WebSite","@id":"https:\/\/www.szen.fr\/massage\/#website","url":"https:\/\/www.szen.fr\/massage\/","name":"Wiki Massage by Szen","description":"","publisher":{"@id":"https:\/\/www.szen.fr\/massage\/#organization"},"potentialAction":[{"@type":"SearchAction","target":{"@type":"EntryPoint","urlTemplate":"https:\/\/www.szen.fr\/massage\/?s={search_term_string}"},"query-input":"required name=search_term_string"}],"inLanguage":"fr-FR"},{"@type":"Organization","@id":"https:\/\/www.szen.fr\/massage\/#organization","name":"Wiki Massage by Szen","url":"https:\/\/www.szen.fr\/massage\/","logo":{"@type":"ImageObject","inLanguage":"fr-FR","@id":"https:\/\/www.szen.fr\/massage\/#\/schema\/logo\/image\/","url":"https:\/\/www.szen.fr\/massage\/wp-content\/uploads\/2023\/12\/cropped-logo-wiki-massage.png","contentUrl":"https:\/\/www.szen.fr\/massage\/wp-content\/uploads\/2023\/12\/cropped-logo-wiki-massage.png","width":200,"height":89,"caption":"Wiki Massage by Szen"},"image":{"@id":"https:\/\/www.szen.fr\/massage\/#\/schema\/logo\/image\/"}}]}},"_links":{"self":[{"href":"https:\/\/www.szen.fr\/massage\/wp-json\/wp\/v2\/pages\/8072","targetHints":{"allow":["GET"]}}],"collection":[{"href":"https:\/\/www.szen.fr\/massage\/wp-json\/wp\/v2\/pages"}],"about":[{"href":"https:\/\/www.szen.fr\/massage\/wp-json\/wp\/v2\/types\/page"}],"author":[{"embeddable":true,"href":"https:\/\/www.szen.fr\/massage\/wp-json\/wp\/v2\/users\/1"}],"replies":[{"embeddable":true,"href":"https:\/\/www.szen.fr\/massage\/wp-json\/wp\/v2\/comments?post=8072"}],"version-history":[{"count":5,"href":"https:\/\/www.szen.fr\/massage\/wp-json\/wp\/v2\/pages\/8072\/revisions"}],"predecessor-version":[{"id":8077,"href":"https:\/\/www.szen.fr\/massage\/wp-json\/wp\/v2\/pages\/8072\/revisions\/8077"}],"wp:attachment":[{"href":"https:\/\/www.szen.fr\/massage\/wp-json\/wp\/v2\/media?parent=8072"}],"curies":[{"name":"wp","href":"https:\/\/api.w.org\/{rel}","templated":true}]}}