{"id":8058,"date":"2024-02-15T09:49:48","date_gmt":"2024-02-15T08:49:48","guid":{"rendered":"https:\/\/www.szen.fr\/massage\/?page_id=8058"},"modified":"2024-07-08T14:49:26","modified_gmt":"2024-07-08T12:49:26","slug":"masseuse-a-domicile-paris","status":"publish","type":"page","link":"https:\/\/www.szen.fr\/massage\/le-massage-a-domicile-a-paris\/masseuse-a-domicile-paris\/","title":{"rendered":"Pourquoi une masseuse \u00e0 domicile \u00e0 Paris"},"content":{"rendered":"\t\t<div data-elementor-type=\"wp-page\" data-elementor-id=\"8058\" class=\"elementor elementor-8058\" data-elementor-post-type=\"page\">\n\t\t\t\t\t\t\t<div class=\"elementor-element elementor-element-360632b e-flex e-con-boxed e-con e-parent\" data-id=\"360632b\" data-element_type=\"container\" data-settings=\"{&quot;content_width&quot;:&quot;boxed&quot;}\" data-core-v316-plus=\"true\">\n\t\t\t\t\t<div class=\"e-con-inner\">\n\t\t<div class=\"elementor-element elementor-element-ea0cf13 e-con-full e-flex e-con e-child\" data-id=\"ea0cf13\" data-element_type=\"container\" data-settings=\"{&quot;content_width&quot;:&quot;full&quot;}\">\n\t\t\t\t<div class=\"elementor-element elementor-element-a246298 elementor-widget elementor-widget-breadcrumbs\" data-id=\"a246298\" data-element_type=\"widget\" data-widget_type=\"breadcrumbs.default\">\n\t\t\t\t<div class=\"elementor-widget-container\">\n\t\t\t<link rel=\"stylesheet\" href=\"https:\/\/www.szen.fr\/massage\/wp-content\/plugins\/elementor-pro\/assets\/css\/widget-theme-elements.min.css\"><p id=\"breadcrumbs\"><span><span><a href=\"https:\/\/www.szen.fr\/massage\/\">Accueil<\/a><\/span><\/span><\/p>\t\t<\/div>\n\t\t\t\t<\/div>\n\t\t\t\t<div class=\"elementor-element elementor-element-a5cc0cf elementor-widget elementor-widget-image\" data-id=\"a5cc0cf\" data-element_type=\"widget\" alt=\"le massage tantrique\" data-widget_type=\"image.default\">\n\t\t\t\t<div class=\"elementor-widget-container\">\n\t\t\t<style>\/*! elementor - v3.18.0 - 08-12-2023 *\/\n.elementor-widget-image{text-align:center}.elementor-widget-image a{display:inline-block}.elementor-widget-image a img[src$=\".svg\"]{width:48px}.elementor-widget-image img{vertical-align:middle;display:inline-block}<\/style>\t\t\t\t\t\t\t\t\t\t\t\t<img fetchpriority=\"high\" decoding=\"async\" width=\"1024\" height=\"174\" src=\"https:\/\/www.szen.fr\/massage\/wp-content\/uploads\/2024\/07\/massage-a-domicile-paris-1024x174.jpg\" class=\"attachment-large size-large wp-image-8321\" alt=\"Massage \u00e0 domicile Paris\" srcset=\"https:\/\/www.szen.fr\/massage\/wp-content\/uploads\/2024\/07\/massage-a-domicile-paris-1024x174.jpg 1024w, https:\/\/www.szen.fr\/massage\/wp-content\/uploads\/2024\/07\/massage-a-domicile-paris-300x51.jpg 300w, https:\/\/www.szen.fr\/massage\/wp-content\/uploads\/2024\/07\/massage-a-domicile-paris-768x130.jpg 768w, https:\/\/www.szen.fr\/massage\/wp-content\/uploads\/2024\/07\/massage-a-domicile-paris.jpg 1120w\" sizes=\"(max-width: 1024px) 100vw, 1024px\" \/>\t\t\t\t\t\t\t\t\t\t\t\t\t\t\t<\/div>\n\t\t\t\t<\/div>\n\t\t\t\t<\/div>\n\t\t\t\t\t<\/div>\n\t\t\t\t<\/div>\n\t\t<div class=\"elementor-element elementor-element-38ac74f e-flex e-con-boxed e-con e-parent\" data-id=\"38ac74f\" data-element_type=\"container\" data-settings=\"{&quot;content_width&quot;:&quot;boxed&quot;}\" data-core-v316-plus=\"true\">\n\t\t\t\t\t<div class=\"e-con-inner\">\n\t\t<div class=\"elementor-element elementor-element-d5e1cba e-con-full e-flex e-con e-child\" data-id=\"d5e1cba\" data-element_type=\"container\" data-settings=\"{&quot;content_width&quot;:&quot;full&quot;}\">\n\t\t\t\t<div class=\"elementor-element elementor-element-5b85f3e elementor-widget elementor-widget-heading\" data-id=\"5b85f3e\" data-element_type=\"widget\" data-widget_type=\"heading.default\">\n\t\t\t\t<div class=\"elementor-widget-container\">\n\t\t\t<style>\/*! elementor - v3.18.0 - 08-12-2023 *\/\n.elementor-heading-title{padding:0;margin:0;line-height:1}.elementor-widget-heading .elementor-heading-title[class*=elementor-size-]>a{color:inherit;font-size:inherit;line-height:inherit}.elementor-widget-heading .elementor-heading-title.elementor-size-small{font-size:15px}.elementor-widget-heading .elementor-heading-title.elementor-size-medium{font-size:19px}.elementor-widget-heading .elementor-heading-title.elementor-size-large{font-size:29px}.elementor-widget-heading .elementor-heading-title.elementor-size-xl{font-size:39px}.elementor-widget-heading .elementor-heading-title.elementor-size-xxl{font-size:59px}<\/style><h1 class=\"elementor-heading-title elementor-size-default\">Pourquoi faire appel \u00e0 une masseuse \u00e0 domicile \u00e0 Paris<\/h1>\t\t<\/div>\n\t\t\t\t<\/div>\n\t\t\t\t<div class=\"elementor-element elementor-element-0a54b2e elementor-icon-list--layout-traditional elementor-list-item-link-full_width elementor-widget elementor-widget-icon-list\" data-id=\"0a54b2e\" data-element_type=\"widget\" data-widget_type=\"icon-list.default\">\n\t\t\t\t<div class=\"elementor-widget-container\">\n\t\t\t<link rel=\"stylesheet\" href=\"https:\/\/www.szen.fr\/massage\/wp-content\/plugins\/elementor\/assets\/css\/widget-icon-list.min.css\">\t\t<ul class=\"elementor-icon-list-items\">\n\t\t\t\t\t\t\t<li class=\"elementor-icon-list-item\">\n\t\t\t\t\t\t\t\t\t\t\t<a href=\"https:\/\/www.szen.fr\/massage\/le-massage-a-domicile-a-paris\/\">\n\n\t\t\t\t\t\t\t\t\t\t\t<span class=\"elementor-icon-list-text\">Le massage \u00e0 domicile \u00e0 Paris<\/span>\n\t\t\t\t\t\t\t\t\t\t\t<\/a>\n\t\t\t\t\t\t\t\t\t<\/li>\n\t\t\t\t\t\t\t\t<li class=\"elementor-icon-list-item\">\n\t\t\t\t\t\t\t\t\t\t\t<a href=\"https:\/\/www.szen.fr\/massage\/le-massage-a-domicile\/masseuse-a-domicile-paris\/\">\n\n\t\t\t\t\t\t\t\t\t\t\t<span class=\"elementor-icon-list-text\">Pourquoi faire appel \u00e0 une masseuse \u00e0 domicile \u00e0 Paris<\/span>\n\t\t\t\t\t\t\t\t\t\t\t<\/a>\n\t\t\t\t\t\t\t\t\t<\/li>\n\t\t\t\t\t\t\t\t<li class=\"elementor-icon-list-item\">\n\t\t\t\t\t\t\t\t\t\t\t<a href=\"https:\/\/www.szen.fr\/massage\/le-massage-a-domicile\/comment-reserver-une-masseuse-a-domicile-a-paris\/\">\n\n\t\t\t\t\t\t\t\t\t\t\t<span class=\"elementor-icon-list-text\">Comment r\u00e9server une masseuse \u00e0 domicile \u00e0  Paris ?<\/span>\n\t\t\t\t\t\t\t\t\t\t\t<\/a>\n\t\t\t\t\t\t\t\t\t<\/li>\n\t\t\t\t\t\t\t\t<li class=\"elementor-icon-list-item\">\n\t\t\t\t\t\t\t\t\t\t\t<a href=\"https:\/\/www.szen.fr\/massage\/le-massage-a-domicile\/ou-trouver-une-masseuse-a-domicile-a-paris\/\">\n\n\t\t\t\t\t\t\t\t\t\t\t<span class=\"elementor-icon-list-text\">O\u00f9 trouver une masseuse \u00e0 domicile \u00e0 Paris ?<\/span>\n\t\t\t\t\t\t\t\t\t\t\t<\/a>\n\t\t\t\t\t\t\t\t\t<\/li>\n\t\t\t\t\t\t<\/ul>\n\t\t\t\t<\/div>\n\t\t\t\t<\/div>\n\t\t\t\t<\/div>\n\t\t<div class=\"elementor-element elementor-element-f292363 e-con-full e-flex e-con e-child\" data-id=\"f292363\" data-element_type=\"container\" data-settings=\"{&quot;content_width&quot;:&quot;full&quot;}\">\n\t\t\t\t<div class=\"elementor-element elementor-element-962a94a elementor-widget elementor-widget-text-editor\" data-id=\"962a94a\" data-element_type=\"widget\" data-widget_type=\"text-editor.default\">\n\t\t\t\t<div class=\"elementor-widget-container\">\n\t\t\t<style>\/*! elementor - v3.18.0 - 08-12-2023 *\/\n.elementor-widget-text-editor.elementor-drop-cap-view-stacked .elementor-drop-cap{background-color:#69727d;color:#fff}.elementor-widget-text-editor.elementor-drop-cap-view-framed .elementor-drop-cap{color:#69727d;border:3px solid;background-color:transparent}.elementor-widget-text-editor:not(.elementor-drop-cap-view-default) .elementor-drop-cap{margin-top:8px}.elementor-widget-text-editor:not(.elementor-drop-cap-view-default) .elementor-drop-cap-letter{width:1em;height:1em}.elementor-widget-text-editor .elementor-drop-cap{float:left;text-align:center;line-height:1;font-size:50px}.elementor-widget-text-editor .elementor-drop-cap-letter{display:inline-block}<\/style>\t\t\t\t<p>Vous aimeriez passer un moment de d\u00e9tente et de relaxation chez vous ? Vous \u00eates \u00e0 la recherche d\u2019une annonce avec photo d&rsquo;une masseuse professionnelle ou d\u2019une esth\u00e9ticienne \u00e0 Paris ? Chez SZEN, nous vous recommandons sans h\u00e9siter de faire appel \u00e0 une masseuse \u00e0 domicile !<\/p><h2>Pourquoi opter pour une masseuse \u00e0 domicile \u00e0 Paris ?<\/h2><p>\u00c0 Paris, tout va tr\u00e8s vite ! C\u2019est l\u2019effervescence ! Faire appel \u00e0 une masseur professionnel \u00e0 domicile ou une esth\u00e9ticienne vous permettra non seulement d\u2019\u00e9viter le stress de vous d\u00e9placer ou d\u2019arriver en retard \u00e0 votre rendez-vous \u00e0 cause des embouteillages, mais \u00e9galement d\u2019\u00eatre chez vous, dans un espace que vous connaissez et dans lequel vous vous sentez \u00e0 l\u2019aise.<\/p><h2>Quels sont les types de massages pouvant \u00eatre r\u00e9alis\u00e9s \u00e0 domicile \u00e0 Paris ?<\/h2><p>Il existe diff\u00e9rents types de massage pour homme et femme avec diverses techniques \u00e0 Paris. Pression douce, massage cr\u00e2nien, r\u00e9flexologie, drainage lymphatique ou encore massage pr\u00e9natal&#8230; Tout d\u00e9pend de ce que vous recherchez !<br \/>D\u00e9couvrez ci-dessous tous les massages pouvant \u00eatre r\u00e9alis\u00e9s \u00e0 domicile \u00e0 Paris.<\/p><h3>Qu\u2019est-ce que le massage Lomi Lomi ?<\/h3><p>Le massage Lomi Lomi se caract\u00e9rise par des mouvements fluides, \u00e0 l\u2019aide des avant-bras, des mains et des coudes du masseur.<br \/>En plus d\u2019offrir un v\u00e9ritable sentiment de bien-\u00eatre et de s\u00e9r\u00e9nit\u00e9, ce massage procure de nombreux bienfaits. Il serait notamment b\u00e9n\u00e9fique pour la circulation sanguine et lymphatique ainsi que pour les tensions musculaires. Il permettrait \u00e9galement de diminuer le stress et d\u2019offrir une meilleure qualit\u00e9 de sommeil.<br \/>Apr\u00e8s ce massage \u00e0 domicile pour homme ou femme, vous serez compl\u00e8tement d\u00e9tendu !<br \/>Pensez \u00e0 r\u00e9server d\u00e8s que possible pour pouvoir profiter de ces massages chez vous en toute tranquillit\u00e9. N&rsquo;h\u00e9sitez pas \u00e9galement \u00e0 consulter les photos sur les annonces en ligne des professionnels afin de vous faire un avis et \u00e0 v\u00e9rifier l&rsquo;arrondissement dans lequel ils peuvent se d\u00e9placer ou non avec leur table et huiles.<\/p><h3>Les avantages du massage californien<\/h3><p>Le massage californien, r\u00e9alis\u00e9 avec des huiles essentielles, se caract\u00e9rise par des mouvements fluides et enveloppants. Il aurait pour particularit\u00e9 de soulager les douleurs chroniques et musculaires. Il serait \u00e9galement id\u00e9al pour lib\u00e9rer les tensions et les \u00e9motions n\u00e9gatives. Enfin, ce massage serait recommand\u00e9 pour r\u00e9duire toute sorte de stress et d\u2019anxi\u00e9t\u00e9.<br \/>Pensez \u00e0 consulter les annonces des masseuses \u00e0 Paris ainsi que les photos et les avis des pr\u00e9c\u00e9dents clients pour avoir un aper\u00e7u du massage californien.<\/p><h3>Pourquoi faire un massage ayurv\u00e9dique \u00e0 domicile ?<\/h3><p>Le massage ayurv\u00e9dique est un massage qui peut \u00eatre r\u00e9alis\u00e9 \u00e0 domicile \u00e0 Paris. Pratiqu\u00e9 depuis mill\u00e9naires, il est r\u00e9put\u00e9 pour ses vertus relaxantes et pour \u00e9liminer les toxines du corps gr\u00e2ce au drainage.<\/p><h3>Le deep tissue, c\u2019est quoi ?<\/h3><p>Appel\u00e9 aussi massage des tissus profond, le massage deep tissue correspond \u00e0 une technique de massoth\u00e9rapie venue tout droit des USA. L\u2019objectif est d\u2019\u00e9tirer et de rel\u00e2cher les diff\u00e9rentes couches du tissu musculaire en travaillant notamment sur les tendons, les ligaments et le fascia afin de soulager et r\u00e9duire les tensions musculaires.<br \/>Par ailleurs, le massage deep tissue, g\u00e9n\u00e9ralement pratiqu\u00e9 sans huile, s\u2019adapte aux besoins du client.<br \/>Bon \u00e0 savoir : de nombreuses masseuses de confiance pr\u00e9sentent leur travail en photos sur leurs annonces en ligne. Vous pourrez alors voir des avant \/ apr\u00e8s des diff\u00e9rents massages r\u00e9alis\u00e9s. Voil\u00e0 une bonne astuce pour v\u00e9rifier les bienfaits du deep tissue !<\/p><h2>Comment se passe un massage \u00e0 domicile \u00e0 Paris en France ?<\/h2><p>Pour un massage relaxant \u00e0 domicile, l&rsquo;experte se d\u00e9placera directement jusqu\u2019\u00e0 votre domicile et emm\u00e8nera avec elle tout le n\u00e9cessaire pour pratiquer ses soins dans les meilleures conditions possibles : table, couverture chauffante, huiles essentielles, musique douce\u2026 Que vous soyez un homme ou une femme, vous n\u2019aurez rien \u00e0 faire \u00e0 part vous laisser porter et profiter des mains de la masseuse sur votre corps.<\/p><h2>Combien co\u00fbte un massage \u00e0 domicile ?<\/h2><p>Vous n\u2019avez aucune id\u00e9e du prix d\u2019un massage \u00e0 domicile \u00e0 Paris ? Le tarif d\u2019une telle prestation d\u00e9pendra de nombreux crit\u00e8res notamment le type de massage choisi et le nombre de minutes que vous souhaitez. Toutefois, nous vous recommandons de consulter les annonces en ligne des masseurs ou masseuses pour avoir une premi\u00e8re id\u00e9e de la tarification du soin souhait\u00e9. N\u2019h\u00e9sitez pas \u00e0 prendre contact avec ces professionnels pour poser toutes vos questions et avoir un prix pr\u00e9cis, afin d\u2019\u00e9viter toute surprise ! Vous pourrez aussi parler de vos besoins, de votre budget et de l&rsquo;arrondissement dans lequel vous vous trouvez.<\/p><h2>R\u00e9server une s\u00e9ance de massage \u00e0 domicile \u00e0 Paris<\/h2><p>Vous avez envie de r\u00e9server une s\u00e9ance de massage \u00e0 domicile dans votre arrondissement \u00e0 Paris ? Dans un premier temps, nous vous recommandons de consulter les annonces en ligne des masseuses professionnelles. Sur ces annonces, vous pourrez notamment v\u00e9rifier leurs services, leurs tarifs, leurs diff\u00e9rentes qualifications, ainsi que leur zone de d\u00e9placement (arrondissement, ville, quartier, etc). Vous aurez l&rsquo;occasion certainement de voir une photo ou plus de leur prestation.<br \/>Dans un deuxi\u00e8me temps, pensez \u00e0 lire les avis et recommandations laiss\u00e9s par de pr\u00e9c\u00e9dents clients. Avec ces retours d\u2019exp\u00e9rience, vous aurez un aper\u00e7u de la qualit\u00e9 du service, du professionnalisme et du co\u00fbt de la prestation.<br \/>Enfin, que ce soit pour une esth\u00e9ticienne ou une experte en massages \u00e0 Paris, il est important de penser \u00e0 r\u00e9server en amont. En anticipant, vous aurez plus de chance pour que l\u2019experte soit disponible sur ce cr\u00e9neau dans votre arrondissement et vous gagnerez en tranquillit\u00e9 d\u2019esprit. En plus, vous pouvez g\u00e9n\u00e9ralement r\u00e9server directement sur l&rsquo;annonce de la professionnelle. Gain de temps assur\u00e9 !<\/p><h2>R\u00e9server un massage \u00e0 domicile pour la Saint-Valentin \u00e0 Paris ou en Seine et Marne<\/h2><p>Vous souhaitez bloquer un cr\u00e9neau avec une esth\u00e9ticienne ou un masseur pour la Saint-Valentin pour faire un cadeau \u00e0 votre partenaire ? Vous aimeriez offrir un soin relaxant ? Il est encore temps de r\u00e9server les services d&rsquo;un professionnel pour un moment de d\u00e9tente avant la f\u00eate de l&rsquo;Amour.<\/p>\t\t\t\t\t\t<\/div>\n\t\t\t\t<\/div>\n\t\t\t\t<\/div>\n\t\t\t\t\t<\/div>\n\t\t\t\t<\/div>\n\t\t\t\t\t\t\t<\/div>\n\t\t","protected":false},"excerpt":{"rendered":"<p>Pourquoi faire appel \u00e0 une masseuse \u00e0 domicile \u00e0 Paris Le massage \u00e0 domicile \u00e0 Paris Pourquoi faire appel \u00e0 une masseuse \u00e0 domicile \u00e0 Paris Comment r\u00e9server une masseuse \u00e0 domicile \u00e0 Paris ? O\u00f9 trouver une masseuse \u00e0 domicile \u00e0 Paris ? Vous aimeriez passer un moment de d\u00e9tente et de relaxation chez [&hellip;]<\/p>\n","protected":false},"author":1,"featured_media":0,"parent":7970,"menu_order":2,"comment_status":"closed","ping_status":"closed","template":"page-full-width.php","meta":{"footnotes":""},"class_list":["post-8058","page","type-page","status-publish","hentry"],"yoast_head":"<!-- This site is optimized with the Yoast SEO Premium plugin v21.7 (Yoast SEO v21.7) - https:\/\/yoast.com\/wordpress\/plugins\/seo\/ -->\n<title>Pourquoi une masseuse \u00e0 domicile \u00e0 Paris ?<\/title>\n<meta name=\"description\" content=\"Pourquoi opter pour une masseuse \u00e0 domicile \u00e0 Paris ? Vous aimeriez passer un moment de d\u00e9tente et de relaxation chez vous ?\" \/>\n<meta name=\"robots\" content=\"index, follow, max-snippet:-1, max-image-preview:large, max-video-preview:-1\" \/>\n<link rel=\"canonical\" href=\"https:\/\/www.szen.fr\/massage\/le-massage-a-domicile-a-paris\/masseuse-a-domicile-paris\/\" \/>\n<meta property=\"og:locale\" content=\"fr_FR\" \/>\n<meta property=\"og:type\" content=\"article\" \/>\n<meta property=\"og:title\" content=\"Pourquoi une masseuse \u00e0 domicile \u00e0 Paris\" \/>\n<meta property=\"og:description\" content=\"Pourquoi opter pour une masseuse \u00e0 domicile \u00e0 Paris ? Vous aimeriez passer un moment de d\u00e9tente et de relaxation chez vous ?\" \/>\n<meta property=\"og:url\" content=\"https:\/\/www.szen.fr\/massage\/le-massage-a-domicile-a-paris\/masseuse-a-domicile-paris\/\" \/>\n<meta property=\"og:site_name\" content=\"Wiki Massage by Szen\" \/>\n<meta property=\"article:modified_time\" content=\"2024-07-08T12:49:26+00:00\" \/>\n<meta property=\"og:image\" content=\"https:\/\/www.szen.fr\/massage\/wp-content\/uploads\/2024\/07\/massage-a-domicile-paris-1024x174.jpg\" \/>\n<meta name=\"twitter:card\" content=\"summary_large_image\" \/>\n<meta name=\"twitter:label1\" content=\"Dur\u00e9e de lecture estim\u00e9e\" \/>\n\t<meta name=\"twitter:data1\" content=\"6 minutes\" \/>\n<script type=\"application\/ld+json\" class=\"yoast-schema-graph\">{\"@context\":\"https:\/\/schema.org\",\"@graph\":[{\"@type\":\"WebPage\",\"@id\":\"https:\/\/www.szen.fr\/massage\/le-massage-a-domicile-a-paris\/masseuse-a-domicile-paris\/\",\"url\":\"https:\/\/www.szen.fr\/massage\/le-massage-a-domicile-a-paris\/masseuse-a-domicile-paris\/\",\"name\":\"Pourquoi une masseuse \u00e0 domicile \u00e0 Paris ?\",\"isPartOf\":{\"@id\":\"https:\/\/www.szen.fr\/massage\/#website\"},\"datePublished\":\"2024-02-15T08:49:48+00:00\",\"dateModified\":\"2024-07-08T12:49:26+00:00\",\"description\":\"Pourquoi opter pour une masseuse \u00e0 domicile \u00e0 Paris ? Vous aimeriez passer un moment de d\u00e9tente et de relaxation chez vous ?\",\"breadcrumb\":{\"@id\":\"https:\/\/www.szen.fr\/massage\/le-massage-a-domicile-a-paris\/masseuse-a-domicile-paris\/#breadcrumb\"},\"inLanguage\":\"fr-FR\",\"potentialAction\":[{\"@type\":\"ReadAction\",\"target\":[\"https:\/\/www.szen.fr\/massage\/le-massage-a-domicile-a-paris\/masseuse-a-domicile-paris\/\"]}]},{\"@type\":\"BreadcrumbList\",\"@id\":\"https:\/\/www.szen.fr\/massage\/le-massage-a-domicile-a-paris\/masseuse-a-domicile-paris\/#breadcrumb\",\"itemListElement\":[{\"@type\":\"ListItem\",\"position\":1,\"name\":\"Accueil\",\"item\":\"https:\/\/www.szen.fr\/massage\/\"},{\"@type\":\"ListItem\",\"position\":2,\"name\":\"Le massage \u00e0 domicile\",\"item\":\"https:\/\/www.szen.fr\/massage\/le-massage-a-domicile-a-paris\/\"},{\"@type\":\"ListItem\",\"position\":3,\"name\":\"Pourquoi une masseuse \u00e0 domicile \u00e0 Paris\"}]},{\"@type\":\"WebSite\",\"@id\":\"https:\/\/www.szen.fr\/massage\/#website\",\"url\":\"https:\/\/www.szen.fr\/massage\/\",\"name\":\"Wiki Massage by Szen\",\"description\":\"\",\"publisher\":{\"@id\":\"https:\/\/www.szen.fr\/massage\/#organization\"},\"potentialAction\":[{\"@type\":\"SearchAction\",\"target\":{\"@type\":\"EntryPoint\",\"urlTemplate\":\"https:\/\/www.szen.fr\/massage\/?s={search_term_string}\"},\"query-input\":\"required name=search_term_string\"}],\"inLanguage\":\"fr-FR\"},{\"@type\":\"Organization\",\"@id\":\"https:\/\/www.szen.fr\/massage\/#organization\",\"name\":\"Wiki Massage by Szen\",\"url\":\"https:\/\/www.szen.fr\/massage\/\",\"logo\":{\"@type\":\"ImageObject\",\"inLanguage\":\"fr-FR\",\"@id\":\"https:\/\/www.szen.fr\/massage\/#\/schema\/logo\/image\/\",\"url\":\"https:\/\/www.szen.fr\/massage\/wp-content\/uploads\/2023\/12\/cropped-logo-wiki-massage.png\",\"contentUrl\":\"https:\/\/www.szen.fr\/massage\/wp-content\/uploads\/2023\/12\/cropped-logo-wiki-massage.png\",\"width\":200,\"height\":89,\"caption\":\"Wiki Massage by Szen\"},\"image\":{\"@id\":\"https:\/\/www.szen.fr\/massage\/#\/schema\/logo\/image\/\"}}]}<\/script>\n<!-- \/ Yoast SEO Premium plugin. -->","yoast_head_json":{"title":"Pourquoi une masseuse \u00e0 domicile \u00e0 Paris ?","description":"Pourquoi opter pour une masseuse \u00e0 domicile \u00e0 Paris ? Vous aimeriez passer un moment de d\u00e9tente et de relaxation chez vous ?","robots":{"index":"index","follow":"follow","max-snippet":"max-snippet:-1","max-image-preview":"max-image-preview:large","max-video-preview":"max-video-preview:-1"},"canonical":"https:\/\/www.szen.fr\/massage\/le-massage-a-domicile-a-paris\/masseuse-a-domicile-paris\/","og_locale":"fr_FR","og_type":"article","og_title":"Pourquoi une masseuse \u00e0 domicile \u00e0 Paris","og_description":"Pourquoi opter pour une masseuse \u00e0 domicile \u00e0 Paris ? Vous aimeriez passer un moment de d\u00e9tente et de relaxation chez vous ?","og_url":"https:\/\/www.szen.fr\/massage\/le-massage-a-domicile-a-paris\/masseuse-a-domicile-paris\/","og_site_name":"Wiki Massage by Szen","article_modified_time":"2024-07-08T12:49:26+00:00","og_image":[{"url":"https:\/\/www.szen.fr\/massage\/wp-content\/uploads\/2024\/07\/massage-a-domicile-paris-1024x174.jpg"}],"twitter_card":"summary_large_image","twitter_misc":{"Dur\u00e9e de lecture estim\u00e9e":"6 minutes"},"schema":{"@context":"https:\/\/schema.org","@graph":[{"@type":"WebPage","@id":"https:\/\/www.szen.fr\/massage\/le-massage-a-domicile-a-paris\/masseuse-a-domicile-paris\/","url":"https:\/\/www.szen.fr\/massage\/le-massage-a-domicile-a-paris\/masseuse-a-domicile-paris\/","name":"Pourquoi une masseuse \u00e0 domicile \u00e0 Paris ?","isPartOf":{"@id":"https:\/\/www.szen.fr\/massage\/#website"},"datePublished":"2024-02-15T08:49:48+00:00","dateModified":"2024-07-08T12:49:26+00:00","description":"Pourquoi opter pour une masseuse \u00e0 domicile \u00e0 Paris ? Vous aimeriez passer un moment de d\u00e9tente et de relaxation chez vous ?","breadcrumb":{"@id":"https:\/\/www.szen.fr\/massage\/le-massage-a-domicile-a-paris\/masseuse-a-domicile-paris\/#breadcrumb"},"inLanguage":"fr-FR","potentialAction":[{"@type":"ReadAction","target":["https:\/\/www.szen.fr\/massage\/le-massage-a-domicile-a-paris\/masseuse-a-domicile-paris\/"]}]},{"@type":"BreadcrumbList","@id":"https:\/\/www.szen.fr\/massage\/le-massage-a-domicile-a-paris\/masseuse-a-domicile-paris\/#breadcrumb","itemListElement":[{"@type":"ListItem","position":1,"name":"Accueil","item":"https:\/\/www.szen.fr\/massage\/"},{"@type":"ListItem","position":2,"name":"Le massage \u00e0 domicile","item":"https:\/\/www.szen.fr\/massage\/le-massage-a-domicile-a-paris\/"},{"@type":"ListItem","position":3,"name":"Pourquoi une masseuse \u00e0 domicile \u00e0 Paris"}]},{"@type":"WebSite","@id":"https:\/\/www.szen.fr\/massage\/#website","url":"https:\/\/www.szen.fr\/massage\/","name":"Wiki Massage by Szen","description":"","publisher":{"@id":"https:\/\/www.szen.fr\/massage\/#organization"},"potentialAction":[{"@type":"SearchAction","target":{"@type":"EntryPoint","urlTemplate":"https:\/\/www.szen.fr\/massage\/?s={search_term_string}"},"query-input":"required name=search_term_string"}],"inLanguage":"fr-FR"},{"@type":"Organization","@id":"https:\/\/www.szen.fr\/massage\/#organization","name":"Wiki Massage by Szen","url":"https:\/\/www.szen.fr\/massage\/","logo":{"@type":"ImageObject","inLanguage":"fr-FR","@id":"https:\/\/www.szen.fr\/massage\/#\/schema\/logo\/image\/","url":"https:\/\/www.szen.fr\/massage\/wp-content\/uploads\/2023\/12\/cropped-logo-wiki-massage.png","contentUrl":"https:\/\/www.szen.fr\/massage\/wp-content\/uploads\/2023\/12\/cropped-logo-wiki-massage.png","width":200,"height":89,"caption":"Wiki Massage by Szen"},"image":{"@id":"https:\/\/www.szen.fr\/massage\/#\/schema\/logo\/image\/"}}]}},"_links":{"self":[{"href":"https:\/\/www.szen.fr\/massage\/wp-json\/wp\/v2\/pages\/8058","targetHints":{"allow":["GET"]}}],"collection":[{"href":"https:\/\/www.szen.fr\/massage\/wp-json\/wp\/v2\/pages"}],"about":[{"href":"https:\/\/www.szen.fr\/massage\/wp-json\/wp\/v2\/types\/page"}],"author":[{"embeddable":true,"href":"https:\/\/www.szen.fr\/massage\/wp-json\/wp\/v2\/users\/1"}],"replies":[{"embeddable":true,"href":"https:\/\/www.szen.fr\/massage\/wp-json\/wp\/v2\/comments?post=8058"}],"version-history":[{"count":22,"href":"https:\/\/www.szen.fr\/massage\/wp-json\/wp\/v2\/pages\/8058\/revisions"}],"predecessor-version":[{"id":8340,"href":"https:\/\/www.szen.fr\/massage\/wp-json\/wp\/v2\/pages\/8058\/revisions\/8340"}],"up":[{"embeddable":true,"href":"https:\/\/www.szen.fr\/massage\/wp-json\/wp\/v2\/pages\/7970"}],"wp:attachment":[{"href":"https:\/\/www.szen.fr\/massage\/wp-json\/wp\/v2\/media?parent=8058"}],"curies":[{"name":"wp","href":"https:\/\/api.w.org\/{rel}","templated":true}]}}