{"id":7883,"date":"2023-12-28T12:12:33","date_gmt":"2023-12-28T11:12:33","guid":{"rendered":"https:\/\/www.szen.fr\/massage\/?page_id=7883"},"modified":"2024-07-08T15:36:07","modified_gmt":"2024-07-08T13:36:07","slug":"quels-sont-les-bienfaits-du-massage-body-body","status":"publish","type":"page","link":"https:\/\/www.szen.fr\/massage\/le-massage-body-body\/quels-sont-les-bienfaits-du-massage-body-body\/","title":{"rendered":"Quels sont les bienfaits du massage body body ?"},"content":{"rendered":"\t\t<div data-elementor-type=\"wp-page\" data-elementor-id=\"7883\" class=\"elementor elementor-7883\" data-elementor-post-type=\"page\">\n\t\t\t\t\t\t\t<div class=\"elementor-element elementor-element-360632b e-flex e-con-boxed e-con e-parent\" data-id=\"360632b\" data-element_type=\"container\" data-settings=\"{&quot;content_width&quot;:&quot;boxed&quot;}\" data-core-v316-plus=\"true\">\n\t\t\t\t\t<div class=\"e-con-inner\">\n\t\t<div class=\"elementor-element elementor-element-ea0cf13 e-con-full e-flex e-con e-child\" data-id=\"ea0cf13\" data-element_type=\"container\" data-settings=\"{&quot;content_width&quot;:&quot;full&quot;}\">\n\t\t\t\t<div class=\"elementor-element elementor-element-a246298 elementor-widget elementor-widget-breadcrumbs\" data-id=\"a246298\" data-element_type=\"widget\" data-widget_type=\"breadcrumbs.default\">\n\t\t\t\t<div class=\"elementor-widget-container\">\n\t\t\t<link rel=\"stylesheet\" href=\"https:\/\/www.szen.fr\/massage\/wp-content\/plugins\/elementor-pro\/assets\/css\/widget-theme-elements.min.css\"><p id=\"breadcrumbs\"><span><span><a href=\"https:\/\/www.szen.fr\/massage\/\">Accueil<\/a><\/span><\/span><\/p>\t\t<\/div>\n\t\t\t\t<\/div>\n\t\t\t\t<div class=\"elementor-element elementor-element-a5cc0cf elementor-widget elementor-widget-image\" data-id=\"a5cc0cf\" data-element_type=\"widget\" alt=\"le massage tantrique\" data-widget_type=\"image.default\">\n\t\t\t\t<div class=\"elementor-widget-container\">\n\t\t\t<style>\/*! elementor - v3.18.0 - 08-12-2023 *\/\n.elementor-widget-image{text-align:center}.elementor-widget-image a{display:inline-block}.elementor-widget-image a img[src$=\".svg\"]{width:48px}.elementor-widget-image img{vertical-align:middle;display:inline-block}<\/style>\t\t\t\t\t\t\t\t\t\t\t\t<img fetchpriority=\"high\" decoding=\"async\" width=\"1024\" height=\"512\" src=\"https:\/\/www.szen.fr\/massage\/wp-content\/uploads\/2023\/12\/massage-tantrique-paris-1024x512.jpg\" class=\"attachment-large size-large wp-image-7708\" alt=\"massage tantrique\" srcset=\"https:\/\/www.szen.fr\/massage\/wp-content\/uploads\/2023\/12\/massage-tantrique-paris-1024x512.jpg 1024w, https:\/\/www.szen.fr\/massage\/wp-content\/uploads\/2023\/12\/massage-tantrique-paris-300x150.jpg 300w, https:\/\/www.szen.fr\/massage\/wp-content\/uploads\/2023\/12\/massage-tantrique-paris-768x384.jpg 768w, https:\/\/www.szen.fr\/massage\/wp-content\/uploads\/2023\/12\/massage-tantrique-paris-1536x768.jpg 1536w, https:\/\/www.szen.fr\/massage\/wp-content\/uploads\/2023\/12\/massage-tantrique-paris-1300x650.jpg 1300w, https:\/\/www.szen.fr\/massage\/wp-content\/uploads\/2023\/12\/massage-tantrique-paris.jpg 2000w\" sizes=\"(max-width: 1024px) 100vw, 1024px\" \/>\t\t\t\t\t\t\t\t\t\t\t\t\t\t\t<\/div>\n\t\t\t\t<\/div>\n\t\t\t\t<\/div>\n\t\t\t\t\t<\/div>\n\t\t\t\t<\/div>\n\t\t<div class=\"elementor-element elementor-element-38ac74f e-flex e-con-boxed e-con e-parent\" data-id=\"38ac74f\" data-element_type=\"container\" data-settings=\"{&quot;content_width&quot;:&quot;boxed&quot;}\" data-core-v316-plus=\"true\">\n\t\t\t\t\t<div class=\"e-con-inner\">\n\t\t<div class=\"elementor-element elementor-element-d5e1cba e-con-full e-flex e-con e-child\" data-id=\"d5e1cba\" data-element_type=\"container\" data-settings=\"{&quot;content_width&quot;:&quot;full&quot;}\">\n\t\t\t\t<div class=\"elementor-element elementor-element-5b85f3e elementor-widget elementor-widget-heading\" data-id=\"5b85f3e\" data-element_type=\"widget\" data-widget_type=\"heading.default\">\n\t\t\t\t<div class=\"elementor-widget-container\">\n\t\t\t<style>\/*! elementor - v3.18.0 - 08-12-2023 *\/\n.elementor-heading-title{padding:0;margin:0;line-height:1}.elementor-widget-heading .elementor-heading-title[class*=elementor-size-]>a{color:inherit;font-size:inherit;line-height:inherit}.elementor-widget-heading .elementor-heading-title.elementor-size-small{font-size:15px}.elementor-widget-heading .elementor-heading-title.elementor-size-medium{font-size:19px}.elementor-widget-heading .elementor-heading-title.elementor-size-large{font-size:29px}.elementor-widget-heading .elementor-heading-title.elementor-size-xl{font-size:39px}.elementor-widget-heading .elementor-heading-title.elementor-size-xxl{font-size:59px}<\/style><h1 class=\"elementor-heading-title elementor-size-default\">Quels sont les bienfaits du massage body body ?<\/h1>\t\t<\/div>\n\t\t\t\t<\/div>\n\t\t\t\t<div class=\"elementor-element elementor-element-f1fa489 elementor-icon-list--layout-traditional elementor-list-item-link-full_width elementor-widget elementor-widget-icon-list\" data-id=\"f1fa489\" data-element_type=\"widget\" data-widget_type=\"icon-list.default\">\n\t\t\t\t<div class=\"elementor-widget-container\">\n\t\t\t<link rel=\"stylesheet\" href=\"https:\/\/www.szen.fr\/massage\/wp-content\/plugins\/elementor\/assets\/css\/widget-icon-list.min.css\">\t\t<ul class=\"elementor-icon-list-items\">\n\t\t\t\t\t\t\t<li class=\"elementor-icon-list-item\">\n\t\t\t\t\t\t\t\t\t\t\t<a href=\"https:\/\/www.szen.fr\/massage\/le-massage-body-body\/quels-sont-les-avantages-du-massage-body-body\/\">\n\n\t\t\t\t\t\t\t\t\t\t\t<span class=\"elementor-icon-list-text\">Quels sont les avantages du massage body body ?<\/span>\n\t\t\t\t\t\t\t\t\t\t\t<\/a>\n\t\t\t\t\t\t\t\t\t<\/li>\n\t\t\t\t\t\t\t\t<li class=\"elementor-icon-list-item\">\n\t\t\t\t\t\t\t\t\t\t\t<a href=\"https:\/\/www.szen.fr\/massage\/le-massage-body-body\/le-massage-body-body-pour-qui\/\">\n\n\t\t\t\t\t\t\t\t\t\t\t<span class=\"elementor-icon-list-text\">Le massage body body : pour qui ?<\/span>\n\t\t\t\t\t\t\t\t\t\t\t<\/a>\n\t\t\t\t\t\t\t\t\t<\/li>\n\t\t\t\t\t\t\t\t<li class=\"elementor-icon-list-item\">\n\t\t\t\t\t\t\t\t\t\t\t<a href=\"https:\/\/www.szen.fr\/massage\/le-massage-body-body\/comment-choisir-le-meilleur-salon-pour-un-massage-body-body-a-paris\/\">\n\n\t\t\t\t\t\t\t\t\t\t\t<span class=\"elementor-icon-list-text\">Comment choisir le meilleur salon pour un massage body body \u00e0 Paris ?<\/span>\n\t\t\t\t\t\t\t\t\t\t\t<\/a>\n\t\t\t\t\t\t\t\t\t<\/li>\n\t\t\t\t\t\t\t\t<li class=\"elementor-icon-list-item\">\n\t\t\t\t\t\t\t\t\t\t\t<a href=\"https:\/\/www.szen.fr\/massage\/le-massage-body-body\/comment-se-passe-un-massage-body-body\/\">\n\n\t\t\t\t\t\t\t\t\t\t\t<span class=\"elementor-icon-list-text\">Comment se passe un massage body body ?<\/span>\n\t\t\t\t\t\t\t\t\t\t\t<\/a>\n\t\t\t\t\t\t\t\t\t<\/li>\n\t\t\t\t\t\t\t\t<li class=\"elementor-icon-list-item\">\n\t\t\t\t\t\t\t\t\t\t\t<a href=\"https:\/\/www.szen.fr\/massage\/le-massage-body-body\/quels-sont-les-bienfaits-du-massage-body-body\/\">\n\n\t\t\t\t\t\t\t\t\t\t\t<span class=\"elementor-icon-list-text\">Quels sont les bienfaits du massage body body ?<\/span>\n\t\t\t\t\t\t\t\t\t\t\t<\/a>\n\t\t\t\t\t\t\t\t\t<\/li>\n\t\t\t\t\t\t<\/ul>\n\t\t\t\t<\/div>\n\t\t\t\t<\/div>\n\t\t\t\t<\/div>\n\t\t<div class=\"elementor-element elementor-element-f292363 e-con-full e-flex e-con e-child\" data-id=\"f292363\" data-element_type=\"container\" data-settings=\"{&quot;content_width&quot;:&quot;full&quot;}\">\n\t\t\t\t<div class=\"elementor-element elementor-element-962a94a elementor-widget elementor-widget-text-editor\" data-id=\"962a94a\" data-element_type=\"widget\" data-widget_type=\"text-editor.default\">\n\t\t\t\t<div class=\"elementor-widget-container\">\n\t\t\t<style>\/*! elementor - v3.18.0 - 08-12-2023 *\/\n.elementor-widget-text-editor.elementor-drop-cap-view-stacked .elementor-drop-cap{background-color:#69727d;color:#fff}.elementor-widget-text-editor.elementor-drop-cap-view-framed .elementor-drop-cap{color:#69727d;border:3px solid;background-color:transparent}.elementor-widget-text-editor:not(.elementor-drop-cap-view-default) .elementor-drop-cap{margin-top:8px}.elementor-widget-text-editor:not(.elementor-drop-cap-view-default) .elementor-drop-cap-letter{width:1em;height:1em}.elementor-widget-text-editor .elementor-drop-cap{float:left;text-align:center;line-height:1;font-size:50px}.elementor-widget-text-editor .elementor-drop-cap-letter{display:inline-block}<\/style>\t\t\t\t<p>Vous aimeriez tester le massage body body mais vous ne connaissez pas tous les bienfaits qu\u2019il peut procurer ? Le massage body body est une pratique qui peut apporter de nombreux bienfaits \u00e0 la fois pour le corps et l&rsquo;esprit. D\u00e9couvrez sans plus tarder les avantages de ce massage unique et sensuel \u00e0 Paris !<\/p><h2>Conna\u00eetre tous les bienfaits du massage body-body<\/h2><p>Le massage body-body va au-del\u00e0 du simple plaisir physique\u2026<\/p><p>Il peut :<\/p><ul><li>Aider \u00e0 r\u00e9duire le stress,<\/li><li>Am\u00e9liorer la relaxation,<\/li><li>Renforcer la connexion \u00e9motionnelle,<\/li><li>Avoir potentiellement des effets positifs sur la sant\u00e9 en g\u00e9n\u00e9ral.<\/li><\/ul><p>Par ailleurs, les mouvements fluides et les techniques de toucher doux utilis\u00e9s par la masseuse professionnelle favorisent la lib\u00e9ration de l&rsquo;ocytocine, une hormone qui joue un r\u00f4le essentiel dans la relaxation et la connexion sociale.<\/p><h2>Le massage body-body et l\u2019ocytocine<\/h2><p>L&rsquo;ocytocine, aussi appel\u00e9e hormone de l&rsquo;amour ou hormone de la confiance, est une substance chimique produite par le cerveau. Elle joue un r\u00f4le essentiel dans la r\u00e9gulation des comportements sociaux et \u00e9motionnels, ainsi que dans la formation de liens affectifs.<\/p><p>L&rsquo;une de ses fonctions principales est de faciliter les interactions sociales positives. Lorsque nous \u00e9prouvons de la confiance, de l&rsquo;affection ou de l&rsquo;amour envers quelqu&rsquo;un, c&rsquo;est souvent gr\u00e2ce \u00e0 la lib\u00e9ration de cette hormone. Ainsi, l&rsquo;ocytocine renforce les liens entre les individus, favorisant ainsi la coh\u00e9sion sociale.<\/p><p>Par ailleurs, l\u2019ocytocine pourrait, selon certaines recherches, avoir un impact positif sur la r\u00e9duction du stress et de l&rsquo;anxi\u00e9t\u00e9, ainsi que sur l&rsquo;am\u00e9lioration de la sant\u00e9 mentale et \u00e9motionnelle en g\u00e9n\u00e9ral.<\/p><p>Cette hormone peut donc \u00eatre produite lors d\u2019un massage body-body !<\/p><h2>Comment le massage body body peut-il am\u00e9liorer votre sant\u00e9 mentale et physique ?<\/h2><p>Le massage body body aurait \u00e9galement des effets sur la sant\u00e9 mentale et physique.<\/p><p>Il pourrait, en effet, r\u00e9duire l&rsquo;anxi\u00e9t\u00e9, soulager la tension et favoriser un sentiment g\u00e9n\u00e9ral de bien-\u00eatre. En stimulant la circulation sanguine, il pourrait \u00e9galement am\u00e9liorer la flexibilit\u00e9 musculaire et soulager les douleurs corporelles.<\/p><p>Enfin, la relaxation profonde induite par le massage body body pourrait \u00e9galement contribuer \u00e0 am\u00e9liorer la qualit\u00e9 du sommeil, ce qui est essentiel pour la sant\u00e9 mentale et physique.<\/p><p>Vous aimeriez trouver un moment pour vous ? Vous avez besoin de vous d\u00e9tendre apr\u00e8s de rudes et stressantes journ\u00e9es de travail ? Le massage body body est sans aucun doute fait pour vous !<\/p><h2>Quels sont les produits utilis\u00e9s lors d&rsquo;une s\u00e9ance ? Quels sont leurs b\u00e9n\u00e9fices pour la peau ?<\/h2><p>Lors d&rsquo;une s\u00e9ance de massage body body, des huiles chaudes et parfum\u00e9es sont g\u00e9n\u00e9ralement utilis\u00e9es pour faciliter les mouvements du corps de la masseuse. Ces huiles jouent donc un r\u00f4le crucial dans cette pratique car elles favorisent le glissement fluide du corps de la masseuse sur celui du client.<\/p><p>Par ailleurs, ces huiles ne sont pas seulement apaisantes et hydratantes. Elles peuvent \u00e9galement \u00eatre b\u00e9n\u00e9fiques car elles contiennent des nutriments essentiels pour nourrir la peau en profondeur.<\/p><h2>Profitez de tous les bienfaits du massage body body<\/h2><p>Ainsi, les bienfaits du massage body body sont tr\u00e8s nombreux. Ils touchent \u00e0 la fois la sant\u00e9 mentale, physique et \u00e9motionnelle.<\/p><p>Si vous \u00eates un salon de massage proposant des massages body body et que vous souhaitez gagner en visibilit\u00e9, il ne vous reste plus qu\u2019\u00e0 \u00eatre r\u00e9f\u00e9renc\u00e9 sur PariSensuel Inside, le guide de r\u00e9f\u00e9rence des activit\u00e9s sexy et coquines \u00e0 Paris.<\/p><p>Si vous recherchez des activit\u00e9s romantiques et sensuelles \u00e0 faire \u00e0 Paris, PariSensuel Inside est \u00e0 votre service. Retrouvez un grand choix d\u2019activit\u00e9s et profitez de Paris comme vous ne l\u2019avez jamais fait auparavant !<\/p><p>Contactez-nous <a href=\"https:\/\/www.parisensuel.com\/annonceurs\/\" target=\"_blank\" rel=\"nofollow noopener\">pour \u00eatre r\u00e9f\u00e9renc\u00e9 sur notre site<\/a> en tant qu&rsquo;entreprise ou d\u00e9couvrez notre s\u00e9lection pour des activit\u00e9s uniques, sensuelles et insolites.<\/p>\t\t\t\t\t\t<\/div>\n\t\t\t\t<\/div>\n\t\t\t\t<\/div>\n\t\t\t\t\t<\/div>\n\t\t\t\t<\/div>\n\t\t\t\t\t\t\t<\/div>\n\t\t","protected":false},"excerpt":{"rendered":"<p>Quels sont les bienfaits du massage body body ? Quels sont les avantages du massage body body ? Le massage body body : pour qui ? Comment choisir le meilleur salon pour un massage body body \u00e0 Paris ? Comment se passe un massage body body ? Quels sont les bienfaits du massage body body [&hellip;]<\/p>\n","protected":false},"author":1,"featured_media":0,"parent":7867,"menu_order":2,"comment_status":"closed","ping_status":"closed","template":"page-full-width.php","meta":{"footnotes":""},"class_list":["post-7883","page","type-page","status-publish","hentry"],"yoast_head":"<!-- This site is optimized with the Yoast SEO Premium plugin v21.7 (Yoast SEO v21.7) - https:\/\/yoast.com\/wordpress\/plugins\/seo\/ -->\n<title>Quels sont les bienfaits du massage body body ?<\/title>\n<meta name=\"description\" content=\"Quels sont les bienfaits du massage body body ?\" \/>\n<meta name=\"robots\" content=\"index, follow, max-snippet:-1, max-image-preview:large, max-video-preview:-1\" \/>\n<link rel=\"canonical\" href=\"https:\/\/www.szen.fr\/massage\/le-massage-body-body\/quels-sont-les-bienfaits-du-massage-body-body\/\" \/>\n<meta property=\"og:locale\" content=\"fr_FR\" \/>\n<meta property=\"og:type\" content=\"article\" \/>\n<meta property=\"og:title\" content=\"Quels sont les bienfaits du massage body body ?\" \/>\n<meta property=\"og:description\" content=\"Quels sont les bienfaits du massage body body ?\" \/>\n<meta property=\"og:url\" content=\"https:\/\/www.szen.fr\/massage\/le-massage-body-body\/quels-sont-les-bienfaits-du-massage-body-body\/\" \/>\n<meta property=\"og:site_name\" content=\"Wiki Massage by Szen\" \/>\n<meta property=\"article:modified_time\" content=\"2024-07-08T13:36:07+00:00\" \/>\n<meta property=\"og:image\" content=\"http:\/\/www.szen.fr\/massage\/wp-content\/uploads\/2023\/12\/massage-tantrique-paris-1024x512.jpg\" \/>\n<meta name=\"twitter:card\" content=\"summary_large_image\" \/>\n<meta name=\"twitter:label1\" content=\"Dur\u00e9e de lecture estim\u00e9e\" \/>\n\t<meta name=\"twitter:data1\" content=\"4 minutes\" \/>\n<script type=\"application\/ld+json\" class=\"yoast-schema-graph\">{\"@context\":\"https:\/\/schema.org\",\"@graph\":[{\"@type\":\"WebPage\",\"@id\":\"https:\/\/www.szen.fr\/massage\/le-massage-body-body\/quels-sont-les-bienfaits-du-massage-body-body\/\",\"url\":\"https:\/\/www.szen.fr\/massage\/le-massage-body-body\/quels-sont-les-bienfaits-du-massage-body-body\/\",\"name\":\"Quels sont les bienfaits du massage body body ?\",\"isPartOf\":{\"@id\":\"https:\/\/www.szen.fr\/massage\/#website\"},\"datePublished\":\"2023-12-28T11:12:33+00:00\",\"dateModified\":\"2024-07-08T13:36:07+00:00\",\"description\":\"Quels sont les bienfaits du massage body body ?\",\"breadcrumb\":{\"@id\":\"https:\/\/www.szen.fr\/massage\/le-massage-body-body\/quels-sont-les-bienfaits-du-massage-body-body\/#breadcrumb\"},\"inLanguage\":\"fr-FR\",\"potentialAction\":[{\"@type\":\"ReadAction\",\"target\":[\"https:\/\/www.szen.fr\/massage\/le-massage-body-body\/quels-sont-les-bienfaits-du-massage-body-body\/\"]}]},{\"@type\":\"BreadcrumbList\",\"@id\":\"https:\/\/www.szen.fr\/massage\/le-massage-body-body\/quels-sont-les-bienfaits-du-massage-body-body\/#breadcrumb\",\"itemListElement\":[{\"@type\":\"ListItem\",\"position\":1,\"name\":\"Accueil\",\"item\":\"https:\/\/www.szen.fr\/massage\/\"},{\"@type\":\"ListItem\",\"position\":2,\"name\":\"Le massage Body Body\",\"item\":\"https:\/\/www.szen.fr\/massage\/le-massage-body-body\/\"},{\"@type\":\"ListItem\",\"position\":3,\"name\":\"Quels sont les bienfaits du massage body body ?\"}]},{\"@type\":\"WebSite\",\"@id\":\"https:\/\/www.szen.fr\/massage\/#website\",\"url\":\"https:\/\/www.szen.fr\/massage\/\",\"name\":\"Wiki Massage by Szen\",\"description\":\"\",\"publisher\":{\"@id\":\"https:\/\/www.szen.fr\/massage\/#organization\"},\"potentialAction\":[{\"@type\":\"SearchAction\",\"target\":{\"@type\":\"EntryPoint\",\"urlTemplate\":\"https:\/\/www.szen.fr\/massage\/?s={search_term_string}\"},\"query-input\":\"required name=search_term_string\"}],\"inLanguage\":\"fr-FR\"},{\"@type\":\"Organization\",\"@id\":\"https:\/\/www.szen.fr\/massage\/#organization\",\"name\":\"Wiki Massage by Szen\",\"url\":\"https:\/\/www.szen.fr\/massage\/\",\"logo\":{\"@type\":\"ImageObject\",\"inLanguage\":\"fr-FR\",\"@id\":\"https:\/\/www.szen.fr\/massage\/#\/schema\/logo\/image\/\",\"url\":\"https:\/\/www.szen.fr\/massage\/wp-content\/uploads\/2023\/12\/cropped-logo-wiki-massage.png\",\"contentUrl\":\"https:\/\/www.szen.fr\/massage\/wp-content\/uploads\/2023\/12\/cropped-logo-wiki-massage.png\",\"width\":200,\"height\":89,\"caption\":\"Wiki Massage by Szen\"},\"image\":{\"@id\":\"https:\/\/www.szen.fr\/massage\/#\/schema\/logo\/image\/\"}}]}<\/script>\n<!-- \/ Yoast SEO Premium plugin. -->","yoast_head_json":{"title":"Quels sont les bienfaits du massage body body ?","description":"Quels sont les bienfaits du massage body body ?","robots":{"index":"index","follow":"follow","max-snippet":"max-snippet:-1","max-image-preview":"max-image-preview:large","max-video-preview":"max-video-preview:-1"},"canonical":"https:\/\/www.szen.fr\/massage\/le-massage-body-body\/quels-sont-les-bienfaits-du-massage-body-body\/","og_locale":"fr_FR","og_type":"article","og_title":"Quels sont les bienfaits du massage body body ?","og_description":"Quels sont les bienfaits du massage body body ?","og_url":"https:\/\/www.szen.fr\/massage\/le-massage-body-body\/quels-sont-les-bienfaits-du-massage-body-body\/","og_site_name":"Wiki Massage by Szen","article_modified_time":"2024-07-08T13:36:07+00:00","og_image":[{"url":"http:\/\/www.szen.fr\/massage\/wp-content\/uploads\/2023\/12\/massage-tantrique-paris-1024x512.jpg"}],"twitter_card":"summary_large_image","twitter_misc":{"Dur\u00e9e de lecture estim\u00e9e":"4 minutes"},"schema":{"@context":"https:\/\/schema.org","@graph":[{"@type":"WebPage","@id":"https:\/\/www.szen.fr\/massage\/le-massage-body-body\/quels-sont-les-bienfaits-du-massage-body-body\/","url":"https:\/\/www.szen.fr\/massage\/le-massage-body-body\/quels-sont-les-bienfaits-du-massage-body-body\/","name":"Quels sont les bienfaits du massage body body ?","isPartOf":{"@id":"https:\/\/www.szen.fr\/massage\/#website"},"datePublished":"2023-12-28T11:12:33+00:00","dateModified":"2024-07-08T13:36:07+00:00","description":"Quels sont les bienfaits du massage body body ?","breadcrumb":{"@id":"https:\/\/www.szen.fr\/massage\/le-massage-body-body\/quels-sont-les-bienfaits-du-massage-body-body\/#breadcrumb"},"inLanguage":"fr-FR","potentialAction":[{"@type":"ReadAction","target":["https:\/\/www.szen.fr\/massage\/le-massage-body-body\/quels-sont-les-bienfaits-du-massage-body-body\/"]}]},{"@type":"BreadcrumbList","@id":"https:\/\/www.szen.fr\/massage\/le-massage-body-body\/quels-sont-les-bienfaits-du-massage-body-body\/#breadcrumb","itemListElement":[{"@type":"ListItem","position":1,"name":"Accueil","item":"https:\/\/www.szen.fr\/massage\/"},{"@type":"ListItem","position":2,"name":"Le massage Body Body","item":"https:\/\/www.szen.fr\/massage\/le-massage-body-body\/"},{"@type":"ListItem","position":3,"name":"Quels sont les bienfaits du massage body body ?"}]},{"@type":"WebSite","@id":"https:\/\/www.szen.fr\/massage\/#website","url":"https:\/\/www.szen.fr\/massage\/","name":"Wiki Massage by Szen","description":"","publisher":{"@id":"https:\/\/www.szen.fr\/massage\/#organization"},"potentialAction":[{"@type":"SearchAction","target":{"@type":"EntryPoint","urlTemplate":"https:\/\/www.szen.fr\/massage\/?s={search_term_string}"},"query-input":"required name=search_term_string"}],"inLanguage":"fr-FR"},{"@type":"Organization","@id":"https:\/\/www.szen.fr\/massage\/#organization","name":"Wiki Massage by Szen","url":"https:\/\/www.szen.fr\/massage\/","logo":{"@type":"ImageObject","inLanguage":"fr-FR","@id":"https:\/\/www.szen.fr\/massage\/#\/schema\/logo\/image\/","url":"https:\/\/www.szen.fr\/massage\/wp-content\/uploads\/2023\/12\/cropped-logo-wiki-massage.png","contentUrl":"https:\/\/www.szen.fr\/massage\/wp-content\/uploads\/2023\/12\/cropped-logo-wiki-massage.png","width":200,"height":89,"caption":"Wiki Massage by Szen"},"image":{"@id":"https:\/\/www.szen.fr\/massage\/#\/schema\/logo\/image\/"}}]}},"_links":{"self":[{"href":"https:\/\/www.szen.fr\/massage\/wp-json\/wp\/v2\/pages\/7883","targetHints":{"allow":["GET"]}}],"collection":[{"href":"https:\/\/www.szen.fr\/massage\/wp-json\/wp\/v2\/pages"}],"about":[{"href":"https:\/\/www.szen.fr\/massage\/wp-json\/wp\/v2\/types\/page"}],"author":[{"embeddable":true,"href":"https:\/\/www.szen.fr\/massage\/wp-json\/wp\/v2\/users\/1"}],"replies":[{"embeddable":true,"href":"https:\/\/www.szen.fr\/massage\/wp-json\/wp\/v2\/comments?post=7883"}],"version-history":[{"count":16,"href":"https:\/\/www.szen.fr\/massage\/wp-json\/wp\/v2\/pages\/7883\/revisions"}],"predecessor-version":[{"id":7936,"href":"https:\/\/www.szen.fr\/massage\/wp-json\/wp\/v2\/pages\/7883\/revisions\/7936"}],"up":[{"embeddable":true,"href":"https:\/\/www.szen.fr\/massage\/wp-json\/wp\/v2\/pages\/7867"}],"wp:attachment":[{"href":"https:\/\/www.szen.fr\/massage\/wp-json\/wp\/v2\/media?parent=7883"}],"curies":[{"name":"wp","href":"https:\/\/api.w.org\/{rel}","templated":true}]}}