{"id":7881,"date":"2023-12-28T12:12:27","date_gmt":"2023-12-28T11:12:27","guid":{"rendered":"https:\/\/www.szen.fr\/massage\/?page_id=7881"},"modified":"2023-12-28T13:00:45","modified_gmt":"2023-12-28T12:00:45","slug":"comment-se-passe-un-massage-body-body","status":"publish","type":"page","link":"https:\/\/www.szen.fr\/massage\/le-massage-body-body\/comment-se-passe-un-massage-body-body\/","title":{"rendered":"Comment se passe un massage body body ?"},"content":{"rendered":"\t\t<div data-elementor-type=\"wp-page\" data-elementor-id=\"7881\" class=\"elementor elementor-7881\" data-elementor-post-type=\"page\">\n\t\t\t\t\t\t\t<div class=\"elementor-element elementor-element-360632b e-flex e-con-boxed e-con e-parent\" data-id=\"360632b\" data-element_type=\"container\" data-settings=\"{&quot;content_width&quot;:&quot;boxed&quot;}\" data-core-v316-plus=\"true\">\n\t\t\t\t\t<div class=\"e-con-inner\">\n\t\t<div class=\"elementor-element elementor-element-ea0cf13 e-con-full e-flex e-con e-child\" data-id=\"ea0cf13\" data-element_type=\"container\" data-settings=\"{&quot;content_width&quot;:&quot;full&quot;}\">\n\t\t\t\t<div class=\"elementor-element elementor-element-a246298 elementor-widget elementor-widget-breadcrumbs\" data-id=\"a246298\" data-element_type=\"widget\" data-widget_type=\"breadcrumbs.default\">\n\t\t\t\t<div class=\"elementor-widget-container\">\n\t\t\t<link rel=\"stylesheet\" href=\"https:\/\/www.szen.fr\/massage\/wp-content\/plugins\/elementor-pro\/assets\/css\/widget-theme-elements.min.css\"><p id=\"breadcrumbs\"><span><span><a href=\"https:\/\/www.szen.fr\/massage\/\">Accueil<\/a><\/span><\/span><\/p>\t\t<\/div>\n\t\t\t\t<\/div>\n\t\t\t\t<div class=\"elementor-element elementor-element-a5cc0cf elementor-widget elementor-widget-image\" data-id=\"a5cc0cf\" data-element_type=\"widget\" alt=\"le massage tantrique\" data-widget_type=\"image.default\">\n\t\t\t\t<div class=\"elementor-widget-container\">\n\t\t\t<style>\/*! elementor - v3.18.0 - 08-12-2023 *\/\n.elementor-widget-image{text-align:center}.elementor-widget-image a{display:inline-block}.elementor-widget-image a img[src$=\".svg\"]{width:48px}.elementor-widget-image img{vertical-align:middle;display:inline-block}<\/style>\t\t\t\t\t\t\t\t\t\t\t\t<img fetchpriority=\"high\" decoding=\"async\" width=\"1024\" height=\"512\" src=\"https:\/\/www.szen.fr\/massage\/wp-content\/uploads\/2023\/12\/massage-tantrique-paris-1024x512.jpg\" class=\"attachment-large size-large wp-image-7708\" alt=\"massage tantrique\" srcset=\"https:\/\/www.szen.fr\/massage\/wp-content\/uploads\/2023\/12\/massage-tantrique-paris-1024x512.jpg 1024w, https:\/\/www.szen.fr\/massage\/wp-content\/uploads\/2023\/12\/massage-tantrique-paris-300x150.jpg 300w, https:\/\/www.szen.fr\/massage\/wp-content\/uploads\/2023\/12\/massage-tantrique-paris-768x384.jpg 768w, https:\/\/www.szen.fr\/massage\/wp-content\/uploads\/2023\/12\/massage-tantrique-paris-1536x768.jpg 1536w, https:\/\/www.szen.fr\/massage\/wp-content\/uploads\/2023\/12\/massage-tantrique-paris-1300x650.jpg 1300w, https:\/\/www.szen.fr\/massage\/wp-content\/uploads\/2023\/12\/massage-tantrique-paris.jpg 2000w\" sizes=\"(max-width: 1024px) 100vw, 1024px\" \/>\t\t\t\t\t\t\t\t\t\t\t\t\t\t\t<\/div>\n\t\t\t\t<\/div>\n\t\t\t\t<\/div>\n\t\t\t\t\t<\/div>\n\t\t\t\t<\/div>\n\t\t<div class=\"elementor-element elementor-element-38ac74f e-flex e-con-boxed e-con e-parent\" data-id=\"38ac74f\" data-element_type=\"container\" data-settings=\"{&quot;content_width&quot;:&quot;boxed&quot;}\" data-core-v316-plus=\"true\">\n\t\t\t\t\t<div class=\"e-con-inner\">\n\t\t<div class=\"elementor-element elementor-element-d5e1cba e-con-full e-flex e-con e-child\" data-id=\"d5e1cba\" data-element_type=\"container\" data-settings=\"{&quot;content_width&quot;:&quot;full&quot;}\">\n\t\t\t\t<div class=\"elementor-element elementor-element-5b85f3e elementor-widget elementor-widget-heading\" data-id=\"5b85f3e\" data-element_type=\"widget\" data-widget_type=\"heading.default\">\n\t\t\t\t<div class=\"elementor-widget-container\">\n\t\t\t<style>\/*! elementor - v3.18.0 - 08-12-2023 *\/\n.elementor-heading-title{padding:0;margin:0;line-height:1}.elementor-widget-heading .elementor-heading-title[class*=elementor-size-]>a{color:inherit;font-size:inherit;line-height:inherit}.elementor-widget-heading .elementor-heading-title.elementor-size-small{font-size:15px}.elementor-widget-heading .elementor-heading-title.elementor-size-medium{font-size:19px}.elementor-widget-heading .elementor-heading-title.elementor-size-large{font-size:29px}.elementor-widget-heading .elementor-heading-title.elementor-size-xl{font-size:39px}.elementor-widget-heading .elementor-heading-title.elementor-size-xxl{font-size:59px}<\/style><h1 class=\"elementor-heading-title elementor-size-default\">Comment se passe un massage body body ?<\/h1>\t\t<\/div>\n\t\t\t\t<\/div>\n\t\t\t\t<div class=\"elementor-element elementor-element-abcfa06 elementor-icon-list--layout-traditional elementor-list-item-link-full_width elementor-widget elementor-widget-icon-list\" data-id=\"abcfa06\" data-element_type=\"widget\" data-widget_type=\"icon-list.default\">\n\t\t\t\t<div class=\"elementor-widget-container\">\n\t\t\t<link rel=\"stylesheet\" href=\"https:\/\/www.szen.fr\/massage\/wp-content\/plugins\/elementor\/assets\/css\/widget-icon-list.min.css\">\t\t<ul class=\"elementor-icon-list-items\">\n\t\t\t\t\t\t\t<li class=\"elementor-icon-list-item\">\n\t\t\t\t\t\t\t\t\t\t\t<a href=\"https:\/\/www.szen.fr\/massage\/le-massage-body-body\/quels-sont-les-avantages-du-massage-body-body\/\">\n\n\t\t\t\t\t\t\t\t\t\t\t<span class=\"elementor-icon-list-text\">Quels sont les avantages du massage body body ?<\/span>\n\t\t\t\t\t\t\t\t\t\t\t<\/a>\n\t\t\t\t\t\t\t\t\t<\/li>\n\t\t\t\t\t\t\t\t<li class=\"elementor-icon-list-item\">\n\t\t\t\t\t\t\t\t\t\t\t<a href=\"https:\/\/www.szen.fr\/massage\/le-massage-body-body\/le-massage-body-body-pour-qui\/\">\n\n\t\t\t\t\t\t\t\t\t\t\t<span class=\"elementor-icon-list-text\">Le massage body body : pour qui ?<\/span>\n\t\t\t\t\t\t\t\t\t\t\t<\/a>\n\t\t\t\t\t\t\t\t\t<\/li>\n\t\t\t\t\t\t\t\t<li class=\"elementor-icon-list-item\">\n\t\t\t\t\t\t\t\t\t\t\t<a href=\"https:\/\/www.szen.fr\/massage\/le-massage-body-body\/comment-choisir-le-meilleur-salon-pour-un-massage-body-body-a-paris\/\">\n\n\t\t\t\t\t\t\t\t\t\t\t<span class=\"elementor-icon-list-text\">Comment choisir le meilleur salon pour un massage body body \u00e0 Paris ?<\/span>\n\t\t\t\t\t\t\t\t\t\t\t<\/a>\n\t\t\t\t\t\t\t\t\t<\/li>\n\t\t\t\t\t\t\t\t<li class=\"elementor-icon-list-item\">\n\t\t\t\t\t\t\t\t\t\t\t<a href=\"https:\/\/www.szen.fr\/massage\/le-massage-body-body\/comment-se-passe-un-massage-body-body\/\">\n\n\t\t\t\t\t\t\t\t\t\t\t<span class=\"elementor-icon-list-text\">Comment se passe un massage body body ?<\/span>\n\t\t\t\t\t\t\t\t\t\t\t<\/a>\n\t\t\t\t\t\t\t\t\t<\/li>\n\t\t\t\t\t\t\t\t<li class=\"elementor-icon-list-item\">\n\t\t\t\t\t\t\t\t\t\t\t<a href=\"https:\/\/www.szen.fr\/massage\/le-massage-body-body\/quels-sont-les-bienfaits-du-massage-body-body\/\">\n\n\t\t\t\t\t\t\t\t\t\t\t<span class=\"elementor-icon-list-text\">Quels sont les bienfaits du massage body body ?<\/span>\n\t\t\t\t\t\t\t\t\t\t\t<\/a>\n\t\t\t\t\t\t\t\t\t<\/li>\n\t\t\t\t\t\t<\/ul>\n\t\t\t\t<\/div>\n\t\t\t\t<\/div>\n\t\t\t\t<\/div>\n\t\t<div class=\"elementor-element elementor-element-f292363 e-con-full e-flex e-con e-child\" data-id=\"f292363\" data-element_type=\"container\" data-settings=\"{&quot;content_width&quot;:&quot;full&quot;}\">\n\t\t\t\t<div class=\"elementor-element elementor-element-962a94a elementor-widget elementor-widget-text-editor\" data-id=\"962a94a\" data-element_type=\"widget\" data-widget_type=\"text-editor.default\">\n\t\t\t\t<div class=\"elementor-widget-container\">\n\t\t\t<style>\/*! elementor - v3.18.0 - 08-12-2023 *\/\n.elementor-widget-text-editor.elementor-drop-cap-view-stacked .elementor-drop-cap{background-color:#69727d;color:#fff}.elementor-widget-text-editor.elementor-drop-cap-view-framed .elementor-drop-cap{color:#69727d;border:3px solid;background-color:transparent}.elementor-widget-text-editor:not(.elementor-drop-cap-view-default) .elementor-drop-cap{margin-top:8px}.elementor-widget-text-editor:not(.elementor-drop-cap-view-default) .elementor-drop-cap-letter{width:1em;height:1em}.elementor-widget-text-editor .elementor-drop-cap{float:left;text-align:center;line-height:1;font-size:50px}.elementor-widget-text-editor .elementor-drop-cap-letter{display:inline-block}<\/style>\t\t\t\t<p>Vous aimeriez d\u00e9couvrir le massage body body mais vous ne savez pas vraiment comment se d\u00e9roule une s\u00e9ance ? Vous avez des doutes ou besoin de comprendre le principe de ce type de massage ? Pour ceux qui s&rsquo;int\u00e9ressent \u00e0 cette exp\u00e9rience unique et sensuelle, comprendre comment se d\u00e9roule une s\u00e9ance est, en effet, essentiel !<\/p><p>Chez PariSensuel Inside, nous avons d\u00e9cid\u00e9 de vous guider \u00e0 travers les \u00e9tapes d&rsquo;une s\u00e9ance typique de massage body body. Vous d\u00e9couvrirez \u00e9galement toutes les informations pratiques n\u00e9cessaires pour appr\u00e9hender ce type de massage et pour profiter au maximum de ce moment de relaxation et de sensualit\u00e9.<\/p><h2>Le d\u00e9roulement d\u2019une s\u00e9ance de massage body body \u00e0 Paris<\/h2><p>\u00a0<\/p><p>Vous ne savez pas comment se passe une s\u00e9ance de massage corps \u00e0 corps ? Une s\u00e9ance de massage body-body \u00e0 Paris se d\u00e9roule g\u00e9n\u00e9ralement de la fa\u00e7on suivante :<\/p><ul><li style=\"list-style-type: none;\"><ul><li>1.Vous commencez la s\u00e9ance par une discussion approfondie avec la praticienne qualifi\u00e9e. Pendant cet \u00e9change, vous pouvez exprimer vos pr\u00e9f\u00e9rences, attentes et pr\u00e9occupations. Vous pouvez \u00e9galement poser toutes vos questions.<\/li><li>2.Ensuite, vous pouvez vous d\u00e9shabiller.<\/li><li>3.Vous vous allongez sur une surface confortable afin que le massage puisse commencer.<\/li><li>4.La praticienne d\u00e9bute alors son massage, avec des mouvements lents, fluides et sensuels, et \u00e0 l\u2019aide de tout son corps.<\/li><li>5.Tout au long de la s\u00e9ance, la masseuse professionnelle utilise des huiles chaudes et parfum\u00e9es qui facilitent le glissement des mains et qui cr\u00e9ent une exp\u00e9rience sensorielle agr\u00e9able.<\/li><li>6.Enfin, elle utilise une vari\u00e9t\u00e9 de techniques de toucher pour stimuler vos sens et favoriser votre relaxation.<\/li><\/ul><\/li><\/ul><p>Il est crucial de garder \u00e0 l&rsquo;esprit que, malgr\u00e9 son caract\u00e8re tr\u00e8s sensuel, le massage body-body ne doit jamais conduire \u00e0 des activit\u00e9s sexuelles s\u2019il est pratiqu\u00e9 dans un salon de massage professionnel. Le respect des limites et des r\u00e8gles est essentiel pour garantir une exp\u00e9rience respectueuse et agr\u00e9able pour toutes les parties impliqu\u00e9es.<\/p><p>Pour d\u00e9couvrir cette activit\u00e9 unique \u00e0 Paris, il vous suffit de trouver la praticienne qualifi\u00e9e qui vous convient. N&rsquo;h\u00e9sitez pas \u00e0 consulter PariSensuel Inside, le guide des bonnes adresses sensuelles \u00e0 Paris, pour trouver un salon de massage de qualit\u00e9 ou une masseuse comp\u00e9tente et professionnelle.<\/p><p>Vous avez des questions sur l\u2019une des masseuses ? Vous souhaitez en savoir plus sur l\u2019un des salons r\u00e9f\u00e9renc\u00e9s sur notre guide ? Contactez-nous sans plus tarder !<\/p><h2>Combien de temps dure un massage body body ?<\/h2><p>La dur\u00e9e d&rsquo;une s\u00e9ance de massage body body varie g\u00e9n\u00e9ralement de 60 \u00e0 90 minutes. Cette dur\u00e9e offre suffisamment de temps pour que vous puissiez vous d\u00e9tendre et ressentir pleinement les bienfaits du massage. Certains salons de massage proposent \u00e9galement des s\u00e9ances plus courtes ou plus longues en fonction de vos besoins et de vos pr\u00e9f\u00e9rences.<\/p><h2>Quels sont les produits utilis\u00e9s lors d&rsquo;un massage body body ?<\/h2><p>Lors d&rsquo;un massage body-body \u00e0 Paris, les masseuses utilisent g\u00e9n\u00e9ralement des produits sp\u00e9cialement con\u00e7us pour am\u00e9liorer votre exp\u00e9rience sensorielle et favoriser la relaxation.<\/p><p>Les huiles de massage chaudes et parfum\u00e9es sont les plus couramment utilis\u00e9es. Ces derni\u00e8res sont d\u00e9licatement chauff\u00e9es pour cr\u00e9er une sensation apaisante lorsqu&rsquo;elles sont appliqu\u00e9es sur la peau. Elles permettent \u00e9galement aux mains et au corps de la masseuse de glisser plus facilement sur la peau. Enfin, en plus d\u2019hydrater la peau et de la rendre douce, les huiles de massage sont \u00e9galement utilis\u00e9es pour leur dimension sensorielle gr\u00e2ce \u00e0 leur parfum envo\u00fbtant.<\/p><p>Lors d\u2019une s\u00e9ance, des bougies parfum\u00e9es peuvent \u00e9galement \u00eatre allum\u00e9es pour cr\u00e9er une atmosph\u00e8re relaxante, chaleureuse et romantique.<\/p><p>Attention : si vous avez des probl\u00e8mes de peau, il est important d\u2019en discuter avec la praticienne. Il existe, en effet, des contre-indications.<\/p><h2>Un massage body body peut-il \u00eatre r\u00e9alis\u00e9 en couple ?<\/h2><p>Vous aimeriez trouver une activit\u00e9 atypique et sensuelle \u00e0 faire en couple \u00e0 Paris ? Vous souhaitez tester le massage body body avec votre partenaire afin de raviver la flamme ?<\/p><p>Le massage body body peut, en effet, \u00eatre une exp\u00e9rience incroyable \u00e0 partager en couple. Beaucoup de salons de massage proposent des prestations sp\u00e9ciales pour les couples, o\u00f9 vous et votre partenaire pouvez recevoir le massage en m\u00eame temps, c\u00f4te \u00e0 c\u00f4te, pour un moment hors du temps.<\/p><p>R\u00e9aliser un massage body body en couple peut booster la complicit\u00e9 avec votre partenaire, tout en permettant \u00e0 chacun de profiter de la relaxation et de la sensualit\u00e9 de l&rsquo;instant.<\/p>\t\t\t\t\t\t<\/div>\n\t\t\t\t<\/div>\n\t\t\t\t<\/div>\n\t\t\t\t\t<\/div>\n\t\t\t\t<\/div>\n\t\t\t\t\t\t\t<\/div>\n\t\t","protected":false},"excerpt":{"rendered":"<p>Comment se passe un massage body body ? Quels sont les avantages du massage body body ? Le massage body body : pour qui ? Comment choisir le meilleur salon pour un massage body body \u00e0 Paris ? Comment se passe un massage body body ? Quels sont les bienfaits du massage body body ? [&hellip;]<\/p>\n","protected":false},"author":1,"featured_media":0,"parent":7867,"menu_order":2,"comment_status":"closed","ping_status":"closed","template":"page-full-width.php","meta":{"footnotes":""},"class_list":["post-7881","page","type-page","status-publish","hentry"],"yoast_head":"<!-- This site is optimized with the Yoast SEO Premium plugin v21.7 (Yoast SEO v21.7) - https:\/\/yoast.com\/wordpress\/plugins\/seo\/ -->\n<title>Comment se passe un massage body body ?<\/title>\n<meta name=\"description\" content=\"Plongez dans une exp\u00e9rience sensorielle unique gr\u00e2ce \u00e0 nos techniques de massage tantrique. Lib\u00e9rez votre \u00e9nergie vitale pour une relaxation profonde. Essayez aujourd&#039;hui !\" \/>\n<meta name=\"robots\" content=\"index, follow, max-snippet:-1, max-image-preview:large, max-video-preview:-1\" \/>\n<link rel=\"canonical\" href=\"https:\/\/www.szen.fr\/massage\/le-massage-body-body\/comment-se-passe-un-massage-body-body\/\" \/>\n<meta property=\"og:locale\" content=\"fr_FR\" \/>\n<meta property=\"og:type\" content=\"article\" \/>\n<meta property=\"og:title\" content=\"Comment se passe un massage body body ?\" \/>\n<meta property=\"og:description\" content=\"Plongez dans une exp\u00e9rience sensorielle unique gr\u00e2ce \u00e0 nos techniques de massage tantrique. Lib\u00e9rez votre \u00e9nergie vitale pour une relaxation profonde. Essayez aujourd&#039;hui !\" \/>\n<meta property=\"og:url\" content=\"https:\/\/www.szen.fr\/massage\/le-massage-body-body\/comment-se-passe-un-massage-body-body\/\" \/>\n<meta property=\"og:site_name\" content=\"Wiki Massage by Szen\" \/>\n<meta property=\"article:modified_time\" content=\"2023-12-28T12:00:45+00:00\" \/>\n<meta property=\"og:image\" content=\"http:\/\/www.szen.fr\/massage\/wp-content\/uploads\/2023\/12\/massage-tantrique-paris-1024x512.jpg\" \/>\n<meta name=\"twitter:card\" content=\"summary_large_image\" \/>\n<meta name=\"twitter:label1\" content=\"Dur\u00e9e de lecture estim\u00e9e\" \/>\n\t<meta name=\"twitter:data1\" content=\"5 minutes\" \/>\n<script type=\"application\/ld+json\" class=\"yoast-schema-graph\">{\"@context\":\"https:\/\/schema.org\",\"@graph\":[{\"@type\":\"WebPage\",\"@id\":\"https:\/\/www.szen.fr\/massage\/le-massage-body-body\/comment-se-passe-un-massage-body-body\/\",\"url\":\"https:\/\/www.szen.fr\/massage\/le-massage-body-body\/comment-se-passe-un-massage-body-body\/\",\"name\":\"Comment se passe un massage body body ?\",\"isPartOf\":{\"@id\":\"https:\/\/www.szen.fr\/massage\/#website\"},\"datePublished\":\"2023-12-28T11:12:27+00:00\",\"dateModified\":\"2023-12-28T12:00:45+00:00\",\"description\":\"Plongez dans une exp\u00e9rience sensorielle unique gr\u00e2ce \u00e0 nos techniques de massage tantrique. Lib\u00e9rez votre \u00e9nergie vitale pour une relaxation profonde. Essayez aujourd'hui !\",\"breadcrumb\":{\"@id\":\"https:\/\/www.szen.fr\/massage\/le-massage-body-body\/comment-se-passe-un-massage-body-body\/#breadcrumb\"},\"inLanguage\":\"fr-FR\",\"potentialAction\":[{\"@type\":\"ReadAction\",\"target\":[\"https:\/\/www.szen.fr\/massage\/le-massage-body-body\/comment-se-passe-un-massage-body-body\/\"]}]},{\"@type\":\"BreadcrumbList\",\"@id\":\"https:\/\/www.szen.fr\/massage\/le-massage-body-body\/comment-se-passe-un-massage-body-body\/#breadcrumb\",\"itemListElement\":[{\"@type\":\"ListItem\",\"position\":1,\"name\":\"Accueil\",\"item\":\"https:\/\/www.szen.fr\/massage\/\"},{\"@type\":\"ListItem\",\"position\":2,\"name\":\"Le massage Body Body\",\"item\":\"https:\/\/www.szen.fr\/massage\/le-massage-body-body\/\"},{\"@type\":\"ListItem\",\"position\":3,\"name\":\"Comment se passe un massage body body ?\"}]},{\"@type\":\"WebSite\",\"@id\":\"https:\/\/www.szen.fr\/massage\/#website\",\"url\":\"https:\/\/www.szen.fr\/massage\/\",\"name\":\"Wiki Massage by Szen\",\"description\":\"\",\"publisher\":{\"@id\":\"https:\/\/www.szen.fr\/massage\/#organization\"},\"potentialAction\":[{\"@type\":\"SearchAction\",\"target\":{\"@type\":\"EntryPoint\",\"urlTemplate\":\"https:\/\/www.szen.fr\/massage\/?s={search_term_string}\"},\"query-input\":\"required name=search_term_string\"}],\"inLanguage\":\"fr-FR\"},{\"@type\":\"Organization\",\"@id\":\"https:\/\/www.szen.fr\/massage\/#organization\",\"name\":\"Wiki Massage by Szen\",\"url\":\"https:\/\/www.szen.fr\/massage\/\",\"logo\":{\"@type\":\"ImageObject\",\"inLanguage\":\"fr-FR\",\"@id\":\"https:\/\/www.szen.fr\/massage\/#\/schema\/logo\/image\/\",\"url\":\"https:\/\/www.szen.fr\/massage\/wp-content\/uploads\/2023\/12\/cropped-logo-wiki-massage.png\",\"contentUrl\":\"https:\/\/www.szen.fr\/massage\/wp-content\/uploads\/2023\/12\/cropped-logo-wiki-massage.png\",\"width\":200,\"height\":89,\"caption\":\"Wiki Massage by Szen\"},\"image\":{\"@id\":\"https:\/\/www.szen.fr\/massage\/#\/schema\/logo\/image\/\"}}]}<\/script>\n<!-- \/ Yoast SEO Premium plugin. -->","yoast_head_json":{"title":"Comment se passe un massage body body ?","description":"Plongez dans une exp\u00e9rience sensorielle unique gr\u00e2ce \u00e0 nos techniques de massage tantrique. Lib\u00e9rez votre \u00e9nergie vitale pour une relaxation profonde. Essayez aujourd'hui !","robots":{"index":"index","follow":"follow","max-snippet":"max-snippet:-1","max-image-preview":"max-image-preview:large","max-video-preview":"max-video-preview:-1"},"canonical":"https:\/\/www.szen.fr\/massage\/le-massage-body-body\/comment-se-passe-un-massage-body-body\/","og_locale":"fr_FR","og_type":"article","og_title":"Comment se passe un massage body body ?","og_description":"Plongez dans une exp\u00e9rience sensorielle unique gr\u00e2ce \u00e0 nos techniques de massage tantrique. Lib\u00e9rez votre \u00e9nergie vitale pour une relaxation profonde. Essayez aujourd'hui !","og_url":"https:\/\/www.szen.fr\/massage\/le-massage-body-body\/comment-se-passe-un-massage-body-body\/","og_site_name":"Wiki Massage by Szen","article_modified_time":"2023-12-28T12:00:45+00:00","og_image":[{"url":"http:\/\/www.szen.fr\/massage\/wp-content\/uploads\/2023\/12\/massage-tantrique-paris-1024x512.jpg"}],"twitter_card":"summary_large_image","twitter_misc":{"Dur\u00e9e de lecture estim\u00e9e":"5 minutes"},"schema":{"@context":"https:\/\/schema.org","@graph":[{"@type":"WebPage","@id":"https:\/\/www.szen.fr\/massage\/le-massage-body-body\/comment-se-passe-un-massage-body-body\/","url":"https:\/\/www.szen.fr\/massage\/le-massage-body-body\/comment-se-passe-un-massage-body-body\/","name":"Comment se passe un massage body body ?","isPartOf":{"@id":"https:\/\/www.szen.fr\/massage\/#website"},"datePublished":"2023-12-28T11:12:27+00:00","dateModified":"2023-12-28T12:00:45+00:00","description":"Plongez dans une exp\u00e9rience sensorielle unique gr\u00e2ce \u00e0 nos techniques de massage tantrique. Lib\u00e9rez votre \u00e9nergie vitale pour une relaxation profonde. Essayez aujourd'hui !","breadcrumb":{"@id":"https:\/\/www.szen.fr\/massage\/le-massage-body-body\/comment-se-passe-un-massage-body-body\/#breadcrumb"},"inLanguage":"fr-FR","potentialAction":[{"@type":"ReadAction","target":["https:\/\/www.szen.fr\/massage\/le-massage-body-body\/comment-se-passe-un-massage-body-body\/"]}]},{"@type":"BreadcrumbList","@id":"https:\/\/www.szen.fr\/massage\/le-massage-body-body\/comment-se-passe-un-massage-body-body\/#breadcrumb","itemListElement":[{"@type":"ListItem","position":1,"name":"Accueil","item":"https:\/\/www.szen.fr\/massage\/"},{"@type":"ListItem","position":2,"name":"Le massage Body Body","item":"https:\/\/www.szen.fr\/massage\/le-massage-body-body\/"},{"@type":"ListItem","position":3,"name":"Comment se passe un massage body body ?"}]},{"@type":"WebSite","@id":"https:\/\/www.szen.fr\/massage\/#website","url":"https:\/\/www.szen.fr\/massage\/","name":"Wiki Massage by Szen","description":"","publisher":{"@id":"https:\/\/www.szen.fr\/massage\/#organization"},"potentialAction":[{"@type":"SearchAction","target":{"@type":"EntryPoint","urlTemplate":"https:\/\/www.szen.fr\/massage\/?s={search_term_string}"},"query-input":"required name=search_term_string"}],"inLanguage":"fr-FR"},{"@type":"Organization","@id":"https:\/\/www.szen.fr\/massage\/#organization","name":"Wiki Massage by Szen","url":"https:\/\/www.szen.fr\/massage\/","logo":{"@type":"ImageObject","inLanguage":"fr-FR","@id":"https:\/\/www.szen.fr\/massage\/#\/schema\/logo\/image\/","url":"https:\/\/www.szen.fr\/massage\/wp-content\/uploads\/2023\/12\/cropped-logo-wiki-massage.png","contentUrl":"https:\/\/www.szen.fr\/massage\/wp-content\/uploads\/2023\/12\/cropped-logo-wiki-massage.png","width":200,"height":89,"caption":"Wiki Massage by Szen"},"image":{"@id":"https:\/\/www.szen.fr\/massage\/#\/schema\/logo\/image\/"}}]}},"_links":{"self":[{"href":"https:\/\/www.szen.fr\/massage\/wp-json\/wp\/v2\/pages\/7881","targetHints":{"allow":["GET"]}}],"collection":[{"href":"https:\/\/www.szen.fr\/massage\/wp-json\/wp\/v2\/pages"}],"about":[{"href":"https:\/\/www.szen.fr\/massage\/wp-json\/wp\/v2\/types\/page"}],"author":[{"embeddable":true,"href":"https:\/\/www.szen.fr\/massage\/wp-json\/wp\/v2\/users\/1"}],"replies":[{"embeddable":true,"href":"https:\/\/www.szen.fr\/massage\/wp-json\/wp\/v2\/comments?post=7881"}],"version-history":[{"count":10,"href":"https:\/\/www.szen.fr\/massage\/wp-json\/wp\/v2\/pages\/7881\/revisions"}],"predecessor-version":[{"id":7943,"href":"https:\/\/www.szen.fr\/massage\/wp-json\/wp\/v2\/pages\/7881\/revisions\/7943"}],"up":[{"embeddable":true,"href":"https:\/\/www.szen.fr\/massage\/wp-json\/wp\/v2\/pages\/7867"}],"wp:attachment":[{"href":"https:\/\/www.szen.fr\/massage\/wp-json\/wp\/v2\/media?parent=7881"}],"curies":[{"name":"wp","href":"https:\/\/api.w.org\/{rel}","templated":true}]}}