{"id":7879,"date":"2023-12-28T12:12:20","date_gmt":"2023-12-28T11:12:20","guid":{"rendered":"https:\/\/www.szen.fr\/massage\/?page_id=7879"},"modified":"2023-12-28T12:42:04","modified_gmt":"2023-12-28T11:42:04","slug":"comment-choisir-le-meilleur-salon-pour-un-massage-body-body-a-paris","status":"publish","type":"page","link":"https:\/\/www.szen.fr\/massage\/le-massage-body-body\/comment-choisir-le-meilleur-salon-pour-un-massage-body-body-a-paris\/","title":{"rendered":"Comment choisir le meilleur salon pour un massage body body \u00e0 Paris ?"},"content":{"rendered":"\t\t<div data-elementor-type=\"wp-page\" data-elementor-id=\"7879\" class=\"elementor elementor-7879\" data-elementor-post-type=\"page\">\n\t\t\t\t\t\t\t<div class=\"elementor-element elementor-element-360632b e-flex e-con-boxed e-con e-parent\" data-id=\"360632b\" data-element_type=\"container\" data-settings=\"{&quot;content_width&quot;:&quot;boxed&quot;}\" data-core-v316-plus=\"true\">\n\t\t\t\t\t<div class=\"e-con-inner\">\n\t\t<div class=\"elementor-element elementor-element-ea0cf13 e-con-full e-flex e-con e-child\" data-id=\"ea0cf13\" data-element_type=\"container\" data-settings=\"{&quot;content_width&quot;:&quot;full&quot;}\">\n\t\t\t\t<div class=\"elementor-element elementor-element-a246298 elementor-widget elementor-widget-breadcrumbs\" data-id=\"a246298\" data-element_type=\"widget\" data-widget_type=\"breadcrumbs.default\">\n\t\t\t\t<div class=\"elementor-widget-container\">\n\t\t\t<link rel=\"stylesheet\" href=\"https:\/\/www.szen.fr\/massage\/wp-content\/plugins\/elementor-pro\/assets\/css\/widget-theme-elements.min.css\"><p id=\"breadcrumbs\"><span><span><a href=\"https:\/\/www.szen.fr\/massage\/\">Accueil<\/a><\/span><\/span><\/p>\t\t<\/div>\n\t\t\t\t<\/div>\n\t\t\t\t<div class=\"elementor-element elementor-element-a5cc0cf elementor-widget elementor-widget-image\" data-id=\"a5cc0cf\" data-element_type=\"widget\" alt=\"le massage tantrique\" data-widget_type=\"image.default\">\n\t\t\t\t<div class=\"elementor-widget-container\">\n\t\t\t<style>\/*! elementor - v3.18.0 - 08-12-2023 *\/\n.elementor-widget-image{text-align:center}.elementor-widget-image a{display:inline-block}.elementor-widget-image a img[src$=\".svg\"]{width:48px}.elementor-widget-image img{vertical-align:middle;display:inline-block}<\/style>\t\t\t\t\t\t\t\t\t\t\t\t<img fetchpriority=\"high\" decoding=\"async\" width=\"1024\" height=\"512\" src=\"https:\/\/www.szen.fr\/massage\/wp-content\/uploads\/2023\/12\/massage-tantrique-paris-1024x512.jpg\" class=\"attachment-large size-large wp-image-7708\" alt=\"massage tantrique\" srcset=\"https:\/\/www.szen.fr\/massage\/wp-content\/uploads\/2023\/12\/massage-tantrique-paris-1024x512.jpg 1024w, https:\/\/www.szen.fr\/massage\/wp-content\/uploads\/2023\/12\/massage-tantrique-paris-300x150.jpg 300w, https:\/\/www.szen.fr\/massage\/wp-content\/uploads\/2023\/12\/massage-tantrique-paris-768x384.jpg 768w, https:\/\/www.szen.fr\/massage\/wp-content\/uploads\/2023\/12\/massage-tantrique-paris-1536x768.jpg 1536w, https:\/\/www.szen.fr\/massage\/wp-content\/uploads\/2023\/12\/massage-tantrique-paris-1300x650.jpg 1300w, https:\/\/www.szen.fr\/massage\/wp-content\/uploads\/2023\/12\/massage-tantrique-paris.jpg 2000w\" sizes=\"(max-width: 1024px) 100vw, 1024px\" \/>\t\t\t\t\t\t\t\t\t\t\t\t\t\t\t<\/div>\n\t\t\t\t<\/div>\n\t\t\t\t<\/div>\n\t\t\t\t\t<\/div>\n\t\t\t\t<\/div>\n\t\t<div class=\"elementor-element elementor-element-38ac74f e-flex e-con-boxed e-con e-parent\" data-id=\"38ac74f\" data-element_type=\"container\" data-settings=\"{&quot;content_width&quot;:&quot;boxed&quot;}\" data-core-v316-plus=\"true\">\n\t\t\t\t\t<div class=\"e-con-inner\">\n\t\t<div class=\"elementor-element elementor-element-d5e1cba e-con-full e-flex e-con e-child\" data-id=\"d5e1cba\" data-element_type=\"container\" data-settings=\"{&quot;content_width&quot;:&quot;full&quot;}\">\n\t\t\t\t<div class=\"elementor-element elementor-element-5b85f3e elementor-widget elementor-widget-heading\" data-id=\"5b85f3e\" data-element_type=\"widget\" data-widget_type=\"heading.default\">\n\t\t\t\t<div class=\"elementor-widget-container\">\n\t\t\t<style>\/*! elementor - v3.18.0 - 08-12-2023 *\/\n.elementor-heading-title{padding:0;margin:0;line-height:1}.elementor-widget-heading .elementor-heading-title[class*=elementor-size-]>a{color:inherit;font-size:inherit;line-height:inherit}.elementor-widget-heading .elementor-heading-title.elementor-size-small{font-size:15px}.elementor-widget-heading .elementor-heading-title.elementor-size-medium{font-size:19px}.elementor-widget-heading .elementor-heading-title.elementor-size-large{font-size:29px}.elementor-widget-heading .elementor-heading-title.elementor-size-xl{font-size:39px}.elementor-widget-heading .elementor-heading-title.elementor-size-xxl{font-size:59px}<\/style><h1 class=\"elementor-heading-title elementor-size-default\">Comment choisir le meilleur salon pour un massage body body \u00e0 Paris ?<\/h1>\t\t<\/div>\n\t\t\t\t<\/div>\n\t\t\t\t<div class=\"elementor-element elementor-element-a56cb3e elementor-icon-list--layout-traditional elementor-list-item-link-full_width elementor-widget elementor-widget-icon-list\" data-id=\"a56cb3e\" data-element_type=\"widget\" data-widget_type=\"icon-list.default\">\n\t\t\t\t<div class=\"elementor-widget-container\">\n\t\t\t<link rel=\"stylesheet\" href=\"https:\/\/www.szen.fr\/massage\/wp-content\/plugins\/elementor\/assets\/css\/widget-icon-list.min.css\">\t\t<ul class=\"elementor-icon-list-items\">\n\t\t\t\t\t\t\t<li class=\"elementor-icon-list-item\">\n\t\t\t\t\t\t\t\t\t\t\t<a href=\"https:\/\/www.szen.fr\/massage\/le-massage-body-body\/quels-sont-les-avantages-du-massage-body-body\/\">\n\n\t\t\t\t\t\t\t\t\t\t\t<span class=\"elementor-icon-list-text\">Quels sont les avantages du massage body body ?<\/span>\n\t\t\t\t\t\t\t\t\t\t\t<\/a>\n\t\t\t\t\t\t\t\t\t<\/li>\n\t\t\t\t\t\t\t\t<li class=\"elementor-icon-list-item\">\n\t\t\t\t\t\t\t\t\t\t\t<a href=\"https:\/\/www.szen.fr\/massage\/le-massage-body-body\/le-massage-body-body-pour-qui\/\">\n\n\t\t\t\t\t\t\t\t\t\t\t<span class=\"elementor-icon-list-text\">Le massage body body : pour qui ?<\/span>\n\t\t\t\t\t\t\t\t\t\t\t<\/a>\n\t\t\t\t\t\t\t\t\t<\/li>\n\t\t\t\t\t\t\t\t<li class=\"elementor-icon-list-item\">\n\t\t\t\t\t\t\t\t\t\t\t<a href=\"https:\/\/www.szen.fr\/massage\/le-massage-body-body\/comment-choisir-le-meilleur-salon-pour-un-massage-body-body-a-paris\/\">\n\n\t\t\t\t\t\t\t\t\t\t\t<span class=\"elementor-icon-list-text\">Comment choisir le meilleur salon pour un massage body body \u00e0 Paris ?<\/span>\n\t\t\t\t\t\t\t\t\t\t\t<\/a>\n\t\t\t\t\t\t\t\t\t<\/li>\n\t\t\t\t\t\t\t\t<li class=\"elementor-icon-list-item\">\n\t\t\t\t\t\t\t\t\t\t\t<a href=\"https:\/\/www.szen.fr\/massage\/le-massage-body-body\/comment-se-passe-un-massage-body-body\/\">\n\n\t\t\t\t\t\t\t\t\t\t\t<span class=\"elementor-icon-list-text\">Comment se passe un massage body body ?<\/span>\n\t\t\t\t\t\t\t\t\t\t\t<\/a>\n\t\t\t\t\t\t\t\t\t<\/li>\n\t\t\t\t\t\t\t\t<li class=\"elementor-icon-list-item\">\n\t\t\t\t\t\t\t\t\t\t\t<a href=\"https:\/\/www.szen.fr\/massage\/le-massage-body-body\/quels-sont-les-bienfaits-du-massage-body-body\/\">\n\n\t\t\t\t\t\t\t\t\t\t\t<span class=\"elementor-icon-list-text\">Quels sont les bienfaits du massage body body ?<\/span>\n\t\t\t\t\t\t\t\t\t\t\t<\/a>\n\t\t\t\t\t\t\t\t\t<\/li>\n\t\t\t\t\t\t<\/ul>\n\t\t\t\t<\/div>\n\t\t\t\t<\/div>\n\t\t\t\t<\/div>\n\t\t<div class=\"elementor-element elementor-element-f292363 e-con-full e-flex e-con e-child\" data-id=\"f292363\" data-element_type=\"container\" data-settings=\"{&quot;content_width&quot;:&quot;full&quot;}\">\n\t\t\t\t<div class=\"elementor-element elementor-element-962a94a elementor-widget elementor-widget-text-editor\" data-id=\"962a94a\" data-element_type=\"widget\" data-widget_type=\"text-editor.default\">\n\t\t\t\t<div class=\"elementor-widget-container\">\n\t\t\t<style>\/*! elementor - v3.18.0 - 08-12-2023 *\/\n.elementor-widget-text-editor.elementor-drop-cap-view-stacked .elementor-drop-cap{background-color:#69727d;color:#fff}.elementor-widget-text-editor.elementor-drop-cap-view-framed .elementor-drop-cap{color:#69727d;border:3px solid;background-color:transparent}.elementor-widget-text-editor:not(.elementor-drop-cap-view-default) .elementor-drop-cap{margin-top:8px}.elementor-widget-text-editor:not(.elementor-drop-cap-view-default) .elementor-drop-cap-letter{width:1em;height:1em}.elementor-widget-text-editor .elementor-drop-cap{float:left;text-align:center;line-height:1;font-size:50px}.elementor-widget-text-editor .elementor-drop-cap-letter{display:inline-block}<\/style>\t\t\t\tLe massage body-body est une pratique sensuelle et immersive, qui peut offrir une d\u00e9tente profonde et une connexion \u00e9motionnelle intense. Cependant, il est crucial de choisir le bon salon de massage pour vivre cette exp\u00e9rience agr\u00e9able en toute s\u00e9curit\u00e9.\n\nChez PariSensuel Inside, nous avons d\u00e9cid\u00e9 de vous aider !\n\n<h2>Une massage bodybody, c\u2019est quoi exactement ?<\/h2>\n\nLors de la pratique d\u2019un massage body-body, le masseur ou la masseuse utilise son propre corps, en plus de ses mains, pour masser le destinataire. L&rsquo;objectif de ce type de massage tr\u00e8s particulier et intime est de stimuler les sens, d&rsquo;\u00e9liminer les tensions corporelles et mentales, et de cr\u00e9er une atmosph\u00e8re sensuelle et apaisante.\n\nVous l\u2019aurez compris, contrairement \u00e0 d&rsquo;autres types de massages plus traditionnels, le massage body-body implique un contact corporel direct et entier, favorisant ainsi un haut niveau d\u2019intimit\u00e9 entre le masseur et le mass\u00e9. Cette pratique sensuelle, qui peut se d\u00e9rouler dans une atmosph\u00e8re tamis\u00e9e, avec l&rsquo;utilisation d&rsquo;huiles parfum\u00e9es et de musique apaisante, favorise la lib\u00e9ration d&rsquo;endorphines (les fameuses hormones du bonheur), r\u00e9duit le stress et am\u00e9liore le bien-\u00eatre g\u00e9n\u00e9ral.\n\nNotons \u00e9galement que le massage body-body peut \u00eatre pratiqu\u00e9 en solo pour une relaxation et une d\u00e9connexion personnelle profonde ou en couple pour renforcer les liens intimes et pour raviver la passion.\n\nAinsi, il s\u2019agit d\u2019une exp\u00e9rience qui va bien au-del\u00e0 du simple massage. C\u2019est une immersion totale dans la relaxation et la sensualit\u00e9.\n\nAttention : r\u00e9alis\u00e9 dans un salon de massage professionnel, le massage body body n\u2019implique en aucun cas un acte sexuel.\n\n<h2>Quels sont les crit\u00e8res \u00e0 prendre en compte pour choisir un salon de massage bodybody \u00e0 Paris ?<\/h2>\n\nPour choisir un bon salon de massage corps \u00e0 corps \u00e0 Paris, il est important de prendre en compte de nombreux crit\u00e8res comme :\n<ul>\n<li>La r\u00e9putation du salon de massage : Nous vous recommandons de chercher des salons de massage bien \u00e9valu\u00e9s et not\u00e9s par d&rsquo;autres clients. Les avis en ligne peuvent notamment vous donner un tr\u00e8s bon aper\u00e7u.<\/li>\n<li>L\u2019exp\u00e9rience des masseuses : Optez pour un salon qui emploie des praticiennes exp\u00e9riment\u00e9es et sp\u00e9cialis\u00e9es dans les massages bodybody. <\/li>\n<li>L\u2019hygi\u00e8ne et la propret\u00e9 du salon de massage : Assurez-vous que le salon maintient des normes strictes d&rsquo;hygi\u00e8ne et de propret\u00e9.<\/li>\n<li>La confidentialit\u00e9 : Choisissez un salon respectueux de la confidentialit\u00e9 de ses clients.<\/li>\n<li>Une offre personnalis\u00e9e : Vous pouvez \u00e9galement rechercher un salon qui propose une offre sur-mesure pour r\u00e9pondre \u00e0 vos besoins sp\u00e9cifiques et \u00e0 vos pr\u00e9f\u00e9rences.<\/li>\n\nChez PariSensuel Inside, toutes les masseuses expertes en bodybody r\u00e9f\u00e9renc\u00e9es sur notre guide en ligne ont \u00e9t\u00e9 s\u00e9lectionn\u00e9es pour leur professionnalisme, leur savoir-faire et leur offre personnalis\u00e9e. N\u2019h\u00e9sitez pas \u00e0 vous rendre sur notre rubrique d\u00e9di\u00e9e au bien-\u00eatre et \u00e0 la relaxation \u00e0 Paris pour d\u00e9couvrir un grand choix de masseuses en body body.\n\n<h2>Comment se d\u00e9roule une s\u00e9ance typique de massage body-body ?<\/h2>\n\nVous n\u2019avez jamais r\u00e9alis\u00e9 de massage bodybody de votre vie et vous vous demandez comment se d\u00e9roule une s\u00e9ance ? Chez PariSensuel Inside, le guide en ligne sp\u00e9cialis\u00e9 dans les adresses sexy et coquines de Paris, on vous dit tout ! \n\nUne s\u00e9ance de massage body body commence g\u00e9n\u00e9ralement par une discussion avec la praticienne pour discuter de vos attentes mais \u00e9galement de vos pr\u00e9occupations. C\u2019est le moment o\u00f9 vous pouvez lui poser toutes vos questions et lui faire part de vos doutes !  Ensuite, vous serez invit\u00e9 \u00e0 vous d\u00e9shabiller et \u00e0 vous allonger confortablement. La masseuse utilisera alors des mouvements lents et sensuels avec son corps entier. Pour stimuler vos sens et d\u00e9tendre vos muscles, elle utilisera \u00e9galement des huiles parfum\u00e9es et de nombreuses techniques de toucher.\n\n<h2>Quels sont les tarifs moyens pour un massage body body \u00e0 Paris ?<\/h2>\n\nLes tarifs pour un massage body body peuvent varier en fonction de la r\u00e9gion, de la qualit\u00e9 du salon et des services propos\u00e9s. En moyenne, le co\u00fbt d&rsquo;une s\u00e9ance peut varier entre 100 et 300 euros. \n\nSur le guide en ligne PariSensuel Inside, vous pourrez retrouver une s\u00e9lection rigoureuse de masseuses sp\u00e9cialis\u00e9es en bodybody qui proposent des tarifs raisonnables pour des services de haute qualit\u00e9.\n\n<h2>Trouvez le meilleur salon pour un massage body body \u00e0 Paris gr\u00e2ce \u00e0 PariSensuel Inside !<\/h2>\n\nGr\u00e2ce \u00e0 PariSensuel Inside et son guide compos\u00e9 des meilleures adresses sexy de Paris, vous allez pouvoir trouver des salons experts en massage bodybody et des masseuses qualifi\u00e9es pour une exp\u00e9rience hors du commun.\n\nPour les salons qui offrent ce type de massage exceptionnel et qui souhaitent \u00eatre visible par le plus grand nombre, nous vous proposons d&rsquo;\u00eatre r\u00e9f\u00e9renc\u00e9 sur notre site.\n\nPour les personnes en qu\u00eate d&rsquo;exp\u00e9riences romantiques et sensuelles \u00e0 Paris, solo ou en couple, notre guide en ligne est une mine d\u2019or ! \n\nContactez-nous pour en savoir plus.\n\t\t\t\t\t\t<\/div>\n\t\t\t\t<\/div>\n\t\t\t\t<\/div>\n\t\t\t\t\t<\/div>\n\t\t\t\t<\/div>\n\t\t\t\t\t\t\t<\/div>\n\t\t","protected":false},"excerpt":{"rendered":"<p>Comment choisir le meilleur salon pour un massage body body \u00e0 Paris ? Quels sont les avantages du massage body body ? Le massage body body : pour qui ? Comment choisir le meilleur salon pour un massage body body \u00e0 Paris ? Comment se passe un massage body body ? Quels sont les bienfaits [&hellip;]<\/p>\n","protected":false},"author":1,"featured_media":0,"parent":7867,"menu_order":2,"comment_status":"closed","ping_status":"closed","template":"page-full-width.php","meta":{"footnotes":""},"class_list":["post-7879","page","type-page","status-publish","hentry"],"yoast_head":"<!-- This site is optimized with the Yoast SEO Premium plugin v21.7 (Yoast SEO v21.7) - https:\/\/yoast.com\/wordpress\/plugins\/seo\/ -->\n<title>Comment choisir le meilleur salon pour un massage body body \u00e0 Paris ?<\/title>\n<meta name=\"description\" content=\"Le massage body-body est une pratique sensuelle et immersive, qui peut offrir une d\u00e9tente profonde et une connexion \u00e9motionnelle intense.\" \/>\n<meta name=\"robots\" content=\"index, follow, max-snippet:-1, max-image-preview:large, max-video-preview:-1\" \/>\n<link rel=\"canonical\" href=\"https:\/\/www.szen.fr\/massage\/le-massage-body-body\/comment-choisir-le-meilleur-salon-pour-un-massage-body-body-a-paris\/\" \/>\n<meta property=\"og:locale\" content=\"fr_FR\" \/>\n<meta property=\"og:type\" content=\"article\" \/>\n<meta property=\"og:title\" content=\"Comment choisir le meilleur salon pour un massage body body \u00e0 Paris ?\" \/>\n<meta property=\"og:description\" content=\"Le massage body-body est une pratique sensuelle et immersive, qui peut offrir une d\u00e9tente profonde et une connexion \u00e9motionnelle intense.\" \/>\n<meta property=\"og:url\" content=\"https:\/\/www.szen.fr\/massage\/le-massage-body-body\/comment-choisir-le-meilleur-salon-pour-un-massage-body-body-a-paris\/\" \/>\n<meta property=\"og:site_name\" content=\"Wiki Massage by Szen\" \/>\n<meta property=\"article:modified_time\" content=\"2023-12-28T11:42:04+00:00\" \/>\n<meta property=\"og:image\" content=\"http:\/\/www.szen.fr\/massage\/wp-content\/uploads\/2023\/12\/massage-tantrique-paris-1024x512.jpg\" \/>\n<meta name=\"twitter:card\" content=\"summary_large_image\" \/>\n<meta name=\"twitter:label1\" content=\"Dur\u00e9e de lecture estim\u00e9e\" \/>\n\t<meta name=\"twitter:data1\" content=\"5 minutes\" \/>\n<script type=\"application\/ld+json\" class=\"yoast-schema-graph\">{\"@context\":\"https:\/\/schema.org\",\"@graph\":[{\"@type\":\"WebPage\",\"@id\":\"https:\/\/www.szen.fr\/massage\/le-massage-body-body\/comment-choisir-le-meilleur-salon-pour-un-massage-body-body-a-paris\/\",\"url\":\"https:\/\/www.szen.fr\/massage\/le-massage-body-body\/comment-choisir-le-meilleur-salon-pour-un-massage-body-body-a-paris\/\",\"name\":\"Comment choisir le meilleur salon pour un massage body body \u00e0 Paris ?\",\"isPartOf\":{\"@id\":\"https:\/\/www.szen.fr\/massage\/#website\"},\"datePublished\":\"2023-12-28T11:12:20+00:00\",\"dateModified\":\"2023-12-28T11:42:04+00:00\",\"description\":\"Le massage body-body est une pratique sensuelle et immersive, qui peut offrir une d\u00e9tente profonde et une connexion \u00e9motionnelle intense.\",\"breadcrumb\":{\"@id\":\"https:\/\/www.szen.fr\/massage\/le-massage-body-body\/comment-choisir-le-meilleur-salon-pour-un-massage-body-body-a-paris\/#breadcrumb\"},\"inLanguage\":\"fr-FR\",\"potentialAction\":[{\"@type\":\"ReadAction\",\"target\":[\"https:\/\/www.szen.fr\/massage\/le-massage-body-body\/comment-choisir-le-meilleur-salon-pour-un-massage-body-body-a-paris\/\"]}]},{\"@type\":\"BreadcrumbList\",\"@id\":\"https:\/\/www.szen.fr\/massage\/le-massage-body-body\/comment-choisir-le-meilleur-salon-pour-un-massage-body-body-a-paris\/#breadcrumb\",\"itemListElement\":[{\"@type\":\"ListItem\",\"position\":1,\"name\":\"Accueil\",\"item\":\"https:\/\/www.szen.fr\/massage\/\"},{\"@type\":\"ListItem\",\"position\":2,\"name\":\"Le massage Body Body\",\"item\":\"https:\/\/www.szen.fr\/massage\/le-massage-body-body\/\"},{\"@type\":\"ListItem\",\"position\":3,\"name\":\"Comment choisir le meilleur salon pour un massage body body \u00e0 Paris ?\"}]},{\"@type\":\"WebSite\",\"@id\":\"https:\/\/www.szen.fr\/massage\/#website\",\"url\":\"https:\/\/www.szen.fr\/massage\/\",\"name\":\"Wiki Massage by Szen\",\"description\":\"\",\"publisher\":{\"@id\":\"https:\/\/www.szen.fr\/massage\/#organization\"},\"potentialAction\":[{\"@type\":\"SearchAction\",\"target\":{\"@type\":\"EntryPoint\",\"urlTemplate\":\"https:\/\/www.szen.fr\/massage\/?s={search_term_string}\"},\"query-input\":\"required name=search_term_string\"}],\"inLanguage\":\"fr-FR\"},{\"@type\":\"Organization\",\"@id\":\"https:\/\/www.szen.fr\/massage\/#organization\",\"name\":\"Wiki Massage by Szen\",\"url\":\"https:\/\/www.szen.fr\/massage\/\",\"logo\":{\"@type\":\"ImageObject\",\"inLanguage\":\"fr-FR\",\"@id\":\"https:\/\/www.szen.fr\/massage\/#\/schema\/logo\/image\/\",\"url\":\"https:\/\/www.szen.fr\/massage\/wp-content\/uploads\/2023\/12\/cropped-logo-wiki-massage.png\",\"contentUrl\":\"https:\/\/www.szen.fr\/massage\/wp-content\/uploads\/2023\/12\/cropped-logo-wiki-massage.png\",\"width\":200,\"height\":89,\"caption\":\"Wiki Massage by Szen\"},\"image\":{\"@id\":\"https:\/\/www.szen.fr\/massage\/#\/schema\/logo\/image\/\"}}]}<\/script>\n<!-- \/ Yoast SEO Premium plugin. -->","yoast_head_json":{"title":"Comment choisir le meilleur salon pour un massage body body \u00e0 Paris ?","description":"Le massage body-body est une pratique sensuelle et immersive, qui peut offrir une d\u00e9tente profonde et une connexion \u00e9motionnelle intense.","robots":{"index":"index","follow":"follow","max-snippet":"max-snippet:-1","max-image-preview":"max-image-preview:large","max-video-preview":"max-video-preview:-1"},"canonical":"https:\/\/www.szen.fr\/massage\/le-massage-body-body\/comment-choisir-le-meilleur-salon-pour-un-massage-body-body-a-paris\/","og_locale":"fr_FR","og_type":"article","og_title":"Comment choisir le meilleur salon pour un massage body body \u00e0 Paris ?","og_description":"Le massage body-body est une pratique sensuelle et immersive, qui peut offrir une d\u00e9tente profonde et une connexion \u00e9motionnelle intense.","og_url":"https:\/\/www.szen.fr\/massage\/le-massage-body-body\/comment-choisir-le-meilleur-salon-pour-un-massage-body-body-a-paris\/","og_site_name":"Wiki Massage by Szen","article_modified_time":"2023-12-28T11:42:04+00:00","og_image":[{"url":"http:\/\/www.szen.fr\/massage\/wp-content\/uploads\/2023\/12\/massage-tantrique-paris-1024x512.jpg"}],"twitter_card":"summary_large_image","twitter_misc":{"Dur\u00e9e de lecture estim\u00e9e":"5 minutes"},"schema":{"@context":"https:\/\/schema.org","@graph":[{"@type":"WebPage","@id":"https:\/\/www.szen.fr\/massage\/le-massage-body-body\/comment-choisir-le-meilleur-salon-pour-un-massage-body-body-a-paris\/","url":"https:\/\/www.szen.fr\/massage\/le-massage-body-body\/comment-choisir-le-meilleur-salon-pour-un-massage-body-body-a-paris\/","name":"Comment choisir le meilleur salon pour un massage body body \u00e0 Paris ?","isPartOf":{"@id":"https:\/\/www.szen.fr\/massage\/#website"},"datePublished":"2023-12-28T11:12:20+00:00","dateModified":"2023-12-28T11:42:04+00:00","description":"Le massage body-body est une pratique sensuelle et immersive, qui peut offrir une d\u00e9tente profonde et une connexion \u00e9motionnelle intense.","breadcrumb":{"@id":"https:\/\/www.szen.fr\/massage\/le-massage-body-body\/comment-choisir-le-meilleur-salon-pour-un-massage-body-body-a-paris\/#breadcrumb"},"inLanguage":"fr-FR","potentialAction":[{"@type":"ReadAction","target":["https:\/\/www.szen.fr\/massage\/le-massage-body-body\/comment-choisir-le-meilleur-salon-pour-un-massage-body-body-a-paris\/"]}]},{"@type":"BreadcrumbList","@id":"https:\/\/www.szen.fr\/massage\/le-massage-body-body\/comment-choisir-le-meilleur-salon-pour-un-massage-body-body-a-paris\/#breadcrumb","itemListElement":[{"@type":"ListItem","position":1,"name":"Accueil","item":"https:\/\/www.szen.fr\/massage\/"},{"@type":"ListItem","position":2,"name":"Le massage Body Body","item":"https:\/\/www.szen.fr\/massage\/le-massage-body-body\/"},{"@type":"ListItem","position":3,"name":"Comment choisir le meilleur salon pour un massage body body \u00e0 Paris ?"}]},{"@type":"WebSite","@id":"https:\/\/www.szen.fr\/massage\/#website","url":"https:\/\/www.szen.fr\/massage\/","name":"Wiki Massage by Szen","description":"","publisher":{"@id":"https:\/\/www.szen.fr\/massage\/#organization"},"potentialAction":[{"@type":"SearchAction","target":{"@type":"EntryPoint","urlTemplate":"https:\/\/www.szen.fr\/massage\/?s={search_term_string}"},"query-input":"required name=search_term_string"}],"inLanguage":"fr-FR"},{"@type":"Organization","@id":"https:\/\/www.szen.fr\/massage\/#organization","name":"Wiki Massage by Szen","url":"https:\/\/www.szen.fr\/massage\/","logo":{"@type":"ImageObject","inLanguage":"fr-FR","@id":"https:\/\/www.szen.fr\/massage\/#\/schema\/logo\/image\/","url":"https:\/\/www.szen.fr\/massage\/wp-content\/uploads\/2023\/12\/cropped-logo-wiki-massage.png","contentUrl":"https:\/\/www.szen.fr\/massage\/wp-content\/uploads\/2023\/12\/cropped-logo-wiki-massage.png","width":200,"height":89,"caption":"Wiki Massage by Szen"},"image":{"@id":"https:\/\/www.szen.fr\/massage\/#\/schema\/logo\/image\/"}}]}},"_links":{"self":[{"href":"https:\/\/www.szen.fr\/massage\/wp-json\/wp\/v2\/pages\/7879","targetHints":{"allow":["GET"]}}],"collection":[{"href":"https:\/\/www.szen.fr\/massage\/wp-json\/wp\/v2\/pages"}],"about":[{"href":"https:\/\/www.szen.fr\/massage\/wp-json\/wp\/v2\/types\/page"}],"author":[{"embeddable":true,"href":"https:\/\/www.szen.fr\/massage\/wp-json\/wp\/v2\/users\/1"}],"replies":[{"embeddable":true,"href":"https:\/\/www.szen.fr\/massage\/wp-json\/wp\/v2\/comments?post=7879"}],"version-history":[{"count":10,"href":"https:\/\/www.szen.fr\/massage\/wp-json\/wp\/v2\/pages\/7879\/revisions"}],"predecessor-version":[{"id":7911,"href":"https:\/\/www.szen.fr\/massage\/wp-json\/wp\/v2\/pages\/7879\/revisions\/7911"}],"up":[{"embeddable":true,"href":"https:\/\/www.szen.fr\/massage\/wp-json\/wp\/v2\/pages\/7867"}],"wp:attachment":[{"href":"https:\/\/www.szen.fr\/massage\/wp-json\/wp\/v2\/media?parent=7879"}],"curies":[{"name":"wp","href":"https:\/\/api.w.org\/{rel}","templated":true}]}}