{"id":7612,"date":"2023-12-14T09:39:43","date_gmt":"2023-12-14T08:39:43","guid":{"rendered":"https:\/\/www.szen.fr\/massage\/?page_id=7612"},"modified":"2024-07-08T15:24:10","modified_gmt":"2024-07-08T13:24:10","slug":"les-masseuses","status":"publish","type":"page","link":"https:\/\/www.szen.fr\/massage\/les-masseuses\/","title":{"rendered":"Les masseuses"},"content":{"rendered":"\t\t<div data-elementor-type=\"wp-page\" data-elementor-id=\"7612\" class=\"elementor elementor-7612\" data-elementor-post-type=\"page\">\n\t\t\t\t\t\t\t<div class=\"elementor-element elementor-element-360632b e-flex e-con-boxed e-con e-parent\" data-id=\"360632b\" data-element_type=\"container\" data-settings=\"{&quot;content_width&quot;:&quot;boxed&quot;}\" data-core-v316-plus=\"true\">\n\t\t\t\t\t<div class=\"e-con-inner\">\n\t\t<div class=\"elementor-element elementor-element-ea0cf13 e-con-full e-flex e-con e-child\" data-id=\"ea0cf13\" data-element_type=\"container\" data-settings=\"{&quot;content_width&quot;:&quot;full&quot;}\">\n\t\t\t\t<div class=\"elementor-element elementor-element-783a5e8 elementor-widget elementor-widget-breadcrumbs\" data-id=\"783a5e8\" data-element_type=\"widget\" data-widget_type=\"breadcrumbs.default\">\n\t\t\t\t<div class=\"elementor-widget-container\">\n\t\t\t<link rel=\"stylesheet\" href=\"https:\/\/www.szen.fr\/massage\/wp-content\/plugins\/elementor-pro\/assets\/css\/widget-theme-elements.min.css\"><p id=\"breadcrumbs\"><span><span><a href=\"https:\/\/www.szen.fr\/massage\/\">Accueil<\/a><\/span><\/span><\/p>\t\t<\/div>\n\t\t\t\t<\/div>\n\t\t\t\t<div class=\"elementor-element elementor-element-a5cc0cf elementor-widget elementor-widget-image\" data-id=\"a5cc0cf\" data-element_type=\"widget\" data-widget_type=\"image.default\">\n\t\t\t\t<div class=\"elementor-widget-container\">\n\t\t\t<style>\/*! elementor - v3.18.0 - 08-12-2023 *\/\n.elementor-widget-image{text-align:center}.elementor-widget-image a{display:inline-block}.elementor-widget-image a img[src$=\".svg\"]{width:48px}.elementor-widget-image img{vertical-align:middle;display:inline-block}<\/style>\t\t\t\t\t\t\t\t\t\t\t\t<img fetchpriority=\"high\" decoding=\"async\" width=\"1024\" height=\"512\" src=\"https:\/\/www.szen.fr\/massage\/wp-content\/uploads\/2021\/07\/h3-rev-img4-1024x512.jpg\" class=\"attachment-large size-large wp-image-4018\" alt=\"les masseuses\" srcset=\"https:\/\/www.szen.fr\/massage\/wp-content\/uploads\/2021\/07\/h3-rev-img4-1024x512.jpg 1024w, https:\/\/www.szen.fr\/massage\/wp-content\/uploads\/2021\/07\/h3-rev-img4-300x150.jpg 300w, https:\/\/www.szen.fr\/massage\/wp-content\/uploads\/2021\/07\/h3-rev-img4-768x384.jpg 768w, https:\/\/www.szen.fr\/massage\/wp-content\/uploads\/2021\/07\/h3-rev-img4-1536x768.jpg 1536w, https:\/\/www.szen.fr\/massage\/wp-content\/uploads\/2021\/07\/h3-rev-img4-1300x650.jpg 1300w, https:\/\/www.szen.fr\/massage\/wp-content\/uploads\/2021\/07\/h3-rev-img4.jpg 1680w\" sizes=\"(max-width: 1024px) 100vw, 1024px\" \/>\t\t\t\t\t\t\t\t\t\t\t\t\t\t\t<\/div>\n\t\t\t\t<\/div>\n\t\t\t\t<\/div>\n\t\t\t\t\t<\/div>\n\t\t\t\t<\/div>\n\t\t<div class=\"elementor-element elementor-element-38ac74f e-flex e-con-boxed e-con e-parent\" data-id=\"38ac74f\" data-element_type=\"container\" data-settings=\"{&quot;content_width&quot;:&quot;boxed&quot;}\" data-core-v316-plus=\"true\">\n\t\t\t\t\t<div class=\"e-con-inner\">\n\t\t<div class=\"elementor-element elementor-element-d5e1cba e-con-full e-flex e-con e-child\" data-id=\"d5e1cba\" data-element_type=\"container\" data-settings=\"{&quot;content_width&quot;:&quot;full&quot;}\">\n\t\t\t\t<div class=\"elementor-element elementor-element-5b85f3e elementor-widget elementor-widget-heading\" data-id=\"5b85f3e\" data-element_type=\"widget\" data-widget_type=\"heading.default\">\n\t\t\t\t<div class=\"elementor-widget-container\">\n\t\t\t<style>\/*! elementor - v3.18.0 - 08-12-2023 *\/\n.elementor-heading-title{padding:0;margin:0;line-height:1}.elementor-widget-heading .elementor-heading-title[class*=elementor-size-]>a{color:inherit;font-size:inherit;line-height:inherit}.elementor-widget-heading .elementor-heading-title.elementor-size-small{font-size:15px}.elementor-widget-heading .elementor-heading-title.elementor-size-medium{font-size:19px}.elementor-widget-heading .elementor-heading-title.elementor-size-large{font-size:29px}.elementor-widget-heading .elementor-heading-title.elementor-size-xl{font-size:39px}.elementor-widget-heading .elementor-heading-title.elementor-size-xxl{font-size:59px}<\/style><h1 class=\"elementor-heading-title elementor-size-default\">Les Masseuses<\/h1>\t\t<\/div>\n\t\t\t\t<\/div>\n\t\t\t\t<\/div>\n\t\t<div class=\"elementor-element elementor-element-f292363 e-con-full e-flex e-con e-child\" data-id=\"f292363\" data-element_type=\"container\" data-settings=\"{&quot;content_width&quot;:&quot;full&quot;}\">\n\t\t<div class=\"elementor-element elementor-element-6f47e99 e-flex e-con-boxed e-con e-child\" data-id=\"6f47e99\" data-element_type=\"container\" data-settings=\"{&quot;content_width&quot;:&quot;boxed&quot;}\">\n\t\t\t\t\t<div class=\"e-con-inner\">\n\t\t<div class=\"elementor-element elementor-element-8bf072c e-con-full e-flex e-con e-child\" data-id=\"8bf072c\" data-element_type=\"container\" data-settings=\"{&quot;content_width&quot;:&quot;full&quot;}\">\n\t\t\t\t<div class=\"elementor-element elementor-element-0dad84b elementor-cta--skin-cover elementor-animated-content elementor-bg-transform elementor-bg-transform-zoom-in elementor-widget elementor-widget-call-to-action\" data-id=\"0dad84b\" data-element_type=\"widget\" data-widget_type=\"call-to-action.default\">\n\t\t\t\t<div class=\"elementor-widget-container\">\n\t\t\t<link rel=\"stylesheet\" href=\"https:\/\/www.szen.fr\/massage\/wp-content\/plugins\/elementor-pro\/assets\/css\/widget-call-to-action.min.css\">\t\t<div class=\"elementor-cta\">\n\t\t\t\t\t<div class=\"elementor-cta__bg-wrapper\">\n\t\t\t\t<div class=\"elementor-cta__bg elementor-bg\" style=\"background-image: url(https:\/\/www.szen.fr\/massage\/wp-content\/uploads\/2023\/12\/eva-masseuse-naturiste.jpg);\" role=\"img\" aria-label=\"eva-masseuse-naturiste\"><\/div>\n\t\t\t\t<div class=\"elementor-cta__bg-overlay\"><\/div>\n\t\t\t<\/div>\n\t\t\t\t\t\t\t<div class=\"elementor-cta__content\">\n\t\t\t\t\n\t\t\t\t\t\t\t\t\t<h2 class=\"elementor-cta__title elementor-cta__content-item elementor-content-item elementor-animated-item--grow\">\n\t\t\t\t\t\tEva\t\t\t\t\t<\/h2>\n\t\t\t\t\n\t\t\t\t\t\t\t\t\t<div class=\"elementor-cta__description elementor-cta__content-item elementor-content-item elementor-animated-item--grow\">\n\t\t\t\t\t\tLe retour !\nApr\u00e8s plusieurs ann\u00e9es d'absence\t\t\t\t\t<\/div>\n\t\t\t\t\n\t\t\t\t\t\t\t\t\t<div class=\"elementor-cta__button-wrapper elementor-cta__content-item elementor-content-item elementor-animated-item--grow\">\n\t\t\t\t\t<a class=\"elementor-cta__button elementor-button elementor-size-sm\" href=\"https:\/\/www.szen.fr\/eva-masseuse-naturiste.php\">\n\t\t\t\t\t\tEn savoir plus\t\t\t\t\t<\/a>\n\t\t\t\t\t<\/div>\n\t\t\t\t\t\t\t<\/div>\n\t\t\t\t\t\t<\/div>\n\t\t\t\t<\/div>\n\t\t\t\t<\/div>\n\t\t\t\t<\/div>\n\t\t<div class=\"elementor-element elementor-element-9b5708f e-con-full e-flex e-con e-child\" data-id=\"9b5708f\" data-element_type=\"container\" data-settings=\"{&quot;content_width&quot;:&quot;full&quot;}\">\n\t\t\t\t<div class=\"elementor-element elementor-element-c91c525 elementor-cta--skin-cover elementor-animated-content elementor-bg-transform elementor-bg-transform-zoom-in elementor-widget elementor-widget-call-to-action\" data-id=\"c91c525\" data-element_type=\"widget\" data-widget_type=\"call-to-action.default\">\n\t\t\t\t<div class=\"elementor-widget-container\">\n\t\t\t\t\t<div class=\"elementor-cta\">\n\t\t\t\t\t<div class=\"elementor-cta__bg-wrapper\">\n\t\t\t\t<div class=\"elementor-cta__bg elementor-bg\" style=\"background-image: url(https:\/\/www.szen.fr\/massage\/wp-content\/uploads\/2023\/12\/elise-masseuse-naturiste.jpg);\" role=\"img\" aria-label=\"elise-masseuse-naturiste\"><\/div>\n\t\t\t\t<div class=\"elementor-cta__bg-overlay\"><\/div>\n\t\t\t<\/div>\n\t\t\t\t\t\t\t<div class=\"elementor-cta__content\">\n\t\t\t\t\n\t\t\t\t\t\t\t\t\t<h2 class=\"elementor-cta__title elementor-cta__content-item elementor-content-item elementor-animated-item--grow\">\n\t\t\t\t\t\tElise\t\t\t\t\t<\/h2>\n\t\t\t\t\n\t\t\t\t\t\t\t\t\t<div class=\"elementor-cta__description elementor-cta__content-item elementor-content-item elementor-animated-item--grow\">\n\t\t\t\t\t\tSensualit\u00e9 et Erotisme <br>\u00e0 l'\u00e9tat Pur\t\t\t\t\t<\/div>\n\t\t\t\t\n\t\t\t\t\t\t\t\t\t<div class=\"elementor-cta__button-wrapper elementor-cta__content-item elementor-content-item elementor-animated-item--grow\">\n\t\t\t\t\t<a class=\"elementor-cta__button elementor-button elementor-size-sm\" href=\"https:\/\/www.szen.fr\/elise-masseuse-naturiste.php\">\n\t\t\t\t\t\tEn savoir plus\t\t\t\t\t<\/a>\n\t\t\t\t\t<\/div>\n\t\t\t\t\t\t\t<\/div>\n\t\t\t\t\t\t<\/div>\n\t\t\t\t<\/div>\n\t\t\t\t<\/div>\n\t\t\t\t<\/div>\n\t\t\t\t\t<\/div>\n\t\t\t\t<\/div>\n\t\t<div class=\"elementor-element elementor-element-faae7d0 e-flex e-con-boxed e-con e-child\" data-id=\"faae7d0\" data-element_type=\"container\" data-settings=\"{&quot;content_width&quot;:&quot;boxed&quot;}\">\n\t\t\t\t\t<div class=\"e-con-inner\">\n\t\t<div class=\"elementor-element elementor-element-6e54dce e-con-full e-flex e-con e-child\" data-id=\"6e54dce\" data-element_type=\"container\" data-settings=\"{&quot;content_width&quot;:&quot;full&quot;}\">\n\t\t\t\t<div class=\"elementor-element elementor-element-0279e32 elementor-cta--skin-cover elementor-animated-content elementor-bg-transform elementor-bg-transform-zoom-in elementor-widget elementor-widget-call-to-action\" data-id=\"0279e32\" data-element_type=\"widget\" data-widget_type=\"call-to-action.default\">\n\t\t\t\t<div class=\"elementor-widget-container\">\n\t\t\t\t\t<div class=\"elementor-cta\">\n\t\t\t\t\t<div class=\"elementor-cta__bg-wrapper\">\n\t\t\t\t<div class=\"elementor-cta__bg elementor-bg\" style=\"background-image: url(https:\/\/www.szen.fr\/massage\/wp-content\/uploads\/2023\/12\/valentina-masseuse-natuiriste.jpg);\" role=\"img\" aria-label=\"valentina-masseuse-natuiriste\"><\/div>\n\t\t\t\t<div class=\"elementor-cta__bg-overlay\"><\/div>\n\t\t\t<\/div>\n\t\t\t\t\t\t\t<div class=\"elementor-cta__content\">\n\t\t\t\t\n\t\t\t\t\t\t\t\t\t<h2 class=\"elementor-cta__title elementor-cta__content-item elementor-content-item elementor-animated-item--grow\">\n\t\t\t\t\t\tValentina\t\t\t\t\t<\/h2>\n\t\t\t\t\n\t\t\t\t\t\t\t\t\t<div class=\"elementor-cta__description elementor-cta__content-item elementor-content-item elementor-animated-item--grow\">\n\t\t\t\t\t\tDans et massage\nJuste magnifique\t\t\t\t\t<\/div>\n\t\t\t\t\n\t\t\t\t\t\t\t\t\t<div class=\"elementor-cta__button-wrapper elementor-cta__content-item elementor-content-item elementor-animated-item--grow\">\n\t\t\t\t\t<a class=\"elementor-cta__button elementor-button elementor-size-sm\" href=\"https:\/\/www.szen.fr\/valentina-masseuse-naturiste.php\">\n\t\t\t\t\t\tEn savoir plus\t\t\t\t\t<\/a>\n\t\t\t\t\t<\/div>\n\t\t\t\t\t\t\t<\/div>\n\t\t\t\t\t\t<\/div>\n\t\t\t\t<\/div>\n\t\t\t\t<\/div>\n\t\t\t\t<\/div>\n\t\t<div class=\"elementor-element elementor-element-e19197d e-con-full e-flex e-con e-child\" data-id=\"e19197d\" data-element_type=\"container\" data-settings=\"{&quot;content_width&quot;:&quot;full&quot;}\">\n\t\t\t\t<div class=\"elementor-element elementor-element-d5e4ce7 elementor-cta--skin-cover elementor-animated-content elementor-bg-transform elementor-bg-transform-zoom-in elementor-widget elementor-widget-call-to-action\" data-id=\"d5e4ce7\" data-element_type=\"widget\" data-widget_type=\"call-to-action.default\">\n\t\t\t\t<div class=\"elementor-widget-container\">\n\t\t\t\t\t<div class=\"elementor-cta\">\n\t\t\t\t\t<div class=\"elementor-cta__bg-wrapper\">\n\t\t\t\t<div class=\"elementor-cta__bg elementor-bg\" style=\"background-image: url(https:\/\/www.szen.fr\/massage\/wp-content\/uploads\/2023\/12\/sabrina-masseuse-naturiste.jpg);\" role=\"img\" aria-label=\"sabrina-masseuse-naturiste\"><\/div>\n\t\t\t\t<div class=\"elementor-cta__bg-overlay\"><\/div>\n\t\t\t<\/div>\n\t\t\t\t\t\t\t<div class=\"elementor-cta__content\">\n\t\t\t\t\n\t\t\t\t\t\t\t\t\t<h2 class=\"elementor-cta__title elementor-cta__content-item elementor-content-item elementor-animated-item--grow\">\n\t\t\t\t\t\tSabrina\t\t\t\t\t<\/h2>\n\t\t\t\t\n\t\t\t\t\t\t\t\t\t<div class=\"elementor-cta__description elementor-cta__content-item elementor-content-item elementor-animated-item--grow\">\n\t\t\t\t\t\tVoluptueuse et raffin\u00e9e\t\t\t\t\t<\/div>\n\t\t\t\t\n\t\t\t\t\t\t\t\t\t<div class=\"elementor-cta__button-wrapper elementor-cta__content-item elementor-content-item elementor-animated-item--grow\">\n\t\t\t\t\t<a class=\"elementor-cta__button elementor-button elementor-size-sm\" href=\"https:\/\/www.szen.fr\/sabrina-masseuse-naturiste.php\">\n\t\t\t\t\t\tEn savoir plus\t\t\t\t\t<\/a>\n\t\t\t\t\t<\/div>\n\t\t\t\t\t\t\t<\/div>\n\t\t\t\t\t\t<\/div>\n\t\t\t\t<\/div>\n\t\t\t\t<\/div>\n\t\t\t\t<\/div>\n\t\t\t\t\t<\/div>\n\t\t\t\t<\/div>\n\t\t<div class=\"elementor-element elementor-element-3e6eb2d e-flex e-con-boxed e-con e-child\" data-id=\"3e6eb2d\" data-element_type=\"container\" data-settings=\"{&quot;content_width&quot;:&quot;boxed&quot;}\">\n\t\t\t\t\t<div class=\"e-con-inner\">\n\t\t<div class=\"elementor-element elementor-element-a901612 e-con-full e-flex e-con e-child\" data-id=\"a901612\" data-element_type=\"container\" data-settings=\"{&quot;content_width&quot;:&quot;full&quot;}\">\n\t\t\t\t<div class=\"elementor-element elementor-element-e5b8f0e elementor-cta--skin-cover elementor-animated-content elementor-bg-transform elementor-bg-transform-zoom-in elementor-widget elementor-widget-call-to-action\" data-id=\"e5b8f0e\" data-element_type=\"widget\" data-widget_type=\"call-to-action.default\">\n\t\t\t\t<div class=\"elementor-widget-container\">\n\t\t\t\t\t<div class=\"elementor-cta\">\n\t\t\t\t\t<div class=\"elementor-cta__bg-wrapper\">\n\t\t\t\t<div class=\"elementor-cta__bg elementor-bg\" style=\"background-image: url(https:\/\/www.szen.fr\/massage\/wp-content\/uploads\/2023\/12\/olga-masseuse-transgenre-natiriste.jpg);\" role=\"img\" aria-label=\"olga-masseuse-transgenre-natiriste\"><\/div>\n\t\t\t\t<div class=\"elementor-cta__bg-overlay\"><\/div>\n\t\t\t<\/div>\n\t\t\t\t\t\t\t<div class=\"elementor-cta__content\">\n\t\t\t\t\n\t\t\t\t\t\t\t\t\t<h2 class=\"elementor-cta__title elementor-cta__content-item elementor-content-item elementor-animated-item--grow\">\n\t\t\t\t\t\tOlga\t\t\t\t\t<\/h2>\n\t\t\t\t\n\t\t\t\t\t\t\t\t\t<div class=\"elementor-cta__description elementor-cta__content-item elementor-content-item elementor-animated-item--grow\">\n\t\t\t\t\t\tF\u00e9minine jusqu'au \nbout des ongles\n\t\t\t\t\t<\/div>\n\t\t\t\t\n\t\t\t\t\t\t\t\t\t<div class=\"elementor-cta__button-wrapper elementor-cta__content-item elementor-content-item elementor-animated-item--grow\">\n\t\t\t\t\t<a class=\"elementor-cta__button elementor-button elementor-size-sm\" href=\"https:\/\/www.szen.fr\/olga-masseuse-naturiste.php\">\n\t\t\t\t\t\tEn savoir plus\t\t\t\t\t<\/a>\n\t\t\t\t\t<\/div>\n\t\t\t\t\t\t\t<\/div>\n\t\t\t\t\t\t<\/div>\n\t\t\t\t<\/div>\n\t\t\t\t<\/div>\n\t\t\t\t<\/div>\n\t\t<div class=\"elementor-element elementor-element-cf513d8 e-con-full e-flex e-con e-child\" data-id=\"cf513d8\" data-element_type=\"container\" data-settings=\"{&quot;content_width&quot;:&quot;full&quot;}\">\n\t\t\t\t<div class=\"elementor-element elementor-element-1b4c187 elementor-cta--skin-cover elementor-animated-content elementor-bg-transform elementor-bg-transform-zoom-in elementor-widget elementor-widget-call-to-action\" data-id=\"1b4c187\" data-element_type=\"widget\" data-widget_type=\"call-to-action.default\">\n\t\t\t\t<div class=\"elementor-widget-container\">\n\t\t\t\t\t<div class=\"elementor-cta\">\n\t\t\t\t\t<div class=\"elementor-cta__bg-wrapper\">\n\t\t\t\t<div class=\"elementor-cta__bg elementor-bg\" style=\"background-image: url(https:\/\/www.szen.fr\/massage\/wp-content\/uploads\/2023\/12\/sabrina-masseuse-naturiste.jpg);\" role=\"img\" aria-label=\"sabrina-masseuse-naturiste\"><\/div>\n\t\t\t\t<div class=\"elementor-cta__bg-overlay\"><\/div>\n\t\t\t<\/div>\n\t\t\t\t\t\t\t<div class=\"elementor-cta__content\">\n\t\t\t\t\n\t\t\t\t\t\t\t\t\t<h2 class=\"elementor-cta__title elementor-cta__content-item elementor-content-item elementor-animated-item--grow\">\n\t\t\t\t\t\tIn\u00e9s\t\t\t\t\t<\/h2>\n\t\t\t\t\n\t\t\t\t\t\t\t\t\t<div class=\"elementor-cta__description elementor-cta__content-item elementor-content-item elementor-animated-item--grow\">\n\t\t\t\t\t\tNouvelle masseuse sur notre\ninstitut de Boulogne-Billancourt\t\t\t\t\t<\/div>\n\t\t\t\t\n\t\t\t\t\t\t\t\t\t<div class=\"elementor-cta__button-wrapper elementor-cta__content-item elementor-content-item elementor-animated-item--grow\">\n\t\t\t\t\t<a class=\"elementor-cta__button elementor-button elementor-size-sm\" href=\"https:\/\/www.szen.fr\/ines-masseuse-naturiste.php\">\n\t\t\t\t\t\tEn savoir plus\t\t\t\t\t<\/a>\n\t\t\t\t\t<\/div>\n\t\t\t\t\t\t\t<\/div>\n\t\t\t\t\t\t<\/div>\n\t\t\t\t<\/div>\n\t\t\t\t<\/div>\n\t\t\t\t<\/div>\n\t\t\t\t\t<\/div>\n\t\t\t\t<\/div>\n\t\t\t\t<\/div>\n\t\t\t\t\t<\/div>\n\t\t\t\t<\/div>\n\t\t\t\t\t\t\t<\/div>\n\t\t","protected":false},"excerpt":{"rendered":"<p>Les Masseuses Eva Le retour ! Apr\u00e8s plusieurs ann\u00e9es d&rsquo;absence En savoir plus Elise Sensualit\u00e9 et Erotisme \u00e0 l&rsquo;\u00e9tat Pur En savoir plus Valentina Dans et massage Juste magnifique En savoir plus Sabrina Voluptueuse et raffin\u00e9e En savoir plus Olga F\u00e9minine jusqu&rsquo;au bout des ongles En savoir plus In\u00e9s Nouvelle masseuse sur notre institut de [&hellip;]<\/p>\n","protected":false},"author":1,"featured_media":0,"parent":0,"menu_order":1,"comment_status":"closed","ping_status":"closed","template":"page-full-width.php","meta":{"footnotes":""},"class_list":["post-7612","page","type-page","status-publish","hentry"],"yoast_head":"<!-- This site is optimized with the Yoast SEO Premium plugin v21.7 (Yoast SEO v21.7) - https:\/\/yoast.com\/wordpress\/plugins\/seo\/ -->\n<title>Les Masseuses Naturistes<\/title>\n<meta name=\"robots\" content=\"index, follow, max-snippet:-1, max-image-preview:large, max-video-preview:-1\" \/>\n<link rel=\"canonical\" href=\"https:\/\/www.szen.fr\/massage\/les-masseuses\/\" \/>\n<meta property=\"og:locale\" content=\"fr_FR\" \/>\n<meta property=\"og:type\" content=\"article\" \/>\n<meta property=\"og:title\" content=\"Les masseuses\" \/>\n<meta property=\"og:description\" content=\"Les Masseuses Eva Le retour ! Apr\u00e8s plusieurs ann\u00e9es d&rsquo;absence En savoir plus Elise Sensualit\u00e9 et Erotisme \u00e0 l&rsquo;\u00e9tat Pur En savoir plus Valentina Dans et massage Juste magnifique En savoir plus Sabrina Voluptueuse et raffin\u00e9e En savoir plus Olga F\u00e9minine jusqu&rsquo;au bout des ongles En savoir plus In\u00e9s Nouvelle masseuse sur notre institut de [&hellip;]\" \/>\n<meta property=\"og:url\" content=\"https:\/\/www.szen.fr\/massage\/les-masseuses\/\" \/>\n<meta property=\"og:site_name\" content=\"Wiki Massage by Szen\" \/>\n<meta property=\"article:modified_time\" content=\"2024-07-08T13:24:10+00:00\" \/>\n<meta property=\"og:image\" content=\"http:\/\/www.szen.fr\/massage\/wp-content\/uploads\/2021\/07\/h3-rev-img4-1024x512.jpg\" \/>\n<meta name=\"twitter:card\" content=\"summary_large_image\" \/>\n<meta name=\"twitter:label1\" content=\"Dur\u00e9e de lecture estim\u00e9e\" \/>\n\t<meta name=\"twitter:data1\" content=\"1 minute\" \/>\n<script type=\"application\/ld+json\" class=\"yoast-schema-graph\">{\"@context\":\"https:\/\/schema.org\",\"@graph\":[{\"@type\":\"WebPage\",\"@id\":\"https:\/\/www.szen.fr\/massage\/les-masseuses\/\",\"url\":\"https:\/\/www.szen.fr\/massage\/les-masseuses\/\",\"name\":\"Les Masseuses Naturistes\",\"isPartOf\":{\"@id\":\"https:\/\/www.szen.fr\/massage\/#website\"},\"datePublished\":\"2023-12-14T08:39:43+00:00\",\"dateModified\":\"2024-07-08T13:24:10+00:00\",\"breadcrumb\":{\"@id\":\"https:\/\/www.szen.fr\/massage\/les-masseuses\/#breadcrumb\"},\"inLanguage\":\"fr-FR\",\"potentialAction\":[{\"@type\":\"ReadAction\",\"target\":[\"https:\/\/www.szen.fr\/massage\/les-masseuses\/\"]}]},{\"@type\":\"BreadcrumbList\",\"@id\":\"https:\/\/www.szen.fr\/massage\/les-masseuses\/#breadcrumb\",\"itemListElement\":[{\"@type\":\"ListItem\",\"position\":1,\"name\":\"Accueil\",\"item\":\"https:\/\/www.szen.fr\/massage\/\"},{\"@type\":\"ListItem\",\"position\":2,\"name\":\"Les masseuses\"}]},{\"@type\":\"WebSite\",\"@id\":\"https:\/\/www.szen.fr\/massage\/#website\",\"url\":\"https:\/\/www.szen.fr\/massage\/\",\"name\":\"Wiki Massage by Szen\",\"description\":\"\",\"publisher\":{\"@id\":\"https:\/\/www.szen.fr\/massage\/#organization\"},\"potentialAction\":[{\"@type\":\"SearchAction\",\"target\":{\"@type\":\"EntryPoint\",\"urlTemplate\":\"https:\/\/www.szen.fr\/massage\/?s={search_term_string}\"},\"query-input\":\"required name=search_term_string\"}],\"inLanguage\":\"fr-FR\"},{\"@type\":\"Organization\",\"@id\":\"https:\/\/www.szen.fr\/massage\/#organization\",\"name\":\"Wiki Massage by Szen\",\"url\":\"https:\/\/www.szen.fr\/massage\/\",\"logo\":{\"@type\":\"ImageObject\",\"inLanguage\":\"fr-FR\",\"@id\":\"https:\/\/www.szen.fr\/massage\/#\/schema\/logo\/image\/\",\"url\":\"https:\/\/www.szen.fr\/massage\/wp-content\/uploads\/2023\/12\/cropped-logo-wiki-massage.png\",\"contentUrl\":\"https:\/\/www.szen.fr\/massage\/wp-content\/uploads\/2023\/12\/cropped-logo-wiki-massage.png\",\"width\":200,\"height\":89,\"caption\":\"Wiki Massage by Szen\"},\"image\":{\"@id\":\"https:\/\/www.szen.fr\/massage\/#\/schema\/logo\/image\/\"}}]}<\/script>\n<!-- \/ Yoast SEO Premium plugin. -->","yoast_head_json":{"title":"Les Masseuses Naturistes","robots":{"index":"index","follow":"follow","max-snippet":"max-snippet:-1","max-image-preview":"max-image-preview:large","max-video-preview":"max-video-preview:-1"},"canonical":"https:\/\/www.szen.fr\/massage\/les-masseuses\/","og_locale":"fr_FR","og_type":"article","og_title":"Les masseuses","og_description":"Les Masseuses Eva Le retour ! Apr\u00e8s plusieurs ann\u00e9es d&rsquo;absence En savoir plus Elise Sensualit\u00e9 et Erotisme \u00e0 l&rsquo;\u00e9tat Pur En savoir plus Valentina Dans et massage Juste magnifique En savoir plus Sabrina Voluptueuse et raffin\u00e9e En savoir plus Olga F\u00e9minine jusqu&rsquo;au bout des ongles En savoir plus In\u00e9s Nouvelle masseuse sur notre institut de [&hellip;]","og_url":"https:\/\/www.szen.fr\/massage\/les-masseuses\/","og_site_name":"Wiki Massage by Szen","article_modified_time":"2024-07-08T13:24:10+00:00","og_image":[{"url":"http:\/\/www.szen.fr\/massage\/wp-content\/uploads\/2021\/07\/h3-rev-img4-1024x512.jpg"}],"twitter_card":"summary_large_image","twitter_misc":{"Dur\u00e9e de lecture estim\u00e9e":"1 minute"},"schema":{"@context":"https:\/\/schema.org","@graph":[{"@type":"WebPage","@id":"https:\/\/www.szen.fr\/massage\/les-masseuses\/","url":"https:\/\/www.szen.fr\/massage\/les-masseuses\/","name":"Les Masseuses Naturistes","isPartOf":{"@id":"https:\/\/www.szen.fr\/massage\/#website"},"datePublished":"2023-12-14T08:39:43+00:00","dateModified":"2024-07-08T13:24:10+00:00","breadcrumb":{"@id":"https:\/\/www.szen.fr\/massage\/les-masseuses\/#breadcrumb"},"inLanguage":"fr-FR","potentialAction":[{"@type":"ReadAction","target":["https:\/\/www.szen.fr\/massage\/les-masseuses\/"]}]},{"@type":"BreadcrumbList","@id":"https:\/\/www.szen.fr\/massage\/les-masseuses\/#breadcrumb","itemListElement":[{"@type":"ListItem","position":1,"name":"Accueil","item":"https:\/\/www.szen.fr\/massage\/"},{"@type":"ListItem","position":2,"name":"Les masseuses"}]},{"@type":"WebSite","@id":"https:\/\/www.szen.fr\/massage\/#website","url":"https:\/\/www.szen.fr\/massage\/","name":"Wiki Massage by Szen","description":"","publisher":{"@id":"https:\/\/www.szen.fr\/massage\/#organization"},"potentialAction":[{"@type":"SearchAction","target":{"@type":"EntryPoint","urlTemplate":"https:\/\/www.szen.fr\/massage\/?s={search_term_string}"},"query-input":"required name=search_term_string"}],"inLanguage":"fr-FR"},{"@type":"Organization","@id":"https:\/\/www.szen.fr\/massage\/#organization","name":"Wiki Massage by Szen","url":"https:\/\/www.szen.fr\/massage\/","logo":{"@type":"ImageObject","inLanguage":"fr-FR","@id":"https:\/\/www.szen.fr\/massage\/#\/schema\/logo\/image\/","url":"https:\/\/www.szen.fr\/massage\/wp-content\/uploads\/2023\/12\/cropped-logo-wiki-massage.png","contentUrl":"https:\/\/www.szen.fr\/massage\/wp-content\/uploads\/2023\/12\/cropped-logo-wiki-massage.png","width":200,"height":89,"caption":"Wiki Massage by Szen"},"image":{"@id":"https:\/\/www.szen.fr\/massage\/#\/schema\/logo\/image\/"}}]}},"_links":{"self":[{"href":"https:\/\/www.szen.fr\/massage\/wp-json\/wp\/v2\/pages\/7612","targetHints":{"allow":["GET"]}}],"collection":[{"href":"https:\/\/www.szen.fr\/massage\/wp-json\/wp\/v2\/pages"}],"about":[{"href":"https:\/\/www.szen.fr\/massage\/wp-json\/wp\/v2\/types\/page"}],"author":[{"embeddable":true,"href":"https:\/\/www.szen.fr\/massage\/wp-json\/wp\/v2\/users\/1"}],"replies":[{"embeddable":true,"href":"https:\/\/www.szen.fr\/massage\/wp-json\/wp\/v2\/comments?post=7612"}],"version-history":[{"count":13,"href":"https:\/\/www.szen.fr\/massage\/wp-json\/wp\/v2\/pages\/7612\/revisions"}],"predecessor-version":[{"id":7829,"href":"https:\/\/www.szen.fr\/massage\/wp-json\/wp\/v2\/pages\/7612\/revisions\/7829"}],"wp:attachment":[{"href":"https:\/\/www.szen.fr\/massage\/wp-json\/wp\/v2\/media?parent=7612"}],"curies":[{"name":"wp","href":"https:\/\/api.w.org\/{rel}","templated":true}]}}