{"id":7600,"date":"2023-12-13T17:21:15","date_gmt":"2023-12-13T16:21:15","guid":{"rendered":"https:\/\/www.szen.fr\/massage\/?page_id=7600"},"modified":"2024-03-18T11:35:41","modified_gmt":"2024-03-18T10:35:41","slug":"le-bouddhisme-tantrique","status":"publish","type":"page","link":"https:\/\/www.szen.fr\/massage\/le-massage-tantrique\/le-bouddhisme-tantrique\/","title":{"rendered":"Le bouddhisme Tantrique"},"content":{"rendered":"\t\t<div data-elementor-type=\"wp-page\" data-elementor-id=\"7600\" class=\"elementor elementor-7600\" data-elementor-post-type=\"page\">\n\t\t\t\t\t\t\t<div class=\"elementor-element elementor-element-360632b e-flex e-con-boxed e-con e-parent\" data-id=\"360632b\" data-element_type=\"container\" data-settings=\"{&quot;content_width&quot;:&quot;boxed&quot;}\" data-core-v316-plus=\"true\">\n\t\t\t\t\t<div class=\"e-con-inner\">\n\t\t<div class=\"elementor-element elementor-element-ea0cf13 e-con-full e-flex e-con e-child\" data-id=\"ea0cf13\" data-element_type=\"container\" data-settings=\"{&quot;content_width&quot;:&quot;full&quot;}\">\n\t\t\t\t<div class=\"elementor-element elementor-element-d5f6a9b elementor-widget elementor-widget-breadcrumbs\" data-id=\"d5f6a9b\" data-element_type=\"widget\" data-widget_type=\"breadcrumbs.default\">\n\t\t\t\t<div class=\"elementor-widget-container\">\n\t\t\t<link rel=\"stylesheet\" href=\"https:\/\/www.szen.fr\/massage\/wp-content\/plugins\/elementor-pro\/assets\/css\/widget-theme-elements.min.css\"><p id=\"breadcrumbs\"><span><span><a href=\"https:\/\/www.szen.fr\/massage\/\">Accueil<\/a><\/span><\/span><\/p>\t\t<\/div>\n\t\t\t\t<\/div>\n\t\t\t\t<div class=\"elementor-element elementor-element-a5cc0cf elementor-widget elementor-widget-image\" data-id=\"a5cc0cf\" data-element_type=\"widget\" data-widget_type=\"image.default\">\n\t\t\t\t<div class=\"elementor-widget-container\">\n\t\t\t<style>\/*! elementor - v3.18.0 - 08-12-2023 *\/\n.elementor-widget-image{text-align:center}.elementor-widget-image a{display:inline-block}.elementor-widget-image a img[src$=\".svg\"]{width:48px}.elementor-widget-image img{vertical-align:middle;display:inline-block}<\/style>\t\t\t\t\t\t\t\t\t\t\t\t<img fetchpriority=\"high\" decoding=\"async\" width=\"1024\" height=\"512\" src=\"https:\/\/www.szen.fr\/massage\/wp-content\/uploads\/2021\/08\/h3-rev-img6-1024x512.jpg\" class=\"attachment-large size-large wp-image-6040\" alt=\"j\" srcset=\"https:\/\/www.szen.fr\/massage\/wp-content\/uploads\/2021\/08\/h3-rev-img6-1024x512.jpg 1024w, https:\/\/www.szen.fr\/massage\/wp-content\/uploads\/2021\/08\/h3-rev-img6-300x150.jpg 300w, https:\/\/www.szen.fr\/massage\/wp-content\/uploads\/2021\/08\/h3-rev-img6-768x384.jpg 768w, https:\/\/www.szen.fr\/massage\/wp-content\/uploads\/2021\/08\/h3-rev-img6-1536x768.jpg 1536w, https:\/\/www.szen.fr\/massage\/wp-content\/uploads\/2021\/08\/h3-rev-img6-1300x650.jpg 1300w, https:\/\/www.szen.fr\/massage\/wp-content\/uploads\/2021\/08\/h3-rev-img6.jpg 1680w\" sizes=\"(max-width: 1024px) 100vw, 1024px\" \/>\t\t\t\t\t\t\t\t\t\t\t\t\t\t\t<\/div>\n\t\t\t\t<\/div>\n\t\t\t\t<\/div>\n\t\t\t\t\t<\/div>\n\t\t\t\t<\/div>\n\t\t<div class=\"elementor-element elementor-element-38ac74f e-flex e-con-boxed e-con e-parent\" data-id=\"38ac74f\" data-element_type=\"container\" data-settings=\"{&quot;content_width&quot;:&quot;boxed&quot;}\" data-core-v316-plus=\"true\">\n\t\t\t\t\t<div class=\"e-con-inner\">\n\t\t<div class=\"elementor-element elementor-element-d5e1cba e-con-full e-flex e-con e-child\" data-id=\"d5e1cba\" data-element_type=\"container\" data-settings=\"{&quot;content_width&quot;:&quot;full&quot;}\">\n\t\t\t\t<div class=\"elementor-element elementor-element-5b85f3e elementor-widget elementor-widget-heading\" data-id=\"5b85f3e\" data-element_type=\"widget\" data-widget_type=\"heading.default\">\n\t\t\t\t<div class=\"elementor-widget-container\">\n\t\t\t<style>\/*! elementor - v3.18.0 - 08-12-2023 *\/\n.elementor-heading-title{padding:0;margin:0;line-height:1}.elementor-widget-heading .elementor-heading-title[class*=elementor-size-]>a{color:inherit;font-size:inherit;line-height:inherit}.elementor-widget-heading .elementor-heading-title.elementor-size-small{font-size:15px}.elementor-widget-heading .elementor-heading-title.elementor-size-medium{font-size:19px}.elementor-widget-heading .elementor-heading-title.elementor-size-large{font-size:29px}.elementor-widget-heading .elementor-heading-title.elementor-size-xl{font-size:39px}.elementor-widget-heading .elementor-heading-title.elementor-size-xxl{font-size:59px}<\/style><h1 class=\"elementor-heading-title elementor-size-default\">Le Bouddhisme tantrique<\/h1>\t\t<\/div>\n\t\t\t\t<\/div>\n\t\t\t\t<div class=\"elementor-element elementor-element-741e5cb elementor-icon-list--layout-traditional elementor-list-item-link-full_width elementor-widget elementor-widget-icon-list\" data-id=\"741e5cb\" data-element_type=\"widget\" data-widget_type=\"icon-list.default\">\n\t\t\t\t<div class=\"elementor-widget-container\">\n\t\t\t<link rel=\"stylesheet\" href=\"https:\/\/www.szen.fr\/massage\/wp-content\/plugins\/elementor\/assets\/css\/widget-icon-list.min.css\">\t\t<ul class=\"elementor-icon-list-items\">\n\t\t\t\t\t\t\t<li class=\"elementor-icon-list-item\">\n\t\t\t\t\t\t\t\t\t\t\t<a href=\"https:\/\/www.szen.fr\/massage\/le-massage-tantrique\/qu-est-ce-que-le-tantrisme\/\">\n\n\t\t\t\t\t\t\t\t\t\t\t<span class=\"elementor-icon-list-text\">Qu'est ce que le tantrisme ?<\/span>\n\t\t\t\t\t\t\t\t\t\t\t<\/a>\n\t\t\t\t\t\t\t\t\t<\/li>\n\t\t\t\t\t\t\t\t<li class=\"elementor-icon-list-item\">\n\t\t\t\t\t\t\t\t\t\t\t<a href=\"https:\/\/www.szen.fr\/massage\/le-massage-tantrique\/histoire-du-tantrisme\/\">\n\n\t\t\t\t\t\t\t\t\t\t\t<span class=\"elementor-icon-list-text\">Histoire du tantrisme<\/span>\n\t\t\t\t\t\t\t\t\t\t\t<\/a>\n\t\t\t\t\t\t\t\t\t<\/li>\n\t\t\t\t\t\t\t\t<li class=\"elementor-icon-list-item\">\n\t\t\t\t\t\t\t\t\t\t\t<a href=\"https:\/\/www.szen.fr\/massage\/le-massage-tantrique\/le-bouddhisme-tantrique\/\">\n\n\t\t\t\t\t\t\t\t\t\t\t<span class=\"elementor-icon-list-text\">Le Bouddhisme tantrique<\/span>\n\t\t\t\t\t\t\t\t\t\t\t<\/a>\n\t\t\t\t\t\t\t\t\t<\/li>\n\t\t\t\t\t\t\t\t<li class=\"elementor-icon-list-item\">\n\t\t\t\t\t\t\t\t\t\t\t<a href=\"https:\/\/www.szen.fr\/massage\/le-massage-tantrique\/les-sectes-tantriques\/\">\n\n\t\t\t\t\t\t\t\t\t\t\t<span class=\"elementor-icon-list-text\">Les Sectes Tantriques<\/span>\n\t\t\t\t\t\t\t\t\t\t\t<\/a>\n\t\t\t\t\t\t\t\t\t<\/li>\n\t\t\t\t\t\t\t\t<li class=\"elementor-icon-list-item\">\n\t\t\t\t\t\t\t\t\t\t\t<a href=\"https:\/\/www.szen.fr\/massage\/quels-sont-les-differents-type-de-massages-tantiques-a-paris\">\n\n\t\t\t\t\t\t\t\t\t\t\t<span class=\"elementor-icon-list-text\">Massages tantriques \u00e0 Paris<\/span>\n\t\t\t\t\t\t\t\t\t\t\t<\/a>\n\t\t\t\t\t\t\t\t\t<\/li>\n\t\t\t\t\t\t\t\t<li class=\"elementor-icon-list-item\">\n\t\t\t\t\t\t\t\t\t\t\t<a href=\"https:\/\/www.szen.fr\/massage\/le-massage-tantrique\/les-salons-de-massages-tantriques-a-paris\/\">\n\n\t\t\t\t\t\t\t\t\t\t\t<span class=\"elementor-icon-list-text\">Les salons de massages tantriques \u00e0 Paris<\/span>\n\t\t\t\t\t\t\t\t\t\t\t<\/a>\n\t\t\t\t\t\t\t\t\t<\/li>\n\t\t\t\t\t\t\t\t<li class=\"elementor-icon-list-item\">\n\t\t\t\t\t\t\t\t\t\t\t<a href=\"https:\/\/www.szen.fr\/massage\/le-massage-tantrique\/2-autres-massages-tantriques\/\">\n\n\t\t\t\t\t\t\t\t\t\t\t<span class=\"elementor-icon-list-text\">2 autres massages tantriques<\/span>\n\t\t\t\t\t\t\t\t\t\t\t<\/a>\n\t\t\t\t\t\t\t\t\t<\/li>\n\t\t\t\t\t\t<\/ul>\n\t\t\t\t<\/div>\n\t\t\t\t<\/div>\n\t\t\t\t<\/div>\n\t\t<div class=\"elementor-element elementor-element-f292363 e-con-full e-flex e-con e-child\" data-id=\"f292363\" data-element_type=\"container\" data-settings=\"{&quot;content_width&quot;:&quot;full&quot;}\">\n\t\t\t\t<div class=\"elementor-element elementor-element-962a94a elementor-widget elementor-widget-text-editor\" data-id=\"962a94a\" data-element_type=\"widget\" data-widget_type=\"text-editor.default\">\n\t\t\t\t<div class=\"elementor-widget-container\">\n\t\t\t<style>\/*! elementor - v3.18.0 - 08-12-2023 *\/\n.elementor-widget-text-editor.elementor-drop-cap-view-stacked .elementor-drop-cap{background-color:#69727d;color:#fff}.elementor-widget-text-editor.elementor-drop-cap-view-framed .elementor-drop-cap{color:#69727d;border:3px solid;background-color:transparent}.elementor-widget-text-editor:not(.elementor-drop-cap-view-default) .elementor-drop-cap{margin-top:8px}.elementor-widget-text-editor:not(.elementor-drop-cap-view-default) .elementor-drop-cap-letter{width:1em;height:1em}.elementor-widget-text-editor .elementor-drop-cap{float:left;text-align:center;line-height:1;font-size:50px}.elementor-widget-text-editor .elementor-drop-cap-letter{display:inline-block}<\/style>\t\t\t\tLes Tantras sont originaires d\u2019Inde. Mais, cette doctrine et ses principes se sont rependus \u00e0 de nombreux pays d\u2019Asie. De cette fa\u00e7on, plusieurs branches du tantrisme ont vu le jour et sont d\u00e9sormais pratiqu\u00e9es \u00e0 travers le monde. Le bouddhisme tantrique est l\u2019une de ces variantes. De nos jours, il se trouve principalement au Bhoutan, au N\u00e9pal, au Tibet, en Mongolie ainsi qu\u2019au Japon. Nous vous invitons \u00e0 lire notre article pour en savoir plus sur le bouddhisme tantrique.\n<h2>Les origines du bouddhisme tantrique<\/h2>\nLes tantras \u00e9taient \u00e0 la base des enseignements originaires de la culture indienne transmis de ma\u00eetre \u00e0 disciple. Ils ont commenc\u00e9 \u00e0 \u00eatre diffus\u00e9s de mani\u00e8re plus collective \u00e0 partir du Ve si\u00e8cle. Entre le VIIIe si\u00e8cle et le XIXe si\u00e8cle, ces textes parviennent au Tibet. C\u2019est \u00e0 ce moment-l\u00e0 que les tantras deviennent les fondements du bouddhisme tantrique, ou Vajrayana. Ce terme sanskrit signifie \u00ab\u2009v\u00e9hicule du diamant\u2009\u00bb. En effet, ses pratiquants le d\u00e9crivent comme un mouvement indestructible, brillant dont le but est de d\u00e9molir l\u2019ignorance. Il est souvent d\u00e9peint tel un moyen rapide d\u2019atteindre l\u2019\u00c9veil en une seule vie.\n<h2>Les fondements et principes du bouddhisme tantrique<\/h2>\nLe bouddhisme tantrique se base sur la m\u00eame philosophie que le bouddhisme mahayana. Il est vrai qu\u2019il consid\u00e8re le monde d\u2019une fa\u00e7on tr\u00e8s particuli\u00e8re. En effet, pour les Tantras, tout n\u2019est que vacuit\u00e9 et illusion. Les ph\u00e9nom\u00e8nes n\u2019existent qu\u2019en interd\u00e9pendance et ne poss\u00e8dent pas de pr\u00e9sence ind\u00e9pendante. Ils aveuglent les hommes par leur apparence qui n\u2019est en fait qu\u2019une r\u00e9alit\u00e9 relative. Alors la personne ignorante per\u00e7oit cela comme l\u2019unique v\u00e9rit\u00e9 et vit dans un univers chim\u00e9rique lui cr\u00e9ant de la souffrance. Avec les Tantras, l\u2019\u00eatre humain discerne ce sens cach\u00e9 et obtient la compr\u00e9hension de ce vide. La Vajrayana consid\u00e8re \u00e9galement la compassion au sens \u00e9thique du terme. Autrement dit, l\u2019homme doit ressentir de l\u2019empathie pour les autres et croire \u00e0 la possibilit\u00e9 de les aider. De plus, l\u2019un des principes fondamentaux du bouddhisme tantrique est la connaissance de la nature de Bouddha. En effet, ce dernier se trouve en chacun des \u00eatres humains et repr\u00e9sente une essence \u00e9veill\u00e9e en nous-m\u00eames. En d\u00e9veloppant cette nature de Bouddha situ\u00e9 en chaque individu, il est envisageable d\u2019atteindre l\u2019\u00e9tat de Bodhisattva. Ce terme d\u00e9signe celui qui a form\u00e9 le v\u0153u de suivre le chemin indiqu\u00e9 par le Bouddha Shakyamuni. Celui-ci \u00e9tablit des r\u00e8gles de disciplines visant \u00e0 aider les autres dans leur \u00e9veil par compassion et m\u00eame si cela doit retarder la lib\u00e9ration de soi.\n<h2>Diff\u00e9rence entre le bouddhisme tantrique et l\u2019hindouisme tantrique<\/h2>\nLe bouddhisme tantrique et l\u2019hindouisme tantrique se ressemblent d\u2019un point de vue superficiel. Cependant, au niveau de leur doctrine respective, ils sont relativement diff\u00e9rents. En effet, la doctrine hindoue est th\u00e9iste. Elle fait appel \u00e0 la fusion physique, spirituelle et mentale entre Shiva et shakti pour atteindre l\u2019\u00e9nergie supr\u00eame \u00e0 la conscience et \u00e0 la s\u00e9r\u00e9nit\u00e9. Mais, dans le bouddhisme tantrique, c\u2019est le principe des Bouddhas qui pr\u00e9domine, car il se trouve dans tous les \u00eatres. La notion de vacuit\u00e9 que le bouddhisme tantrique met en avant offre une nouvelle perception du monde \u00e0 ses pratiquants. Une fois que ces derniers comprennent le Bouddha situ\u00e9 en eux, ils peuvent emprunter le chemin menant \u00e0 l\u2019\u00c9veil en utilisant tous les \u00e9l\u00e9ments de leur existence.\n<h2>La pratique du bouddhisme tantrique<\/h2>\nLes techniques concernant la pratique du bouddhisme tantrique sont consid\u00e9r\u00e9es comme puissantes et dangereuses si elles ne sont pas r\u00e9alis\u00e9es de la bonne mani\u00e8re. C\u2019est pourquoi elles sont transmises au disciple par un ma\u00eetre. Alors, ce dernier d\u00e9cide lui-m\u00eame de ce qu\u2019il enseigne et \u00e0 quel moment. L\u2019approche la plus courante est l\u2019identification \u00e0 une d\u00e9it\u00e9 afin de d\u00e9velopper la nature de Bouddha situ\u00e9 en chaque \u00eatre. Pour cela, il est n\u00e9cessaire de visualiser la d\u00e9it\u00e9 et son environnement \u00e0 l\u2019aide de support graphique tel que les mandalas ou les Yantra. Des r\u00e9citations de mantras et des gestes rituels sont \u00e9galement effectu\u00e9s avec des accessoires symboliques. Ces derniers sont :\n<ul>\n<li>Le vajra qui symbolise la compassion et la m\u00e9thode ; <\/li>\n<li>La cloche qui repr\u00e9sente la sagesse\u2009;<\/li>\n<li>Le tambour damaru\u2009;<\/li>\n<li>Le phurpa qui est une dague rituelle servant \u00e0 an\u00e9antir les obstacles.<\/li>\n<\/ul>\nCette identification \u00e0 une d\u00e9it\u00e9 permet l\u2019abandon des apparences et concepts \u00e9tablis.\n\nLe bouddhisme tantrique est un d\u00e9riv\u00e9 de l\u2019hindouisme tantrique. Ils trouvent ses origines dans les m\u00eames tantras, mais les appliquent de fa\u00e7on diff\u00e9rente. En effet, la pr\u00e9sence de Bouddha et la vacuit\u00e9 des ph\u00e9nom\u00e8nes sont propres au bouddhisme tantrique.\n\n\t\t\t\t\t\t<\/div>\n\t\t\t\t<\/div>\n\t\t\t\t<\/div>\n\t\t\t\t\t<\/div>\n\t\t\t\t<\/div>\n\t\t\t\t\t\t\t<\/div>\n\t\t","protected":false},"excerpt":{"rendered":"<p>Le Bouddhisme tantrique Qu&rsquo;est ce que le tantrisme ? Histoire du tantrisme Le Bouddhisme tantrique Les Sectes Tantriques Massages tantriques \u00e0 Paris Les salons de massages tantriques \u00e0 Paris 2 autres massages tantriques Les Tantras sont originaires d\u2019Inde. Mais, cette doctrine et ses principes se sont rependus \u00e0 de nombreux pays d\u2019Asie. De cette fa\u00e7on, [&hellip;]<\/p>\n","protected":false},"author":1,"featured_media":0,"parent":7505,"menu_order":2,"comment_status":"closed","ping_status":"closed","template":"page-full-width.php","meta":{"footnotes":""},"class_list":["post-7600","page","type-page","status-publish","hentry"],"yoast_head":"<!-- This site is optimized with the Yoast SEO Premium plugin v21.7 (Yoast SEO v21.7) - https:\/\/yoast.com\/wordpress\/plugins\/seo\/ -->\n<title>Le Bouddhisme Tantrique<\/title>\n<meta name=\"description\" content=\"Les tantras \u00e9taient \u00e0 la base des enseignements originaires de la culture indienne transmis de ma\u00eetre \u00e0 disciple.\" \/>\n<meta name=\"robots\" content=\"index, follow, max-snippet:-1, max-image-preview:large, max-video-preview:-1\" \/>\n<link rel=\"canonical\" href=\"https:\/\/www.szen.fr\/massage\/le-massage-tantrique\/le-bouddhisme-tantrique\/\" \/>\n<meta property=\"og:locale\" content=\"fr_FR\" \/>\n<meta property=\"og:type\" content=\"article\" \/>\n<meta property=\"og:title\" content=\"Le bouddhisme Tantrique\" \/>\n<meta property=\"og:description\" content=\"Les tantras \u00e9taient \u00e0 la base des enseignements originaires de la culture indienne transmis de ma\u00eetre \u00e0 disciple.\" \/>\n<meta property=\"og:url\" content=\"https:\/\/www.szen.fr\/massage\/le-massage-tantrique\/le-bouddhisme-tantrique\/\" \/>\n<meta property=\"og:site_name\" content=\"Wiki Massage by Szen\" \/>\n<meta property=\"article:modified_time\" content=\"2024-03-18T10:35:41+00:00\" \/>\n<meta property=\"og:image\" content=\"https:\/\/www.szen.fr\/massage\/wp-content\/uploads\/2021\/08\/h3-rev-img6-1024x512.jpg\" \/>\n<meta name=\"twitter:card\" content=\"summary_large_image\" \/>\n<meta name=\"twitter:label1\" content=\"Dur\u00e9e de lecture estim\u00e9e\" \/>\n\t<meta name=\"twitter:data1\" content=\"5 minutes\" \/>\n<script type=\"application\/ld+json\" class=\"yoast-schema-graph\">{\"@context\":\"https:\/\/schema.org\",\"@graph\":[{\"@type\":\"WebPage\",\"@id\":\"https:\/\/www.szen.fr\/massage\/le-massage-tantrique\/le-bouddhisme-tantrique\/\",\"url\":\"https:\/\/www.szen.fr\/massage\/le-massage-tantrique\/le-bouddhisme-tantrique\/\",\"name\":\"Le Bouddhisme Tantrique\",\"isPartOf\":{\"@id\":\"https:\/\/www.szen.fr\/massage\/#website\"},\"datePublished\":\"2023-12-13T16:21:15+00:00\",\"dateModified\":\"2024-03-18T10:35:41+00:00\",\"description\":\"Les tantras \u00e9taient \u00e0 la base des enseignements originaires de la culture indienne transmis de ma\u00eetre \u00e0 disciple.\",\"breadcrumb\":{\"@id\":\"https:\/\/www.szen.fr\/massage\/le-massage-tantrique\/le-bouddhisme-tantrique\/#breadcrumb\"},\"inLanguage\":\"fr-FR\",\"potentialAction\":[{\"@type\":\"ReadAction\",\"target\":[\"https:\/\/www.szen.fr\/massage\/le-massage-tantrique\/le-bouddhisme-tantrique\/\"]}]},{\"@type\":\"BreadcrumbList\",\"@id\":\"https:\/\/www.szen.fr\/massage\/le-massage-tantrique\/le-bouddhisme-tantrique\/#breadcrumb\",\"itemListElement\":[{\"@type\":\"ListItem\",\"position\":1,\"name\":\"Accueil\",\"item\":\"https:\/\/www.szen.fr\/massage\/\"},{\"@type\":\"ListItem\",\"position\":2,\"name\":\"Le massage Tantrique\",\"item\":\"https:\/\/www.szen.fr\/massage\/le-massage-tantrique\/\"},{\"@type\":\"ListItem\",\"position\":3,\"name\":\"Le bouddhisme Tantrique\"}]},{\"@type\":\"WebSite\",\"@id\":\"https:\/\/www.szen.fr\/massage\/#website\",\"url\":\"https:\/\/www.szen.fr\/massage\/\",\"name\":\"Wiki Massage by Szen\",\"description\":\"\",\"publisher\":{\"@id\":\"https:\/\/www.szen.fr\/massage\/#organization\"},\"potentialAction\":[{\"@type\":\"SearchAction\",\"target\":{\"@type\":\"EntryPoint\",\"urlTemplate\":\"https:\/\/www.szen.fr\/massage\/?s={search_term_string}\"},\"query-input\":\"required name=search_term_string\"}],\"inLanguage\":\"fr-FR\"},{\"@type\":\"Organization\",\"@id\":\"https:\/\/www.szen.fr\/massage\/#organization\",\"name\":\"Wiki Massage by Szen\",\"url\":\"https:\/\/www.szen.fr\/massage\/\",\"logo\":{\"@type\":\"ImageObject\",\"inLanguage\":\"fr-FR\",\"@id\":\"https:\/\/www.szen.fr\/massage\/#\/schema\/logo\/image\/\",\"url\":\"https:\/\/www.szen.fr\/massage\/wp-content\/uploads\/2023\/12\/cropped-logo-wiki-massage.png\",\"contentUrl\":\"https:\/\/www.szen.fr\/massage\/wp-content\/uploads\/2023\/12\/cropped-logo-wiki-massage.png\",\"width\":200,\"height\":89,\"caption\":\"Wiki Massage by Szen\"},\"image\":{\"@id\":\"https:\/\/www.szen.fr\/massage\/#\/schema\/logo\/image\/\"}}]}<\/script>\n<!-- \/ Yoast SEO Premium plugin. -->","yoast_head_json":{"title":"Le Bouddhisme Tantrique","description":"Les tantras \u00e9taient \u00e0 la base des enseignements originaires de la culture indienne transmis de ma\u00eetre \u00e0 disciple.","robots":{"index":"index","follow":"follow","max-snippet":"max-snippet:-1","max-image-preview":"max-image-preview:large","max-video-preview":"max-video-preview:-1"},"canonical":"https:\/\/www.szen.fr\/massage\/le-massage-tantrique\/le-bouddhisme-tantrique\/","og_locale":"fr_FR","og_type":"article","og_title":"Le bouddhisme Tantrique","og_description":"Les tantras \u00e9taient \u00e0 la base des enseignements originaires de la culture indienne transmis de ma\u00eetre \u00e0 disciple.","og_url":"https:\/\/www.szen.fr\/massage\/le-massage-tantrique\/le-bouddhisme-tantrique\/","og_site_name":"Wiki Massage by Szen","article_modified_time":"2024-03-18T10:35:41+00:00","og_image":[{"url":"https:\/\/www.szen.fr\/massage\/wp-content\/uploads\/2021\/08\/h3-rev-img6-1024x512.jpg"}],"twitter_card":"summary_large_image","twitter_misc":{"Dur\u00e9e de lecture estim\u00e9e":"5 minutes"},"schema":{"@context":"https:\/\/schema.org","@graph":[{"@type":"WebPage","@id":"https:\/\/www.szen.fr\/massage\/le-massage-tantrique\/le-bouddhisme-tantrique\/","url":"https:\/\/www.szen.fr\/massage\/le-massage-tantrique\/le-bouddhisme-tantrique\/","name":"Le Bouddhisme Tantrique","isPartOf":{"@id":"https:\/\/www.szen.fr\/massage\/#website"},"datePublished":"2023-12-13T16:21:15+00:00","dateModified":"2024-03-18T10:35:41+00:00","description":"Les tantras \u00e9taient \u00e0 la base des enseignements originaires de la culture indienne transmis de ma\u00eetre \u00e0 disciple.","breadcrumb":{"@id":"https:\/\/www.szen.fr\/massage\/le-massage-tantrique\/le-bouddhisme-tantrique\/#breadcrumb"},"inLanguage":"fr-FR","potentialAction":[{"@type":"ReadAction","target":["https:\/\/www.szen.fr\/massage\/le-massage-tantrique\/le-bouddhisme-tantrique\/"]}]},{"@type":"BreadcrumbList","@id":"https:\/\/www.szen.fr\/massage\/le-massage-tantrique\/le-bouddhisme-tantrique\/#breadcrumb","itemListElement":[{"@type":"ListItem","position":1,"name":"Accueil","item":"https:\/\/www.szen.fr\/massage\/"},{"@type":"ListItem","position":2,"name":"Le massage Tantrique","item":"https:\/\/www.szen.fr\/massage\/le-massage-tantrique\/"},{"@type":"ListItem","position":3,"name":"Le bouddhisme Tantrique"}]},{"@type":"WebSite","@id":"https:\/\/www.szen.fr\/massage\/#website","url":"https:\/\/www.szen.fr\/massage\/","name":"Wiki Massage by Szen","description":"","publisher":{"@id":"https:\/\/www.szen.fr\/massage\/#organization"},"potentialAction":[{"@type":"SearchAction","target":{"@type":"EntryPoint","urlTemplate":"https:\/\/www.szen.fr\/massage\/?s={search_term_string}"},"query-input":"required name=search_term_string"}],"inLanguage":"fr-FR"},{"@type":"Organization","@id":"https:\/\/www.szen.fr\/massage\/#organization","name":"Wiki Massage by Szen","url":"https:\/\/www.szen.fr\/massage\/","logo":{"@type":"ImageObject","inLanguage":"fr-FR","@id":"https:\/\/www.szen.fr\/massage\/#\/schema\/logo\/image\/","url":"https:\/\/www.szen.fr\/massage\/wp-content\/uploads\/2023\/12\/cropped-logo-wiki-massage.png","contentUrl":"https:\/\/www.szen.fr\/massage\/wp-content\/uploads\/2023\/12\/cropped-logo-wiki-massage.png","width":200,"height":89,"caption":"Wiki Massage by Szen"},"image":{"@id":"https:\/\/www.szen.fr\/massage\/#\/schema\/logo\/image\/"}}]}},"_links":{"self":[{"href":"https:\/\/www.szen.fr\/massage\/wp-json\/wp\/v2\/pages\/7600","targetHints":{"allow":["GET"]}}],"collection":[{"href":"https:\/\/www.szen.fr\/massage\/wp-json\/wp\/v2\/pages"}],"about":[{"href":"https:\/\/www.szen.fr\/massage\/wp-json\/wp\/v2\/types\/page"}],"author":[{"embeddable":true,"href":"https:\/\/www.szen.fr\/massage\/wp-json\/wp\/v2\/users\/1"}],"replies":[{"embeddable":true,"href":"https:\/\/www.szen.fr\/massage\/wp-json\/wp\/v2\/comments?post=7600"}],"version-history":[{"count":28,"href":"https:\/\/www.szen.fr\/massage\/wp-json\/wp\/v2\/pages\/7600\/revisions"}],"predecessor-version":[{"id":8211,"href":"https:\/\/www.szen.fr\/massage\/wp-json\/wp\/v2\/pages\/7600\/revisions\/8211"}],"up":[{"embeddable":true,"href":"https:\/\/www.szen.fr\/massage\/wp-json\/wp\/v2\/pages\/7505"}],"wp:attachment":[{"href":"https:\/\/www.szen.fr\/massage\/wp-json\/wp\/v2\/media?parent=7600"}],"curies":[{"name":"wp","href":"https:\/\/api.w.org\/{rel}","templated":true}]}}