{"id":7532,"date":"2023-12-13T16:44:19","date_gmt":"2023-12-13T15:44:19","guid":{"rendered":"https:\/\/www.szen.fr\/massage\/?page_id=7532"},"modified":"2024-07-08T15:44:08","modified_gmt":"2024-07-08T13:44:08","slug":"histoire-du-tantrisme","status":"publish","type":"page","link":"https:\/\/www.szen.fr\/massage\/le-massage-tantrique\/histoire-du-tantrisme\/","title":{"rendered":"Histoire du Tantrisme"},"content":{"rendered":"\t\t<div data-elementor-type=\"wp-page\" data-elementor-id=\"7532\" class=\"elementor elementor-7532\" data-elementor-post-type=\"page\">\n\t\t\t\t\t\t\t<div class=\"elementor-element elementor-element-360632b e-flex e-con-boxed e-con e-parent\" data-id=\"360632b\" data-element_type=\"container\" data-settings=\"{&quot;content_width&quot;:&quot;boxed&quot;}\" data-core-v316-plus=\"true\">\n\t\t\t\t\t<div class=\"e-con-inner\">\n\t\t<div class=\"elementor-element elementor-element-ea0cf13 e-con-full e-flex e-con e-child\" data-id=\"ea0cf13\" data-element_type=\"container\" data-settings=\"{&quot;content_width&quot;:&quot;full&quot;}\">\n\t\t\t\t<div class=\"elementor-element elementor-element-96db258 elementor-widget elementor-widget-breadcrumbs\" data-id=\"96db258\" data-element_type=\"widget\" data-widget_type=\"breadcrumbs.default\">\n\t\t\t\t<div class=\"elementor-widget-container\">\n\t\t\t<link rel=\"stylesheet\" href=\"https:\/\/www.szen.fr\/massage\/wp-content\/plugins\/elementor-pro\/assets\/css\/widget-theme-elements.min.css\"><p id=\"breadcrumbs\"><span><span><a href=\"https:\/\/www.szen.fr\/massage\/\">Accueil<\/a><\/span><\/span><\/p>\t\t<\/div>\n\t\t\t\t<\/div>\n\t\t\t\t<div class=\"elementor-element elementor-element-a5cc0cf elementor-widget elementor-widget-image\" data-id=\"a5cc0cf\" data-element_type=\"widget\" data-widget_type=\"image.default\">\n\t\t\t\t<div class=\"elementor-widget-container\">\n\t\t\t<style>\/*! elementor - v3.18.0 - 08-12-2023 *\/\n.elementor-widget-image{text-align:center}.elementor-widget-image a{display:inline-block}.elementor-widget-image a img[src$=\".svg\"]{width:48px}.elementor-widget-image img{vertical-align:middle;display:inline-block}<\/style>\t\t\t\t\t\t\t\t\t\t\t\t<img fetchpriority=\"high\" decoding=\"async\" width=\"1024\" height=\"512\" src=\"https:\/\/www.szen.fr\/massage\/wp-content\/uploads\/2021\/08\/h3-rev-img6-1024x512.jpg\" class=\"attachment-large size-large wp-image-6040\" alt=\"j\" srcset=\"https:\/\/www.szen.fr\/massage\/wp-content\/uploads\/2021\/08\/h3-rev-img6-1024x512.jpg 1024w, https:\/\/www.szen.fr\/massage\/wp-content\/uploads\/2021\/08\/h3-rev-img6-300x150.jpg 300w, https:\/\/www.szen.fr\/massage\/wp-content\/uploads\/2021\/08\/h3-rev-img6-768x384.jpg 768w, https:\/\/www.szen.fr\/massage\/wp-content\/uploads\/2021\/08\/h3-rev-img6-1536x768.jpg 1536w, https:\/\/www.szen.fr\/massage\/wp-content\/uploads\/2021\/08\/h3-rev-img6-1300x650.jpg 1300w, https:\/\/www.szen.fr\/massage\/wp-content\/uploads\/2021\/08\/h3-rev-img6.jpg 1680w\" sizes=\"(max-width: 1024px) 100vw, 1024px\" \/>\t\t\t\t\t\t\t\t\t\t\t\t\t\t\t<\/div>\n\t\t\t\t<\/div>\n\t\t\t\t<\/div>\n\t\t\t\t\t<\/div>\n\t\t\t\t<\/div>\n\t\t<div class=\"elementor-element elementor-element-38ac74f e-flex e-con-boxed e-con e-parent\" data-id=\"38ac74f\" data-element_type=\"container\" data-settings=\"{&quot;content_width&quot;:&quot;boxed&quot;}\" data-core-v316-plus=\"true\">\n\t\t\t\t\t<div class=\"e-con-inner\">\n\t\t<div class=\"elementor-element elementor-element-d5e1cba e-con-full e-flex e-con e-child\" data-id=\"d5e1cba\" data-element_type=\"container\" data-settings=\"{&quot;content_width&quot;:&quot;full&quot;}\">\n\t\t\t\t<div class=\"elementor-element elementor-element-5b85f3e elementor-widget elementor-widget-heading\" data-id=\"5b85f3e\" data-element_type=\"widget\" data-widget_type=\"heading.default\">\n\t\t\t\t<div class=\"elementor-widget-container\">\n\t\t\t<style>\/*! elementor - v3.18.0 - 08-12-2023 *\/\n.elementor-heading-title{padding:0;margin:0;line-height:1}.elementor-widget-heading .elementor-heading-title[class*=elementor-size-]>a{color:inherit;font-size:inherit;line-height:inherit}.elementor-widget-heading .elementor-heading-title.elementor-size-small{font-size:15px}.elementor-widget-heading .elementor-heading-title.elementor-size-medium{font-size:19px}.elementor-widget-heading .elementor-heading-title.elementor-size-large{font-size:29px}.elementor-widget-heading .elementor-heading-title.elementor-size-xl{font-size:39px}.elementor-widget-heading .elementor-heading-title.elementor-size-xxl{font-size:59px}<\/style><h1 class=\"elementor-heading-title elementor-size-default\">Histoire du tantrisme<\/h1>\t\t<\/div>\n\t\t\t\t<\/div>\n\t\t\t\t<div class=\"elementor-element elementor-element-0797f9c elementor-icon-list--layout-traditional elementor-list-item-link-full_width elementor-widget elementor-widget-icon-list\" data-id=\"0797f9c\" data-element_type=\"widget\" data-widget_type=\"icon-list.default\">\n\t\t\t\t<div class=\"elementor-widget-container\">\n\t\t\t<link rel=\"stylesheet\" href=\"https:\/\/www.szen.fr\/massage\/wp-content\/plugins\/elementor\/assets\/css\/widget-icon-list.min.css\">\t\t<ul class=\"elementor-icon-list-items\">\n\t\t\t\t\t\t\t<li class=\"elementor-icon-list-item\">\n\t\t\t\t\t\t\t\t\t\t\t<a href=\"https:\/\/www.szen.fr\/massage\/le-massage-tantrique\/qu-est-ce-que-le-tantrisme\/\">\n\n\t\t\t\t\t\t\t\t\t\t\t<span class=\"elementor-icon-list-text\">Qu'est ce que le tantrisme ?<\/span>\n\t\t\t\t\t\t\t\t\t\t\t<\/a>\n\t\t\t\t\t\t\t\t\t<\/li>\n\t\t\t\t\t\t\t\t<li class=\"elementor-icon-list-item\">\n\t\t\t\t\t\t\t\t\t\t\t<a href=\"https:\/\/www.szen.fr\/massage\/le-massage-tantrique\/histoire-du-tantrisme\/\">\n\n\t\t\t\t\t\t\t\t\t\t\t<span class=\"elementor-icon-list-text\">Histoire du tantrisme<\/span>\n\t\t\t\t\t\t\t\t\t\t\t<\/a>\n\t\t\t\t\t\t\t\t\t<\/li>\n\t\t\t\t\t\t\t\t<li class=\"elementor-icon-list-item\">\n\t\t\t\t\t\t\t\t\t\t\t<a href=\"https:\/\/www.szen.fr\/massage\/le-massage-tantrique\/le-bouddhisme-tantrique\/\">\n\n\t\t\t\t\t\t\t\t\t\t\t<span class=\"elementor-icon-list-text\">Le Bouddhisme tantrique<\/span>\n\t\t\t\t\t\t\t\t\t\t\t<\/a>\n\t\t\t\t\t\t\t\t\t<\/li>\n\t\t\t\t\t\t\t\t<li class=\"elementor-icon-list-item\">\n\t\t\t\t\t\t\t\t\t\t\t<a href=\"https:\/\/www.szen.fr\/massage\/le-massage-tantrique\/les-sectes-tantriques\/\">\n\n\t\t\t\t\t\t\t\t\t\t\t<span class=\"elementor-icon-list-text\">Les Sectes Tantriques<\/span>\n\t\t\t\t\t\t\t\t\t\t\t<\/a>\n\t\t\t\t\t\t\t\t\t<\/li>\n\t\t\t\t\t\t\t\t<li class=\"elementor-icon-list-item\">\n\t\t\t\t\t\t\t\t\t\t\t<a href=\"https:\/\/www.szen.fr\/massage\/quels-sont-les-differents-type-de-massages-tantiques-a-paris\">\n\n\t\t\t\t\t\t\t\t\t\t\t<span class=\"elementor-icon-list-text\">Massages tantriques \u00e0 Paris<\/span>\n\t\t\t\t\t\t\t\t\t\t\t<\/a>\n\t\t\t\t\t\t\t\t\t<\/li>\n\t\t\t\t\t\t\t\t<li class=\"elementor-icon-list-item\">\n\t\t\t\t\t\t\t\t\t\t\t<a href=\"https:\/\/www.szen.fr\/massage\/le-massage-tantrique\/les-salons-de-massages-tantriques-a-paris\/\">\n\n\t\t\t\t\t\t\t\t\t\t\t<span class=\"elementor-icon-list-text\">Les salons de massages tantriques \u00e0 Paris<\/span>\n\t\t\t\t\t\t\t\t\t\t\t<\/a>\n\t\t\t\t\t\t\t\t\t<\/li>\n\t\t\t\t\t\t\t\t<li class=\"elementor-icon-list-item\">\n\t\t\t\t\t\t\t\t\t\t\t<a href=\"https:\/\/www.szen.fr\/massage\/le-massage-tantrique\/2-autres-massages-tantriques\/\">\n\n\t\t\t\t\t\t\t\t\t\t\t<span class=\"elementor-icon-list-text\">2 autres massages tantriques<\/span>\n\t\t\t\t\t\t\t\t\t\t\t<\/a>\n\t\t\t\t\t\t\t\t\t<\/li>\n\t\t\t\t\t\t<\/ul>\n\t\t\t\t<\/div>\n\t\t\t\t<\/div>\n\t\t\t\t<\/div>\n\t\t<div class=\"elementor-element elementor-element-f292363 e-con-full e-flex e-con e-child\" data-id=\"f292363\" data-element_type=\"container\" data-settings=\"{&quot;content_width&quot;:&quot;full&quot;}\">\n\t\t\t\t<div class=\"elementor-element elementor-element-962a94a elementor-widget elementor-widget-text-editor\" data-id=\"962a94a\" data-element_type=\"widget\" data-widget_type=\"text-editor.default\">\n\t\t\t\t<div class=\"elementor-widget-container\">\n\t\t\t<style>\/*! elementor - v3.18.0 - 08-12-2023 *\/\n.elementor-widget-text-editor.elementor-drop-cap-view-stacked .elementor-drop-cap{background-color:#69727d;color:#fff}.elementor-widget-text-editor.elementor-drop-cap-view-framed .elementor-drop-cap{color:#69727d;border:3px solid;background-color:transparent}.elementor-widget-text-editor:not(.elementor-drop-cap-view-default) .elementor-drop-cap{margin-top:8px}.elementor-widget-text-editor:not(.elementor-drop-cap-view-default) .elementor-drop-cap-letter{width:1em;height:1em}.elementor-widget-text-editor .elementor-drop-cap{float:left;text-align:center;line-height:1;font-size:50px}.elementor-widget-text-editor .elementor-drop-cap-letter{display:inline-block}<\/style>\t\t\t\tPour comprendre le tantrisme dans sa totalit\u00e9, il est important de se pencher sur son histoire. En effet, cela permet d\u2019appr\u00e9hender les origines de cette doctrine ainsi que les principes qu\u2019elle pr\u00f4ne.<br \/>\n<h2>Les origines du tantrisme<\/h2>Il est difficile de dater pr\u00e9cis\u00e9ment les origines du tantra. On sait qu\u2019il a pris son essor il y a environ 4000 ans dans la vall\u00e9e de l\u2019Indus et qu\u2019il est tr\u00e8s r\u00e9pandu en Inde, en Chine et au Tibet. On constate qu\u2019avant l\u2019invention de l\u2019\u00e9criture, cette pratique \u00e9tait principalement transmise de mani\u00e8re orale. Mais, les historiens ont d\u00e9couvert des textes anciens provenant du IVe et VIe si\u00e8cle avant J-C. Plusieurs centaines de recueils ont ainsi \u00e9t\u00e9 r\u00e9cup\u00e9r\u00e9s parmi lesquels se trouve le Vijnana-Bhairava Tantra.\n\nCe texte fondateur r\u00e9dig\u00e9 au d\u00e9but de l\u2019\u00e8re chr\u00e9tienne d\u00e9voile de multiples techniques d\u2019\u00e9veil spirituel. Pour cela, il utilise toutes les sortes d\u2019\u00e9motions, de sensations et de pens\u00e9es qu\u2019un individu peut ressentir au quotidien. Gr\u00e2ce \u00e0 ces recherches, on estime que le berceau du tantrisme se situe au nord de Karachi dans l\u2019actuel Pakistan et au nord-ouest de Delhi o\u00f9 se trouvent des vestiges de civilisations tantriques Lothal pr\u00e8s de Bombay \u00e9tait une ville portuaire qui commer\u00e7ait alors avec Chypre, la Syrie ou bien l\u2019\u00c9gypte.\n\nC\u2019est \u00e0 cet endroit que les arch\u00e9ologues d\u00e9couvrent des traces de culte tantrique. Ainsi, m\u00eame s\u2019il est difficile de dater pr\u00e9cis\u00e9ment les origines du tantrisme, il est certain qu\u2019il puise ses sources en Inde et dans la religion hindouiste.\n<h2>L\u2019id\u00e9ologie du tantrisme<\/h2>\nPour comprendre l\u2019id\u00e9ologie du tantrisme, il est indispensable de se pencher sur sa signification \u00e9tymologique ainsi que sur ces principes :\n<h3>\u00c9tymologie du terme Tantra<\/h3>\nLe mot \u00ab\u2009Tantra\u2009\u00bb est issu du sanskrit. Il se compose de deux syllabes ayant chacune une signification particuli\u00e8re du point de vue \u00e9tymologique :\n<ul>\n<li>La racine \u00ab\u2009Tan\u2009\u00bb : elle veut dire \u00ab\u2009fil\u2009\u00bb, \u00ab\u2009tissu\u2009\u00bb ou bien \u00ab\u2009trame\u2009\u00bb. On peut ainsi le d\u00e9finir comme une structure qui fixe les \u00e9l\u00e9ments qui le forment.<\/li>\n<li>Le suffixe \u00ab\u2009tra\u2009\u00bb : il d\u00e9signe l\u2019int\u00e9riorit\u00e9 qui cr\u00e9e des liens avec soi-m\u00eame, un autre ou bien avec l\u2019univers \u00e0 l\u2019aide des \u00e9nergies.\nLes textes que l\u2019on nomme les Tantras indiquent en fait les r\u00e8gles ou encore la doctrine autour des pratiques qui permettent aux individus d\u2019atteindre \u00ab\u2009la porte du ciel\u2009\u00bb avec la conscience \u00e9veill\u00e9e.<\/li>\n<\/ul>\n<h3>Les principes du tantrisme<\/h3>\nLe tantrisme est une philosophie et une qu\u00eate m\u00e9taphysique afin que l\u2019individu puisse atteindre l\u2019harmonie et l\u2019\u00e9veil. Selon cette doctrine, \u00e0 la base de l\u2019univers et donc dans chaque \u00eatre humain se trouvent le masculin et le f\u00e9minin. Ces deux formes d\u2019\u00e9nergies sont symbolis\u00e9es par :\n&#8211; Shiva est le dieu de la cr\u00e9ation. Il repr\u00e9sente la conscience absolue ainsi que la virilit\u00e9.\n&#8211; Shakti est la d\u00e9esse m\u00e8re. Elle repr\u00e9sente le principe f\u00e9minin par la cr\u00e9ation, la transformation et la fertilit\u00e9.\nCes deux principes se retrouvent en chaque individu. \u00c0 eux deux, ils forment l\u2019\u00eatre parfait \u00e0 la fois homme et femme, Yin et Yang ainsi que puissance et conscience. C\u2019est cette union qui permet l\u2019apparition de la vie et de la lumi\u00e8re.\n\nAinsi, le tantrisme consiste \u00e0 lib\u00e9rer l\u2019\u00e9nergie divine qui se trouve en chacun de nous. Celle-ci se nomme en sanskrit la kundalini. Elle se situe dans chaque corps au niveau du p\u00e9rin\u00e9e. Il est possible de l\u2019\u00e9veiller \u00e0 l\u2019aide d\u2019un processus de nature tantrique. Alors, elle se r\u00e9pand \u00e0 tout le corps ouvrant et harmonisant tous les chakra sur son passage. Son objectif est d\u2019aider la personne \u00e0 vivre en pleine conscience en liant son masculin et son f\u00e9minin afin qu\u2019elle arrive \u00e0 l\u2019\u00e9tat de bien-\u00eatre absolu.\n<h3>Le n\u00e9o-Tantra<\/h3>\nLes pratiques tantriques sont intimement li\u00e9es \u00e0 l\u2019hindouisme. La forme du Tantra telle qu\u2019elle est effectu\u00e9e en Inde ne correspond pas aux habitudes des autres cultures. On constate notamment que l\u2019occident a d\u00e9tourn\u00e9 le tantrisme hindouiste pour l\u2019adapter \u00e0 ses coutumes. Il est d\u00e9sormais l\u2019un des courants les plus dynamiques du Tantra. En effet, des chercheurs, des psychologues ainsi que des th\u00e9rapeutes se sont inspir\u00e9s des principes du tantrisme pour l\u2019accommoder \u00e0 l\u2019Occident. Dans le cas du n\u00e9o-tantra, l\u2019individu souhaite am\u00e9liorer sa vitalit\u00e9 et entrer en pleine conscience. Pour cela, il suit diff\u00e9rentes techniques de respirations, de m\u00e9ditations silencieuses et actives ou encore des rituels. Le n\u00e9o-Tantra r\u00e9pond \u00e0 des probl\u00e9matiques propres \u00e0 l\u2019ouest, car il permet avant tout de sortir des jugements, de l\u00e2cher prise sur son corps afin de s\u2019accepter enti\u00e8rement.\n\nLe tantrisme tire ses origines d\u2019Inde. M\u00eame si son commencement n\u2019est pas datable, on constate qu\u2019il existe toujours actuellement en Asie comme en Occident. Cependant, il n\u2019est pas pratiqu\u00e9 de fa\u00e7on similaire selon l\u2019endroit sur Terre ou l\u2019objectif d\u00e9sir\u00e9.\n\n\n\t\t\t\t\t\t<\/div>\n\t\t\t\t<\/div>\n\t\t\t\t<\/div>\n\t\t\t\t\t<\/div>\n\t\t\t\t<\/div>\n\t\t\t\t\t\t\t<\/div>\n\t\t","protected":false},"excerpt":{"rendered":"<p>Histoire du tantrisme Qu&rsquo;est ce que le tantrisme ? Histoire du tantrisme Le Bouddhisme tantrique Les Sectes Tantriques Massages tantriques \u00e0 Paris Les salons de massages tantriques \u00e0 Paris 2 autres massages tantriques Pour comprendre le tantrisme dans sa totalit\u00e9, il est important de se pencher sur son histoire. En effet, cela permet d\u2019appr\u00e9hender les [&hellip;]<\/p>\n","protected":false},"author":1,"featured_media":0,"parent":7505,"menu_order":2,"comment_status":"closed","ping_status":"closed","template":"page-full-width.php","meta":{"footnotes":""},"class_list":["post-7532","page","type-page","status-publish","hentry"],"yoast_head":"<!-- This site is optimized with the Yoast SEO Premium plugin v21.7 (Yoast SEO v21.7) - https:\/\/yoast.com\/wordpress\/plugins\/seo\/ -->\n<title>Les origines et l&#039;histoire du Tantrisme<\/title>\n<meta name=\"description\" content=\"Le massage tantrique est souvent consid\u00e9r\u00e9 comme une approche sexuelle d\u00e9viante pour une personne qui ne se base que sur les a priori.\" \/>\n<meta name=\"robots\" content=\"index, follow, max-snippet:-1, max-image-preview:large, max-video-preview:-1\" \/>\n<link rel=\"canonical\" href=\"https:\/\/www.szen.fr\/massage\/le-massage-tantrique\/histoire-du-tantrisme\/\" \/>\n<meta property=\"og:locale\" content=\"fr_FR\" \/>\n<meta property=\"og:type\" content=\"article\" \/>\n<meta property=\"og:title\" content=\"Histoire du Tantrisme\" \/>\n<meta property=\"og:description\" content=\"Le massage tantrique est souvent consid\u00e9r\u00e9 comme une approche sexuelle d\u00e9viante pour une personne qui ne se base que sur les a priori.\" \/>\n<meta property=\"og:url\" content=\"https:\/\/www.szen.fr\/massage\/le-massage-tantrique\/histoire-du-tantrisme\/\" \/>\n<meta property=\"og:site_name\" content=\"Wiki Massage by Szen\" \/>\n<meta property=\"article:modified_time\" content=\"2024-07-08T13:44:08+00:00\" \/>\n<meta property=\"og:image\" content=\"https:\/\/www.szen.fr\/massage\/wp-content\/uploads\/2021\/08\/h3-rev-img6-1024x512.jpg\" \/>\n<meta name=\"twitter:card\" content=\"summary_large_image\" \/>\n<meta name=\"twitter:label1\" content=\"Dur\u00e9e de lecture estim\u00e9e\" \/>\n\t<meta name=\"twitter:data1\" content=\"5 minutes\" \/>\n<script type=\"application\/ld+json\" class=\"yoast-schema-graph\">{\"@context\":\"https:\/\/schema.org\",\"@graph\":[{\"@type\":\"WebPage\",\"@id\":\"https:\/\/www.szen.fr\/massage\/le-massage-tantrique\/histoire-du-tantrisme\/\",\"url\":\"https:\/\/www.szen.fr\/massage\/le-massage-tantrique\/histoire-du-tantrisme\/\",\"name\":\"Les origines et l'histoire du Tantrisme\",\"isPartOf\":{\"@id\":\"https:\/\/www.szen.fr\/massage\/#website\"},\"datePublished\":\"2023-12-13T15:44:19+00:00\",\"dateModified\":\"2024-07-08T13:44:08+00:00\",\"description\":\"Le massage tantrique est souvent consid\u00e9r\u00e9 comme une approche sexuelle d\u00e9viante pour une personne qui ne se base que sur les a priori.\",\"breadcrumb\":{\"@id\":\"https:\/\/www.szen.fr\/massage\/le-massage-tantrique\/histoire-du-tantrisme\/#breadcrumb\"},\"inLanguage\":\"fr-FR\",\"potentialAction\":[{\"@type\":\"ReadAction\",\"target\":[\"https:\/\/www.szen.fr\/massage\/le-massage-tantrique\/histoire-du-tantrisme\/\"]}]},{\"@type\":\"BreadcrumbList\",\"@id\":\"https:\/\/www.szen.fr\/massage\/le-massage-tantrique\/histoire-du-tantrisme\/#breadcrumb\",\"itemListElement\":[{\"@type\":\"ListItem\",\"position\":1,\"name\":\"Accueil\",\"item\":\"https:\/\/www.szen.fr\/massage\/\"},{\"@type\":\"ListItem\",\"position\":2,\"name\":\"Le massage Tantrique\",\"item\":\"https:\/\/www.szen.fr\/massage\/le-massage-tantrique\/\"},{\"@type\":\"ListItem\",\"position\":3,\"name\":\"Histoire du Tantrisme\"}]},{\"@type\":\"WebSite\",\"@id\":\"https:\/\/www.szen.fr\/massage\/#website\",\"url\":\"https:\/\/www.szen.fr\/massage\/\",\"name\":\"Wiki Massage by Szen\",\"description\":\"\",\"publisher\":{\"@id\":\"https:\/\/www.szen.fr\/massage\/#organization\"},\"potentialAction\":[{\"@type\":\"SearchAction\",\"target\":{\"@type\":\"EntryPoint\",\"urlTemplate\":\"https:\/\/www.szen.fr\/massage\/?s={search_term_string}\"},\"query-input\":\"required name=search_term_string\"}],\"inLanguage\":\"fr-FR\"},{\"@type\":\"Organization\",\"@id\":\"https:\/\/www.szen.fr\/massage\/#organization\",\"name\":\"Wiki Massage by Szen\",\"url\":\"https:\/\/www.szen.fr\/massage\/\",\"logo\":{\"@type\":\"ImageObject\",\"inLanguage\":\"fr-FR\",\"@id\":\"https:\/\/www.szen.fr\/massage\/#\/schema\/logo\/image\/\",\"url\":\"https:\/\/www.szen.fr\/massage\/wp-content\/uploads\/2023\/12\/cropped-logo-wiki-massage.png\",\"contentUrl\":\"https:\/\/www.szen.fr\/massage\/wp-content\/uploads\/2023\/12\/cropped-logo-wiki-massage.png\",\"width\":200,\"height\":89,\"caption\":\"Wiki Massage by Szen\"},\"image\":{\"@id\":\"https:\/\/www.szen.fr\/massage\/#\/schema\/logo\/image\/\"}}]}<\/script>\n<!-- \/ Yoast SEO Premium plugin. -->","yoast_head_json":{"title":"Les origines et l'histoire du Tantrisme","description":"Le massage tantrique est souvent consid\u00e9r\u00e9 comme une approche sexuelle d\u00e9viante pour une personne qui ne se base que sur les a priori.","robots":{"index":"index","follow":"follow","max-snippet":"max-snippet:-1","max-image-preview":"max-image-preview:large","max-video-preview":"max-video-preview:-1"},"canonical":"https:\/\/www.szen.fr\/massage\/le-massage-tantrique\/histoire-du-tantrisme\/","og_locale":"fr_FR","og_type":"article","og_title":"Histoire du Tantrisme","og_description":"Le massage tantrique est souvent consid\u00e9r\u00e9 comme une approche sexuelle d\u00e9viante pour une personne qui ne se base que sur les a priori.","og_url":"https:\/\/www.szen.fr\/massage\/le-massage-tantrique\/histoire-du-tantrisme\/","og_site_name":"Wiki Massage by Szen","article_modified_time":"2024-07-08T13:44:08+00:00","og_image":[{"url":"https:\/\/www.szen.fr\/massage\/wp-content\/uploads\/2021\/08\/h3-rev-img6-1024x512.jpg"}],"twitter_card":"summary_large_image","twitter_misc":{"Dur\u00e9e de lecture estim\u00e9e":"5 minutes"},"schema":{"@context":"https:\/\/schema.org","@graph":[{"@type":"WebPage","@id":"https:\/\/www.szen.fr\/massage\/le-massage-tantrique\/histoire-du-tantrisme\/","url":"https:\/\/www.szen.fr\/massage\/le-massage-tantrique\/histoire-du-tantrisme\/","name":"Les origines et l'histoire du Tantrisme","isPartOf":{"@id":"https:\/\/www.szen.fr\/massage\/#website"},"datePublished":"2023-12-13T15:44:19+00:00","dateModified":"2024-07-08T13:44:08+00:00","description":"Le massage tantrique est souvent consid\u00e9r\u00e9 comme une approche sexuelle d\u00e9viante pour une personne qui ne se base que sur les a priori.","breadcrumb":{"@id":"https:\/\/www.szen.fr\/massage\/le-massage-tantrique\/histoire-du-tantrisme\/#breadcrumb"},"inLanguage":"fr-FR","potentialAction":[{"@type":"ReadAction","target":["https:\/\/www.szen.fr\/massage\/le-massage-tantrique\/histoire-du-tantrisme\/"]}]},{"@type":"BreadcrumbList","@id":"https:\/\/www.szen.fr\/massage\/le-massage-tantrique\/histoire-du-tantrisme\/#breadcrumb","itemListElement":[{"@type":"ListItem","position":1,"name":"Accueil","item":"https:\/\/www.szen.fr\/massage\/"},{"@type":"ListItem","position":2,"name":"Le massage Tantrique","item":"https:\/\/www.szen.fr\/massage\/le-massage-tantrique\/"},{"@type":"ListItem","position":3,"name":"Histoire du Tantrisme"}]},{"@type":"WebSite","@id":"https:\/\/www.szen.fr\/massage\/#website","url":"https:\/\/www.szen.fr\/massage\/","name":"Wiki Massage by Szen","description":"","publisher":{"@id":"https:\/\/www.szen.fr\/massage\/#organization"},"potentialAction":[{"@type":"SearchAction","target":{"@type":"EntryPoint","urlTemplate":"https:\/\/www.szen.fr\/massage\/?s={search_term_string}"},"query-input":"required name=search_term_string"}],"inLanguage":"fr-FR"},{"@type":"Organization","@id":"https:\/\/www.szen.fr\/massage\/#organization","name":"Wiki Massage by Szen","url":"https:\/\/www.szen.fr\/massage\/","logo":{"@type":"ImageObject","inLanguage":"fr-FR","@id":"https:\/\/www.szen.fr\/massage\/#\/schema\/logo\/image\/","url":"https:\/\/www.szen.fr\/massage\/wp-content\/uploads\/2023\/12\/cropped-logo-wiki-massage.png","contentUrl":"https:\/\/www.szen.fr\/massage\/wp-content\/uploads\/2023\/12\/cropped-logo-wiki-massage.png","width":200,"height":89,"caption":"Wiki Massage by Szen"},"image":{"@id":"https:\/\/www.szen.fr\/massage\/#\/schema\/logo\/image\/"}}]}},"_links":{"self":[{"href":"https:\/\/www.szen.fr\/massage\/wp-json\/wp\/v2\/pages\/7532","targetHints":{"allow":["GET"]}}],"collection":[{"href":"https:\/\/www.szen.fr\/massage\/wp-json\/wp\/v2\/pages"}],"about":[{"href":"https:\/\/www.szen.fr\/massage\/wp-json\/wp\/v2\/types\/page"}],"author":[{"embeddable":true,"href":"https:\/\/www.szen.fr\/massage\/wp-json\/wp\/v2\/users\/1"}],"replies":[{"embeddable":true,"href":"https:\/\/www.szen.fr\/massage\/wp-json\/wp\/v2\/comments?post=7532"}],"version-history":[{"count":28,"href":"https:\/\/www.szen.fr\/massage\/wp-json\/wp\/v2\/pages\/7532\/revisions"}],"predecessor-version":[{"id":8208,"href":"https:\/\/www.szen.fr\/massage\/wp-json\/wp\/v2\/pages\/7532\/revisions\/8208"}],"up":[{"embeddable":true,"href":"https:\/\/www.szen.fr\/massage\/wp-json\/wp\/v2\/pages\/7505"}],"wp:attachment":[{"href":"https:\/\/www.szen.fr\/massage\/wp-json\/wp\/v2\/media?parent=7532"}],"curies":[{"name":"wp","href":"https:\/\/api.w.org\/{rel}","templated":true}]}}